{"id":9791,"date":"2017-05-02T10:28:57","date_gmt":"2017-05-02T13:28:57","guid":{"rendered":"http:\/\/www.fumssar.com.br\/?page_id=9791"},"modified":"2017-05-02T10:48:09","modified_gmt":"2017-05-02T13:48:09","slug":"publicacoes-legais-licitacoes-licitacon","status":"publish","type":"page","link":"https:\/\/www.fumssar.com.br\/?page_id=9791","title":{"rendered":"Publica\u00e7\u00f5es Legais > Licita\u00e7\u00f5es > Licitacon"},"content":{"rendered":"<p><font color=\"black\"><\/p>\n<h4>Consulte as Licita\u00e7\u00f5es e Contratos clicando no bot\u00e3o abaixo:<\/h4>\n<p><a href=\"http:\/\/www1.tce.rs.gov.br\/aplicprod\/f?p=50500:4:::NO::F50500_CD_ORGAO:57203&amp;cs=1M9ykScz_huJAEWo9dksICJTzT7o\" target=\"_blank\"><img decoding=\"async\" alt=\"\" src=\"http:\/\/www.fumssar.com.br\/wp-content\/uploads\/2017\/04\/botao-gadget-licitacon.jpg\" \/><\/a><\/p>\n<p>&nbsp;<\/p>\n<p>&nbsp;<\/p>\n<p>&nbsp;<\/p>\n<p>&nbsp;<\/p>\n<p>&nbsp;<\/p>\n<p><a href=\"http:\/\/www1.tce.rs.gov.br\/portal\/page\/portal\/tcers\/jurisdicionados\/sistemas_controle_externo\/licitacon\/apresentacao\" target=\"_blank\">Saiba o que \u00e9 o LICITACON &#8211; Sistema de Licita\u00e7\u00f5es e Contratos &#8211; TCE-RS<\/a><\/p>\n<p><font color=\"black\"><\/p>\n","protected":false},"excerpt":{"rendered":"<p>Consulte as Licita\u00e7\u00f5es e Contratos clicando no bot\u00e3o abaixo: &nbsp; &nbsp; &nbsp; &nbsp; &nbsp; Saiba&#8230;<\/p>\n","protected":false},"author":16,"featured_media":0,"parent":238,"menu_order":0,"comment_status":"closed","ping_status":"open","template":"","meta":{"footnotes":""},"_links":{"self":[{"href":"https:\/\/www.fumssar.com.br\/index.php?rest_route=\/wp\/v2\/pages\/9791"}],"collection":[{"href":"https:\/\/www.fumssar.com.br\/index.php?rest_route=\/wp\/v2\/pages"}],"about":[{"href":"https:\/\/www.fumssar.com.br\/index.php?rest_route=\/wp\/v2\/types\/page"}],"author":[{"embeddable":true,"href":"https:\/\/www.fumssar.com.br\/index.php?rest_route=\/wp\/v2\/users\/16"}],"replies":[{"embeddable":true,"href":"https:\/\/www.fumssar.com.br\/index.php?rest_route=%2Fwp%2Fv2%2Fcomments&post=9791"}],"version-history":[{"count":6,"href":"https:\/\/www.fumssar.com.br\/index.php?rest_route=\/wp\/v2\/pages\/9791\/revisions"}],"predecessor-version":[{"id":9799,"href":"https:\/\/www.fumssar.com.br\/index.php?rest_route=\/wp\/v2\/pages\/9791\/revisions\/9799"}],"up":[{"embeddable":true,"href":"https:\/\/www.fumssar.com.br\/index.php?rest_route=\/wp\/v2\/pages\/238"}],"wp:attachment":[{"href":"https:\/\/www.fumssar.com.br\/index.php?rest_route=%2Fwp%2Fv2%2Fmedia&parent=9791"}],"curies":[{"name":"wp","href":"https:\/\/api.w.org\/{rel}","templated":true}]}}