{"id":9560,"date":"2017-03-24T15:52:07","date_gmt":"2017-03-24T18:52:07","guid":{"rendered":"http:\/\/www.fumssar.com.br\/?page_id=9560"},"modified":"2018-02-23T09:38:50","modified_gmt":"2018-02-23T12:38:50","slug":"publicacoes-legais-concursos-e-selecoes-publicas-2017","status":"publish","type":"page","link":"https:\/\/www.fumssar.com.br\/?page_id=9560","title":{"rendered":"Publica\u00e7\u00f5es Legais > Concursos e Sele\u00e7\u00f5es P\u00fablicas > 2017"},"content":{"rendered":"<p><\/p>\n<h4><a href=\"http:\/\/www.fumssar.com.br\/?cat=93\"><\/p>\n<li>Editais de Convoca\u00e7\u00e3o<\/li>\n<p><\/a><\/h4>\n<p><\/p>\n<h4><a href=\"http:\/\/www.fumssar.com.br\/?cat=94\"><\/p>\n<li>CIEE<\/li>\n<p><\/a><\/h4>\n","protected":false},"excerpt":{"rendered":"<p>Editais de Convoca\u00e7\u00e3o CIEE<\/p>\n","protected":false},"author":16,"featured_media":0,"parent":242,"menu_order":0,"comment_status":"closed","ping_status":"open","template":"","meta":{"footnotes":""},"_links":{"self":[{"href":"https:\/\/www.fumssar.com.br\/index.php?rest_route=\/wp\/v2\/pages\/9560"}],"collection":[{"href":"https:\/\/www.fumssar.com.br\/index.php?rest_route=\/wp\/v2\/pages"}],"about":[{"href":"https:\/\/www.fumssar.com.br\/index.php?rest_route=\/wp\/v2\/types\/page"}],"author":[{"embeddable":true,"href":"https:\/\/www.fumssar.com.br\/index.php?rest_route=\/wp\/v2\/users\/16"}],"replies":[{"embeddable":true,"href":"https:\/\/www.fumssar.com.br\/index.php?rest_route=%2Fwp%2Fv2%2Fcomments&post=9560"}],"version-history":[{"count":4,"href":"https:\/\/www.fumssar.com.br\/index.php?rest_route=\/wp\/v2\/pages\/9560\/revisions"}],"predecessor-version":[{"id":10935,"href":"https:\/\/www.fumssar.com.br\/index.php?rest_route=\/wp\/v2\/pages\/9560\/revisions\/10935"}],"up":[{"embeddable":true,"href":"https:\/\/www.fumssar.com.br\/index.php?rest_route=\/wp\/v2\/pages\/242"}],"wp:attachment":[{"href":"https:\/\/www.fumssar.com.br\/index.php?rest_route=%2Fwp%2Fv2%2Fmedia&parent=9560"}],"curies":[{"name":"wp","href":"https:\/\/api.w.org\/{rel}","templated":true}]}}