{"id":91,"date":"2013-11-29T17:56:13","date_gmt":"2013-11-29T17:56:13","guid":{"rendered":"http:\/\/www.fumssar.com.br\/?page_id=91"},"modified":"2014-01-27T17:57:22","modified_gmt":"2014-01-27T17:57:22","slug":"posto-de-saude-agricola","status":"publish","type":"page","link":"https:\/\/www.fumssar.com.br\/?page_id=91","title":{"rendered":"Posto de Sa\u00fade Agr\u00edcola"},"content":{"rendered":"<p><\/p>\n<h4><a href=\"http:\/\/www.fumssar.com.br\/?page_id=93\"><\/p>\n<li>Sobre o Posto de Sa\u00fade Agr\u00edcola<\/li>\n<p><\/a><\/h4>\n<p><\/p>\n<h4><a href=\"http:\/\/www.fumssar.com.br\/?cat=6\"><\/p>\n<li>Informativo Posto de Sa\u00fade Agr\u00edcola<\/li>\n<p><\/a><\/h4>\n","protected":false},"excerpt":{"rendered":"<p>Sobre o Posto de Sa\u00fade Agr\u00edcola Informativo Posto de Sa\u00fade Agr\u00edcola<\/p>\n","protected":false},"author":1,"featured_media":0,"parent":29,"menu_order":0,"comment_status":"closed","ping_status":"open","template":"","meta":{"footnotes":""},"_links":{"self":[{"href":"https:\/\/www.fumssar.com.br\/index.php?rest_route=\/wp\/v2\/pages\/91"}],"collection":[{"href":"https:\/\/www.fumssar.com.br\/index.php?rest_route=\/wp\/v2\/pages"}],"about":[{"href":"https:\/\/www.fumssar.com.br\/index.php?rest_route=\/wp\/v2\/types\/page"}],"author":[{"embeddable":true,"href":"https:\/\/www.fumssar.com.br\/index.php?rest_route=\/wp\/v2\/users\/1"}],"replies":[{"embeddable":true,"href":"https:\/\/www.fumssar.com.br\/index.php?rest_route=%2Fwp%2Fv2%2Fcomments&post=91"}],"version-history":[{"count":2,"href":"https:\/\/www.fumssar.com.br\/index.php?rest_route=\/wp\/v2\/pages\/91\/revisions"}],"predecessor-version":[{"id":633,"href":"https:\/\/www.fumssar.com.br\/index.php?rest_route=\/wp\/v2\/pages\/91\/revisions\/633"}],"up":[{"embeddable":true,"href":"https:\/\/www.fumssar.com.br\/index.php?rest_route=\/wp\/v2\/pages\/29"}],"wp:attachment":[{"href":"https:\/\/www.fumssar.com.br\/index.php?rest_route=%2Fwp%2Fv2%2Fmedia&parent=91"}],"curies":[{"name":"wp","href":"https:\/\/api.w.org\/{rel}","templated":true}]}}