{"id":8574,"date":"2016-08-22T10:18:48","date_gmt":"2016-08-22T13:18:48","guid":{"rendered":"http:\/\/www.fumssar.com.br\/?page_id=8574"},"modified":"2022-11-17T16:01:50","modified_gmt":"2022-11-17T19:01:50","slug":"leiloes","status":"publish","type":"page","link":"https:\/\/www.fumssar.com.br\/?page_id=8574","title":{"rendered":"Publica\u00e7\u00f5es Legais > Leil\u00f5es"},"content":{"rendered":"\n<ul><li><strong><a href=\"http:\/\/www.fumssar.com.br\/?cat=214\">2022<\/a><\/strong><\/li><\/ul>\n\n\n\n<ul><li><a href=\"http:\/\/www.fumssar.com.br\/?cat=80\"><strong>2016<\/strong><\/a><\/li><\/ul>\n\n\n\n<p><\/p>\n","protected":false},"excerpt":{"rendered":"<p>2022 2016<\/p>\n","protected":false},"author":1,"featured_media":0,"parent":0,"menu_order":0,"comment_status":"closed","ping_status":"open","template":"","meta":{"footnotes":""},"_links":{"self":[{"href":"https:\/\/www.fumssar.com.br\/index.php?rest_route=\/wp\/v2\/pages\/8574"}],"collection":[{"href":"https:\/\/www.fumssar.com.br\/index.php?rest_route=\/wp\/v2\/pages"}],"about":[{"href":"https:\/\/www.fumssar.com.br\/index.php?rest_route=\/wp\/v2\/types\/page"}],"author":[{"embeddable":true,"href":"https:\/\/www.fumssar.com.br\/index.php?rest_route=\/wp\/v2\/users\/1"}],"replies":[{"embeddable":true,"href":"https:\/\/www.fumssar.com.br\/index.php?rest_route=%2Fwp%2Fv2%2Fcomments&post=8574"}],"version-history":[{"count":5,"href":"https:\/\/www.fumssar.com.br\/index.php?rest_route=\/wp\/v2\/pages\/8574\/revisions"}],"predecessor-version":[{"id":22662,"href":"https:\/\/www.fumssar.com.br\/index.php?rest_route=\/wp\/v2\/pages\/8574\/revisions\/22662"}],"wp:attachment":[{"href":"https:\/\/www.fumssar.com.br\/index.php?rest_route=%2Fwp%2Fv2%2Fmedia&parent=8574"}],"curies":[{"name":"wp","href":"https:\/\/api.w.org\/{rel}","templated":true}]}}