{"id":8568,"date":"2016-08-22T09:49:23","date_gmt":"2016-08-22T12:49:23","guid":{"rendered":"http:\/\/www.fumssar.com.br\/?page_id=8568"},"modified":"2019-07-31T10:26:13","modified_gmt":"2019-07-31T13:26:13","slug":"publicacoes-legais-notas-tecnicas","status":"publish","type":"page","link":"https:\/\/www.fumssar.com.br\/?page_id=8568","title":{"rendered":"Publica\u00e7\u00f5es Legais > Notas T\u00e9cnicas"},"content":{"rendered":"<h4><a href=\"http:\/\/www.fumssar.com.br\/?cat=129\"><\/p>\n<li>2019<\/li>\n<p><\/a><a href=\"http:\/\/www.fumssar.com.br\/?cat=129\"><\/a><a href=\"http:\/\/www.fumssar.com.br\/?cat=129\"><\/a><a href=\"http:\/\/www.fumssar.com.br\/?cat=129\"><\/a><\/h4>\n<h4><a href=\"http:\/\/www.fumssar.com.br\/?cat=92\"><\/p>\n<li>2017<\/li>\n<p><\/a><a href=\"http:\/\/www.fumssar.com.br\/?cat=92\"><\/a><a href=\"http:\/\/www.fumssar.com.br\/?cat=92\"><\/a><a href=\"http:\/\/www.fumssar.com.br\/?cat=92\"><\/a><\/h4>\n<h4><a href=\"http:\/\/www.fumssar.com.br\/?cat=79\"><\/p>\n<li>2016<\/li>\n<p><\/a><a href=\"http:\/\/www.fumssar.com.br\/?cat=79\"><\/a><a href=\"http:\/\/www.fumssar.com.br\/?cat=79\"><\/a><a href=\"http:\/\/www.fumssar.com.br\/?cat=79\"><\/a><\/h4>\n","protected":false},"excerpt":{"rendered":"<p>2019 2017 2016<\/p>\n","protected":false},"author":1,"featured_media":0,"parent":214,"menu_order":0,"comment_status":"closed","ping_status":"open","template":"","meta":{"footnotes":""},"_links":{"self":[{"href":"https:\/\/www.fumssar.com.br\/index.php?rest_route=\/wp\/v2\/pages\/8568"}],"collection":[{"href":"https:\/\/www.fumssar.com.br\/index.php?rest_route=\/wp\/v2\/pages"}],"about":[{"href":"https:\/\/www.fumssar.com.br\/index.php?rest_route=\/wp\/v2\/types\/page"}],"author":[{"embeddable":true,"href":"https:\/\/www.fumssar.com.br\/index.php?rest_route=\/wp\/v2\/users\/1"}],"replies":[{"embeddable":true,"href":"https:\/\/www.fumssar.com.br\/index.php?rest_route=%2Fwp%2Fv2%2Fcomments&post=8568"}],"version-history":[{"count":4,"href":"https:\/\/www.fumssar.com.br\/index.php?rest_route=\/wp\/v2\/pages\/8568\/revisions"}],"predecessor-version":[{"id":13023,"href":"https:\/\/www.fumssar.com.br\/index.php?rest_route=\/wp\/v2\/pages\/8568\/revisions\/13023"}],"up":[{"embeddable":true,"href":"https:\/\/www.fumssar.com.br\/index.php?rest_route=\/wp\/v2\/pages\/214"}],"wp:attachment":[{"href":"https:\/\/www.fumssar.com.br\/index.php?rest_route=%2Fwp%2Fv2%2Fmedia&parent=8568"}],"curies":[{"name":"wp","href":"https:\/\/api.w.org\/{rel}","templated":true}]}}