{"id":8095,"date":"2016-07-07T17:37:57","date_gmt":"2016-07-07T20:37:57","guid":{"rendered":"http:\/\/www.fumssar.com.br\/?page_id=8095"},"modified":"2021-06-23T15:10:01","modified_gmt":"2021-06-23T18:10:01","slug":"unidades-de-saude-caps-ad","status":"publish","type":"page","link":"https:\/\/www.fumssar.com.br\/?page_id=8095","title":{"rendered":"Unidades de Sa\u00fade > CAPS AD"},"content":{"rendered":"<h3><strong>CAPS AD<\/strong><\/h3>\n<h4><strong>Contatos<\/strong><\/h4>\n<p><strong>Telefone:<\/strong> (55) 3513-5158 | 99671-9409<br \/>\n<strong>Email:<\/strong> capsad@fumssar.com.br<\/p>\n<p>&#8212;<\/p>\n<h4><strong>Endere\u00e7o<\/strong><\/h4>\n<p>Av. Flores da Cunha, 1321, Cruzeiro, Santa Rosa &#8211; RS<\/p>\n<p><iframe loading=\"lazy\" style=\"border: 0;\" src=\"https:\/\/www.google.com\/maps\/embed?pb=!1m18!1m12!1m3!1d1269.8932098478601!2d-54.43203389062243!3d-27.86777730581654!2m3!1f0!2f0!3f0!3m2!1i1024!2i768!4f13.1!3m3!1m2!1s0x0%3A0x0!2zMjfCsDUyJzA0LjAiUyA1NMKwMjUnNTIuNSJX!5e1!3m2!1spt-BR!2sbr!4v1467923659000\" width=\"400\" height=\"300\" frameborder=\"0\" allowfullscreen=\"allowfullscreen\"><\/iframe><\/p>\n<p>&#8212;<\/p>\n<h4><strong>Hor\u00e1rio de Funcionamento<\/strong><\/h4>\n<p>Segunda a Sexta-Feira<br \/>\n8:00h as 18:00h sem fechar ao meio dia<\/p>\n<p>&#8212;<\/p>\n<h4><strong>Equipe<\/strong><\/h4>\n<p><a href=\"http:\/\/www.fumssar.com.br\/?page_id=9085\" target=\"_blank\" rel=\"noopener noreferrer\"><img decoding=\"async\" class=\"\" src=\"http:\/\/www.fumssar.com.br\/wp-content\/uploads\/2016\/10\/botao-profissionais-da-UBS.jpg\" alt=\"\" width=\"\" height=\"\" \/><\/a><\/p>\n<p>&#8212;<\/p>\n<p><a href=\"http:\/\/www.fumssar.com.br\/wp-content\/uploads\/2016\/07\/equipe-caps-ad-movimento1.jpg\"><img decoding=\"async\" class=\"\" src=\"http:\/\/www.fumssar.com.br\/wp-content\/uploads\/2016\/07\/equipe-caps-ad-movimento1.jpg\" alt=\"equipe-caps-ad-movimento\" width=\"300\" height=\"\" \/><\/a><\/p>\n<p>&#8212;<\/p>\n<h4><strong>Servi\u00e7os Oferecidos<\/strong><\/h4>\n<ul>\n<li>Acolhimento<\/li>\n<li>Avalia\u00e7\u00e3o<\/li>\n<li>Primeiro atendimento<\/li>\n<li>Atendimento Individual da Equipe Multiprofissional<\/li>\n<li>Interven\u00e7\u00e3o Breve<\/li>\n<li>Entrevista Motivacional<\/li>\n<li>Treinamento de Habilidades Sociais<\/li>\n<li>Atendimento Psicol\u00f3gico\/ Psicoterapia<\/li>\n<li>Manejo do Usu\u00e1rio em Crise<\/li>\n<li>Reinser\u00e7\u00e3o Comunit\u00e1ria e Social<\/li>\n<li>Visitas domiciliares<\/li>\n<li>Grupos Operativos<\/li>\n<li>Oficina Terap\u00eautica<\/li>\n<\/ul>\n<p>&#8212;<\/p>\n<h4><strong>Hist\u00f3rico<\/strong><\/h4>\n<p align=\"justify\">A FUMSSAR atrav\u00e9s da \u00e1rea T\u00e9cnica de Sa\u00fade Mental, implementou em abril de 2012 uma Equipe de Redu\u00e7\u00e3o de Danos, atrav\u00e9s de Edital e financiamento da Secretaria de Sa\u00fade do Estado do Rio Grande do Sul e no ano de 2013 foi encaminhado habilita\u00e7\u00e3o junto ao Minist\u00e9rio da Sa\u00fade de um CAPS AD, recebendo habilita\u00e7\u00e3o atrav\u00e9s da Portaria n\u00ba 789, de 17 de junho de 2015. Este servi\u00e7o utilizando-se da diretriz de trabalho de redu\u00e7\u00e3o de danos, tendo por base a Pol\u00edtica de Aten\u00e7\u00e3o Integral a Usu\u00e1rios de \u00c1lcool e Outras Drogas do Minist\u00e9rio da Sa\u00fade iniciou um trabalho de acolhimento das demandas destas demandas no munic\u00edpio.<\/p>\n<p align=\"justify\">O CAPS AD \u00e9 um servi\u00e7o ambulatorial de aten\u00e7\u00e3o di\u00e1ria que presta assist\u00eancia aos pacientes e abrange as seguintes atividades: atendimento individual com todos os profissionais; atendimento em grupos (psicoterapia, grupo operativo, atividades de apoio social, entre outras); atendimento em oficinas terap\u00eauticas e operativas executadas por profissional de n\u00edvel superior ou m\u00e9dio; visitas domiciliares com intuito de tratamento, busca ativa; atendimento \u00e0 fam\u00edlia; atividades comunit\u00e1rias enfocando a integra\u00e7\u00e3o do usu\u00e1rio na comunidade e sua inser\u00e7\u00e3o familiar e social, atendimento ao familiar, matriciamento das ESF, participa\u00e7\u00e3o nas aulas te\u00f3ricas das resid\u00eancias m\u00e9dicas e multiprofissional, acompanhamento para interna\u00e7\u00f5es. Todas as a\u00e7\u00f5es a partir do Projeto Terap\u00eautico Singular.<\/p>\n<p align=\"justify\">Tem o objetivo de acolher usu\u00e1rios de \u00e1lcool e outras drogas e seus familiares, trabalhando sob a l\u00f3gica dos trabalhos em rede com as unidades b\u00e1sicas de sa\u00fade, Poder Judici\u00e1rio, hospitais, assist\u00eancia social (CRAS e CREAS), escolas, Conselho Tutelar, Comunidades Terap\u00eauticas, bem como os demais servi\u00e7os da RAPS.<\/p>\n<p align=\"justify\">O servi\u00e7o possui um plano terap\u00eautico Institucional que inclui propostas de atendimentos individuais e coletivos, al\u00e9m de a\u00e7\u00f5es comunit\u00e1rias e intersetoriais. Os usu\u00e1rios s\u00e3o inseridos em atividades em grupo atrav\u00e9s oficinas terap\u00eauticas e grupos operativos.<\/p>\n<p align=\"justify\">O servi\u00e7o oferece uma proposta de cuidado embasada no Plano Terap\u00eautico Singular, que tem como pilares o Sistema \u00danico de Sa\u00fade (SUS), as diretrizes da Reforma Psiqui\u00e1trica e Pol\u00edtica Nacional de Sa\u00fade Mental, que preconizam o resgate da cidadania, o protagonismo e a (re) inser\u00e7\u00e3o do usu\u00e1rio de subst\u00e2ncias psicoativas.<\/p>\n<p align=\"justify\">O CAPS presta atendimento para cerca de 160 usu\u00e1rios cadastrados atrav\u00e9s do registro das a\u00e7\u00f5es Ambulatoriais em Sa\u00fade RAAS do Minist\u00e9rio da Sa\u00fade. Cada usu\u00e1rio possui um plano terap\u00eautico singular (PTS) que pode envolver a realiza\u00e7\u00e3o das seguintes atividades de acordo com as especificidades de cada sujeito: atendimento individual, atendimento em grupos operativos e terap\u00eauticos, visitas domiciliares, oficinas terap\u00eauticas, dentre outras.<\/p>\n","protected":false},"excerpt":{"rendered":"<p>CAPS AD Contatos Telefone: (55) 3513-5158 | 99671-9409 Email: capsad@fumssar.com.br &#8212; Endere\u00e7o Av. Flores da&#8230;<\/p>\n","protected":false},"author":16,"featured_media":0,"parent":29,"menu_order":0,"comment_status":"closed","ping_status":"open","template":"","meta":{"footnotes":""},"_links":{"self":[{"href":"https:\/\/www.fumssar.com.br\/index.php?rest_route=\/wp\/v2\/pages\/8095"}],"collection":[{"href":"https:\/\/www.fumssar.com.br\/index.php?rest_route=\/wp\/v2\/pages"}],"about":[{"href":"https:\/\/www.fumssar.com.br\/index.php?rest_route=\/wp\/v2\/types\/page"}],"author":[{"embeddable":true,"href":"https:\/\/www.fumssar.com.br\/index.php?rest_route=\/wp\/v2\/users\/16"}],"replies":[{"embeddable":true,"href":"https:\/\/www.fumssar.com.br\/index.php?rest_route=%2Fwp%2Fv2%2Fcomments&post=8095"}],"version-history":[{"count":9,"href":"https:\/\/www.fumssar.com.br\/index.php?rest_route=\/wp\/v2\/pages\/8095\/revisions"}],"predecessor-version":[{"id":17712,"href":"https:\/\/www.fumssar.com.br\/index.php?rest_route=\/wp\/v2\/pages\/8095\/revisions\/17712"}],"up":[{"embeddable":true,"href":"https:\/\/www.fumssar.com.br\/index.php?rest_route=\/wp\/v2\/pages\/29"}],"wp:attachment":[{"href":"https:\/\/www.fumssar.com.br\/index.php?rest_route=%2Fwp%2Fv2%2Fmedia&parent=8095"}],"curies":[{"name":"wp","href":"https:\/\/api.w.org\/{rel}","templated":true}]}}