{"id":7727,"date":"2016-06-03T15:38:12","date_gmt":"2016-06-03T18:38:12","guid":{"rendered":"http:\/\/www.fumssar.com.br\/?page_id=7727"},"modified":"2016-06-03T16:15:06","modified_gmt":"2016-06-03T19:15:06","slug":"publicacoes-legais-decisao-em-processo-administrativo-sanitario","status":"publish","type":"page","link":"https:\/\/www.fumssar.com.br\/?page_id=7727","title":{"rendered":"Publica\u00e7\u00f5es Legais > Decis\u00e3o Em Processo Administrativo Sanit\u00e1rio"},"content":{"rendered":"<p><\/p>\n<h4><a href=\"http:\/\/www.fumssar.com.br\/?page_id=7734\"><\/p>\n<li>2016<\/li>\n<p><\/a><\/h4>\n","protected":false},"excerpt":{"rendered":"<p>2016<\/p>\n","protected":false},"author":16,"featured_media":0,"parent":214,"menu_order":0,"comment_status":"closed","ping_status":"open","template":"","meta":{"footnotes":""},"_links":{"self":[{"href":"https:\/\/www.fumssar.com.br\/index.php?rest_route=\/wp\/v2\/pages\/7727"}],"collection":[{"href":"https:\/\/www.fumssar.com.br\/index.php?rest_route=\/wp\/v2\/pages"}],"about":[{"href":"https:\/\/www.fumssar.com.br\/index.php?rest_route=\/wp\/v2\/types\/page"}],"author":[{"embeddable":true,"href":"https:\/\/www.fumssar.com.br\/index.php?rest_route=\/wp\/v2\/users\/16"}],"replies":[{"embeddable":true,"href":"https:\/\/www.fumssar.com.br\/index.php?rest_route=%2Fwp%2Fv2%2Fcomments&post=7727"}],"version-history":[{"count":2,"href":"https:\/\/www.fumssar.com.br\/index.php?rest_route=\/wp\/v2\/pages\/7727\/revisions"}],"predecessor-version":[{"id":7739,"href":"https:\/\/www.fumssar.com.br\/index.php?rest_route=\/wp\/v2\/pages\/7727\/revisions\/7739"}],"up":[{"embeddable":true,"href":"https:\/\/www.fumssar.com.br\/index.php?rest_route=\/wp\/v2\/pages\/214"}],"wp:attachment":[{"href":"https:\/\/www.fumssar.com.br\/index.php?rest_route=%2Fwp%2Fv2%2Fmedia&parent=7727"}],"curies":[{"name":"wp","href":"https:\/\/api.w.org\/{rel}","templated":true}]}}