{"id":6412,"date":"2016-02-02T07:48:56","date_gmt":"2016-02-02T10:48:56","guid":{"rendered":"http:\/\/www.fumssar.com.br\/?page_id=6412"},"modified":"2018-02-23T09:37:47","modified_gmt":"2018-02-23T12:37:47","slug":"publicacoes-legais-concursos-e-selecoes-publicas-2016","status":"publish","type":"page","link":"https:\/\/www.fumssar.com.br\/?page_id=6412","title":{"rendered":"Publica\u00e7\u00f5es Legais > Concursos e Sele\u00e7\u00f5es P\u00fablicas > 2016"},"content":{"rendered":"<p><\/p>\n<h4><a href=\"http:\/\/www.fumssar.com.br\/?cat=66\"><\/p>\n<li>Editais de Convoca\u00e7\u00e3o<\/li>\n<p><\/a><\/h4>\n<p><\/p>\n<h4><a href=\"http:\/\/www.fumssar.com.br\/?cat=73\"><\/p>\n<li>CIEE<\/li>\n<p><\/a><\/h4>\n<p><\/p>\n<h4><a href=\"http:\/\/www.fumssar.com.br\/?cat=67\"><\/p>\n<li>Sele\u00e7\u00e3o P\u00fablica 001\/2016<\/li>\n<p><\/a><\/h4>\n","protected":false},"excerpt":{"rendered":"<p>Editais de Convoca\u00e7\u00e3o CIEE Sele\u00e7\u00e3o P\u00fablica 001\/2016<\/p>\n","protected":false},"author":1,"featured_media":0,"parent":242,"menu_order":0,"comment_status":"closed","ping_status":"open","template":"","meta":{"footnotes":""},"_links":{"self":[{"href":"https:\/\/www.fumssar.com.br\/index.php?rest_route=\/wp\/v2\/pages\/6412"}],"collection":[{"href":"https:\/\/www.fumssar.com.br\/index.php?rest_route=\/wp\/v2\/pages"}],"about":[{"href":"https:\/\/www.fumssar.com.br\/index.php?rest_route=\/wp\/v2\/types\/page"}],"author":[{"embeddable":true,"href":"https:\/\/www.fumssar.com.br\/index.php?rest_route=\/wp\/v2\/users\/1"}],"replies":[{"embeddable":true,"href":"https:\/\/www.fumssar.com.br\/index.php?rest_route=%2Fwp%2Fv2%2Fcomments&post=6412"}],"version-history":[{"count":3,"href":"https:\/\/www.fumssar.com.br\/index.php?rest_route=\/wp\/v2\/pages\/6412\/revisions"}],"predecessor-version":[{"id":10934,"href":"https:\/\/www.fumssar.com.br\/index.php?rest_route=\/wp\/v2\/pages\/6412\/revisions\/10934"}],"up":[{"embeddable":true,"href":"https:\/\/www.fumssar.com.br\/index.php?rest_route=\/wp\/v2\/pages\/242"}],"wp:attachment":[{"href":"https:\/\/www.fumssar.com.br\/index.php?rest_route=%2Fwp%2Fv2%2Fmedia&parent=6412"}],"curies":[{"name":"wp","href":"https:\/\/api.w.org\/{rel}","templated":true}]}}