{"id":3237,"date":"2015-01-07T16:20:46","date_gmt":"2015-01-07T16:20:46","guid":{"rendered":"http:\/\/www.fumssar.com.br\/?page_id=3237"},"modified":"2016-02-02T08:04:31","modified_gmt":"2016-02-02T11:04:31","slug":"publicacoes-legais-concursos-e-selecoes-publicas-2015","status":"publish","type":"page","link":"https:\/\/www.fumssar.com.br\/?page_id=3237","title":{"rendered":"Publica\u00e7\u00f5es Legais > Concursos e Sele\u00e7\u00f5es P\u00fablicas > 2015"},"content":{"rendered":"<p><\/p>\n<h4><a href=\"http:\/\/www.fumssar.com.br\/?cat=53\"><\/p>\n<li>CIEE<\/li>\n<p><\/a><\/h4>\n<p><\/p>\n<h4><a href=\"http:\/\/www.fumssar.com.br\/?cat=56\"><\/p>\n<li>Concurso P\u00fablico 001\/2015<\/li>\n<p><\/a><\/h4>\n<p><\/p>\n<h4><a href=\"http:\/\/www.fumssar.com.br\/?cat=54\"><\/p>\n<li>Editais de Convoca\u00e7\u00e3o<\/li>\n<p><\/a><\/h4>\n<p><\/p>\n<h4><a href=\"http:\/\/www.fumssar.com.br\/?cat=55\"><\/p>\n<li>Aele\u00e7\u00e3o P\u00fablica Tempor\u00e1ria 001\/2015<\/li>\n<p><\/a><\/h4>\n","protected":false},"excerpt":{"rendered":"<p>CIEE Concurso P\u00fablico 001\/2015 Editais de Convoca\u00e7\u00e3o Aele\u00e7\u00e3o P\u00fablica Tempor\u00e1ria 001\/2015<\/p>\n","protected":false},"author":1,"featured_media":0,"parent":242,"menu_order":0,"comment_status":"closed","ping_status":"open","template":"","meta":{"footnotes":""},"_links":{"self":[{"href":"https:\/\/www.fumssar.com.br\/index.php?rest_route=\/wp\/v2\/pages\/3237"}],"collection":[{"href":"https:\/\/www.fumssar.com.br\/index.php?rest_route=\/wp\/v2\/pages"}],"about":[{"href":"https:\/\/www.fumssar.com.br\/index.php?rest_route=\/wp\/v2\/types\/page"}],"author":[{"embeddable":true,"href":"https:\/\/www.fumssar.com.br\/index.php?rest_route=\/wp\/v2\/users\/1"}],"replies":[{"embeddable":true,"href":"https:\/\/www.fumssar.com.br\/index.php?rest_route=%2Fwp%2Fv2%2Fcomments&post=3237"}],"version-history":[{"count":3,"href":"https:\/\/www.fumssar.com.br\/index.php?rest_route=\/wp\/v2\/pages\/3237\/revisions"}],"predecessor-version":[{"id":6419,"href":"https:\/\/www.fumssar.com.br\/index.php?rest_route=\/wp\/v2\/pages\/3237\/revisions\/6419"}],"up":[{"embeddable":true,"href":"https:\/\/www.fumssar.com.br\/index.php?rest_route=\/wp\/v2\/pages\/242"}],"wp:attachment":[{"href":"https:\/\/www.fumssar.com.br\/index.php?rest_route=%2Fwp%2Fv2%2Fmedia&parent=3237"}],"curies":[{"name":"wp","href":"https:\/\/api.w.org\/{rel}","templated":true}]}}