{"id":302,"date":"2013-12-06T11:16:42","date_gmt":"2013-12-06T11:16:42","guid":{"rendered":"http:\/\/www.fumssar.com.br\/?page_id=302"},"modified":"2023-09-22T08:25:29","modified_gmt":"2023-09-22T11:25:29","slug":"secao-de-material-e-patrimonio","status":"publish","type":"page","link":"https:\/\/www.fumssar.com.br\/?page_id=302","title":{"rendered":"Se\u00e7\u00e3o de Material e Patrim\u00f4nio"},"content":{"rendered":"<h3><strong>Se\u00e7\u00e3o de Material e Patrim\u00f4nio<\/strong><\/h3>\n<h4><strong>Contatos<\/strong><\/h4>\n<p><strong>Telefone:<\/strong> (55) 3513-5153<br \/>\n<strong>Email:<\/strong> smp@fumssar.com.br<\/p>\n<p>&#8212;<\/p>\n<h4><strong>Endere\u00e7o<\/strong><\/h4>\n<p>Av. Borges de Medeiros, 369, Centro, Santa Rosa &#8211; RS, 98780-001<\/p>\n<p><iframe loading=\"lazy\" style=\"border: 0;\" src=\"https:\/\/www.google.com\/maps\/embed?pb=!1m18!1m12!1m3!1d1238.4675728223187!2d-54.48417759147129!3d-27.871377347794695!2m3!1f0!2f0!3f0!3m2!1i1024!2i768!4f13.1!3m3!1m2!1s0x0%3A0x0!2zMjfCsDUyJzE3LjAiUyA1NMKwMjknMDAuMyJX!5e1!3m2!1spt-BR!2sbr!4v1467921287590\" width=\"400\" height=\"300\" frameborder=\"0\" allowfullscreen=\"allowfullscreen\"><\/iframe><\/p>\n<p>&#8212;<\/p>\n<h4><strong>Atividades<\/strong><\/h4>\n<p align=\"justify\">A Se\u00e7\u00e3o de Material e Patrim\u00f4nio \u00e9 respons\u00e1vel pela realiza\u00e7\u00e3o de atos necess\u00e1rios para aquisi\u00e7\u00e3o e contrata\u00e7\u00e3o de materiais, medicamentos, servi\u00e7os e execu\u00e7\u00e3o de obras. Realizam o controle, armazenamento e a dispensa\u00e7\u00e3o de materiais e medicamentos para as unidades de sa\u00fade e demais setores. A Se\u00e7\u00e3o tamb\u00e9m \u00e9 respons\u00e1vel pelo controle patrimonial de todos os bens pertencentes a FUMSSAR.<\/p>\n","protected":false},"excerpt":{"rendered":"<p>Se\u00e7\u00e3o de Material e Patrim\u00f4nio Contatos Telefone: (55) 3513-5153 Email: smp@fumssar.com.br &#8212; Endere\u00e7o Av. Borges&#8230;<\/p>\n","protected":false},"author":1,"featured_media":0,"parent":231,"menu_order":0,"comment_status":"closed","ping_status":"open","template":"","meta":{"footnotes":""},"_links":{"self":[{"href":"https:\/\/www.fumssar.com.br\/index.php?rest_route=\/wp\/v2\/pages\/302"}],"collection":[{"href":"https:\/\/www.fumssar.com.br\/index.php?rest_route=\/wp\/v2\/pages"}],"about":[{"href":"https:\/\/www.fumssar.com.br\/index.php?rest_route=\/wp\/v2\/types\/page"}],"author":[{"embeddable":true,"href":"https:\/\/www.fumssar.com.br\/index.php?rest_route=\/wp\/v2\/users\/1"}],"replies":[{"embeddable":true,"href":"https:\/\/www.fumssar.com.br\/index.php?rest_route=%2Fwp%2Fv2%2Fcomments&post=302"}],"version-history":[{"count":8,"href":"https:\/\/www.fumssar.com.br\/index.php?rest_route=\/wp\/v2\/pages\/302\/revisions"}],"predecessor-version":[{"id":25220,"href":"https:\/\/www.fumssar.com.br\/index.php?rest_route=\/wp\/v2\/pages\/302\/revisions\/25220"}],"up":[{"embeddable":true,"href":"https:\/\/www.fumssar.com.br\/index.php?rest_route=\/wp\/v2\/pages\/231"}],"wp:attachment":[{"href":"https:\/\/www.fumssar.com.br\/index.php?rest_route=%2Fwp%2Fv2%2Fmedia&parent=302"}],"curies":[{"name":"wp","href":"https:\/\/api.w.org\/{rel}","templated":true}]}}