{"id":300,"date":"2013-12-06T11:15:46","date_gmt":"2013-12-06T11:15:46","guid":{"rendered":"http:\/\/www.fumssar.com.br\/?page_id=300"},"modified":"2021-05-19T14:13:26","modified_gmt":"2021-05-19T17:13:26","slug":"secao-financeira","status":"publish","type":"page","link":"https:\/\/www.fumssar.com.br\/?page_id=300","title":{"rendered":"Se\u00e7\u00e3o Financeira"},"content":{"rendered":"<h3><strong>Se\u00e7\u00e3o Financeira<\/strong><\/h3>\n<h4><strong>Contatos<\/strong><\/h4>\n<p><strong>Telefone:<\/strong> (55) 3513-5106<br \/>\n<strong>Email:<\/strong> financeiro@fumssar.com.br<\/p>\n<p>&#8212;<\/p>\n<h4><strong>Endere\u00e7o<\/strong><\/h4>\n<p>Rua Francisco Timm, 480, Centro, Santa Rosa &#8211; RS, 98780-803<\/p>\n<p><iframe loading=\"lazy\" style=\"border: 0;\" src=\"https:\/\/www.google.com\/maps\/embed?pb=!1m18!1m12!1m3!1d1041.231337642245!2d-54.48518296234165!3d-27.868571722568547!2m3!1f0!2f0!3f0!3m2!1i1024!2i768!4f13.1!3m3!1m2!1s0x94f9343427dfe3b7%3A0xd098ba264976a973!2sR.+Dr.+Francisco+Timm%2C+480+-+Centro%2C+Santa+Rosa+-+RS%2C+98900-000!5e1!3m2!1spt-BR!2sbr!4v1467921740795\" width=\"400\" height=\"300\" frameborder=\"0\" allowfullscreen=\"allowfullscreen\"><\/iframe><\/p>\n<p>&#8212;<\/p>\n<h4><strong>Atividades<\/strong><\/h4>\n<p align=\"justify\">A Se\u00e7\u00e3o Financeira \u00e9 respons\u00e1vel por atividades relacionadas a contabilidade e tesouraria, compreendendo toda e qualquer movimenta\u00e7\u00e3o financeira, procedendo aos registros or\u00e7ament\u00e1rios e cont\u00e1beis necess\u00e1rios ao controle e transpar\u00eancia dos recursos arrecadados e gastos.<\/p>\n","protected":false},"excerpt":{"rendered":"<p>Se\u00e7\u00e3o Financeira Contatos Telefone: (55) 3513-5106 Email: financeiro@fumssar.com.br &#8212; Endere\u00e7o Rua Francisco Timm, 480, Centro,&#8230;<\/p>\n","protected":false},"author":1,"featured_media":0,"parent":231,"menu_order":0,"comment_status":"closed","ping_status":"open","template":"","meta":{"footnotes":""},"_links":{"self":[{"href":"https:\/\/www.fumssar.com.br\/index.php?rest_route=\/wp\/v2\/pages\/300"}],"collection":[{"href":"https:\/\/www.fumssar.com.br\/index.php?rest_route=\/wp\/v2\/pages"}],"about":[{"href":"https:\/\/www.fumssar.com.br\/index.php?rest_route=\/wp\/v2\/types\/page"}],"author":[{"embeddable":true,"href":"https:\/\/www.fumssar.com.br\/index.php?rest_route=\/wp\/v2\/users\/1"}],"replies":[{"embeddable":true,"href":"https:\/\/www.fumssar.com.br\/index.php?rest_route=%2Fwp%2Fv2%2Fcomments&post=300"}],"version-history":[{"count":6,"href":"https:\/\/www.fumssar.com.br\/index.php?rest_route=\/wp\/v2\/pages\/300\/revisions"}],"predecessor-version":[{"id":17131,"href":"https:\/\/www.fumssar.com.br\/index.php?rest_route=\/wp\/v2\/pages\/300\/revisions\/17131"}],"up":[{"embeddable":true,"href":"https:\/\/www.fumssar.com.br\/index.php?rest_route=\/wp\/v2\/pages\/231"}],"wp:attachment":[{"href":"https:\/\/www.fumssar.com.br\/index.php?rest_route=%2Fwp%2Fv2%2Fmedia&parent=300"}],"curies":[{"name":"wp","href":"https:\/\/api.w.org\/{rel}","templated":true}]}}