{"id":29198,"date":"2025-05-07T10:08:32","date_gmt":"2025-05-07T13:08:32","guid":{"rendered":"https:\/\/www.fumssar.com.br\/?page_id=29198"},"modified":"2025-09-11T16:50:45","modified_gmt":"2025-09-11T19:50:45","slug":"publicacoes-legais-concursos-e-selecoes-publicas-2025","status":"publish","type":"page","link":"https:\/\/www.fumssar.com.br\/?page_id=29198","title":{"rendered":"Publica\u00e7\u00f5es Legais > Concursos e Sele\u00e7\u00f5es P\u00fablicas > 2025"},"content":{"rendered":"\n<h4 class=\"wp-block-heading\"><a title=\"2022\" href=\"http:\/\/www.fumssar.com.br\/?page_id=20044\"><\/a><a style=\"font-size: revert; font-weight: revert; background-color: rgb(255, 255, 255);\" href=\"https:\/\/www.fumssar.com.br\/?cat=265\">CIEE<\/a><\/h4>\n\n\n\n<h4 class=\"wp-block-heading\"><a title=\"2022\" href=\"http:\/\/www.fumssar.com.br\/?page_id=20044\"><\/a><a style=\"font-size: revert; font-weight: revert; background-color: rgb(255, 255, 255);\" href=\"https:\/\/www.fumssar.com.br\/?cat=266\">Concurso P\u00fablico 2025<\/a><\/h4>\n\n\n\n<h4 class=\"wp-block-heading\"><a title=\"2022\" href=\"http:\/\/www.fumssar.com.br\/?page_id=20044\"><\/a><a style=\"font-size: revert; font-weight: revert; background-color: rgb(255, 255, 255);\" href=\"https:\/\/www.fumssar.com.br\/?cat=267\">Sele\u00e7\u00e3o P\u00fablica 2025<\/a><\/h4>\n\n\n\n<h4 class=\"wp-block-heading\"><a title=\"2022\" href=\"http:\/\/www.fumssar.com.br\/?page_id=20044\"><\/a><a style=\"font-size: revert; font-weight: revert; background-color: rgb(255, 255, 255);\" href=\"https:\/\/www.fumssar.com.br\/?cat=268\">Editais de Convoca\u00e7\u00e3o<\/a><a title=\"2022\" href=\"http:\/\/www.fumssar.com.br\/?page_id=20044\"><\/a><\/h4>\n\n\n\n<h4 class=\"wp-block-heading\"><a title=\"2022\" href=\"http:\/\/www.fumssar.com.br\/?page_id=20044\"><\/a><a href=\"https:\/\/www.fumssar.com.br\/?cat=274\">Manifesta\u00e7\u00e3o de Interesse<\/a><a title=\"2022\" href=\"http:\/\/www.fumssar.com.br\/?page_id=20044\"><\/a><\/h4>\n\n\n\n<p><\/p>\n\n\n\n<h4 class=\"wp-block-heading\"><p><a title=\"2022\" href=\"http:\/\/www.fumssar.com.br\/?page_id=20044\"><\/a><\/p><\/h4>\n\n\n\n<h4 class=\"wp-block-heading\"><p><a title=\"2022\" href=\"http:\/\/www.fumssar.com.br\/?page_id=20044\"><\/a><\/p><\/h4>\n\n\n\n<h4 class=\"wp-block-heading\"><p><a title=\"2022\" href=\"http:\/\/www.fumssar.com.br\/?page_id=20044\"><\/a><\/p><\/h4>\n","protected":false},"excerpt":{"rendered":"<p>CIEE Concurso P\u00fablico 2025 Sele\u00e7\u00e3o P\u00fablica 2025 Editais de Convoca\u00e7\u00e3o Manifesta\u00e7\u00e3o de Interesse<\/p>\n","protected":false},"author":16,"featured_media":0,"parent":242,"menu_order":0,"comment_status":"closed","ping_status":"closed","template":"","meta":{"footnotes":""},"_links":{"self":[{"href":"https:\/\/www.fumssar.com.br\/index.php?rest_route=\/wp\/v2\/pages\/29198"}],"collection":[{"href":"https:\/\/www.fumssar.com.br\/index.php?rest_route=\/wp\/v2\/pages"}],"about":[{"href":"https:\/\/www.fumssar.com.br\/index.php?rest_route=\/wp\/v2\/types\/page"}],"author":[{"embeddable":true,"href":"https:\/\/www.fumssar.com.br\/index.php?rest_route=\/wp\/v2\/users\/16"}],"replies":[{"embeddable":true,"href":"https:\/\/www.fumssar.com.br\/index.php?rest_route=%2Fwp%2Fv2%2Fcomments&post=29198"}],"version-history":[{"count":5,"href":"https:\/\/www.fumssar.com.br\/index.php?rest_route=\/wp\/v2\/pages\/29198\/revisions"}],"predecessor-version":[{"id":30087,"href":"https:\/\/www.fumssar.com.br\/index.php?rest_route=\/wp\/v2\/pages\/29198\/revisions\/30087"}],"up":[{"embeddable":true,"href":"https:\/\/www.fumssar.com.br\/index.php?rest_route=\/wp\/v2\/pages\/242"}],"wp:attachment":[{"href":"https:\/\/www.fumssar.com.br\/index.php?rest_route=%2Fwp%2Fv2%2Fmedia&parent=29198"}],"curies":[{"name":"wp","href":"https:\/\/api.w.org\/{rel}","templated":true}]}}