{"id":29,"date":"2013-11-22T18:55:32","date_gmt":"2013-11-22T18:55:32","guid":{"rendered":"http:\/\/www.fumssar.com.br\/?page_id=29"},"modified":"2024-01-30T08:22:24","modified_gmt":"2024-01-30T11:22:24","slug":"unidades-basicas-de-saude","status":"publish","type":"page","link":"https:\/\/www.fumssar.com.br\/?page_id=29","title":{"rendered":"Unidades de Sa\u00fade"},"content":{"rendered":"\n<ul><li><strong><a href=\"https:\/\/www.fumssar.com.br\/?page_id=91\">Posto de Sa\u00fade Agr\u00edcola<\/a><\/strong><\/li><\/ul>\n\n\n\n<ul><li><strong><a href=\"https:\/\/www.fumssar.com.br\/?page_id=95\">Posto de Sa\u00fade Auxiliadora<\/a><\/strong><\/li><\/ul>\n\n\n\n<ul><li><strong><a href=\"https:\/\/www.fumssar.com.br\/?page_id=100\">Posto de Sa\u00fade Balne\u00e1ria<\/a><\/strong><\/li><\/ul>\n\n\n\n<ul><li><strong><a href=\"https:\/\/www.fumssar.com.br\/?page_id=104\">Posto de Sa\u00fade Beatriz Oliveira<\/a><\/strong><\/li><\/ul>\n\n\n\n<ul><li><strong><a href=\"https:\/\/www.fumssar.com.br\/?page_id=108\">Posto de Sa\u00fade Bela Uni\u00e3o<\/a><\/strong><\/li><\/ul>\n\n\n\n<ul><li><strong><a href=\"https:\/\/www.fumssar.com.br\/?page_id=112\">Posto de Sa\u00fade Centro<\/a><\/strong><\/li><\/ul>\n\n\n\n<ul><li><strong><a href=\"https:\/\/www.fumssar.com.br\/?page_id=116\">Posto de Sa\u00fade Cruzeiro<\/a><\/strong><\/li><\/ul>\n\n\n\n<ul><li><strong><a href=\"https:\/\/www.fumssar.com.br\/?page_id=120\">Posto de Sa\u00fade Cruzeiro do Sul<\/a><\/strong><\/li><\/ul>\n\n\n\n<ul><li><strong><a href=\"https:\/\/www.fumssar.com.br\/?page_id=124\">Posto de Sa\u00fade Esperan\u00e7a<\/a><\/strong><\/li><\/ul>\n\n\n\n<ul><li><strong> <\/strong><a href=\"https:\/\/www.fumssar.com.br\/?page_id=8888\"><strong>Posto de Sa\u00fade Esquina Candeia<\/strong><\/a><strong> <\/strong><\/li><\/ul>\n\n\n\n<ul><li><strong><a href=\"https:\/\/www.fumssar.com.br\/?page_id=128\">Posto de Sa\u00fade Gl\u00f3ria<\/a><\/strong><\/li><\/ul>\n\n\n\n<ul><li><strong><a href=\"https:\/\/www.fumssar.com.br\/?page_id=152\">Posto de Sa\u00fade Guia Lopes<\/a><\/strong><\/li><\/ul>\n\n\n\n<ul><li><strong><a href=\"https:\/\/www.fumssar.com.br\/?page_id=207\">Posto de Sa\u00fade Jardim Petr\u00f3polis<\/a><\/strong><\/li><\/ul>\n\n\n\n<ul><li><strong><a href=\"https:\/\/www.fumssar.com.br\/?page_id=132\">Posto de Sa\u00fade Julio de Oliveira<\/a><\/strong><\/li><\/ul>\n\n\n\n<ul><li><strong><a href=\"https:\/\/www.fumssar.com.br\/?page_id=136\">Posto de Sa\u00fade Pereira<\/a><\/strong><\/li><\/ul>\n\n\n\n<ul><li><strong><a href=\"https:\/\/www.fumssar.com.br\/?page_id=140\">Posto de Sa\u00fade Planalto<\/a><\/strong><\/li><\/ul>\n\n\n\n<ul><li><strong><a href=\"https:\/\/www.fumssar.com.br\/?page_id=144\">Posto de Sa\u00fade Sete de Setembro<\/a><\/strong><\/li><\/ul>\n\n\n\n<ul><li><strong><a href=\"https:\/\/www.fumssar.com.br\/?page_id=35\">Posto de Sa\u00fade Sulina<\/a><\/strong><\/li><\/ul>\n\n\n\n<ul><li><strong><a href=\"https:\/\/www.fumssar.com.br\/?page_id=148\">Posto de Sa\u00fade Timba\u00fava<\/a><\/strong><\/li><\/ul>\n\n\n\n<hr class=\"wp-block-separator\"\/>\n\n\n\n<ul><li><strong><a href=\"https:\/\/www.fumssar.com.br\/?page_id=8092\">CAPS Novo Rumo<\/a><\/strong><\/li><\/ul>\n\n\n\n<ul><li><strong><a href=\"https:\/\/www.fumssar.com.br\/?page_id=8095\">CAPS AD<\/a><\/strong><\/li><\/ul>\n\n\n\n<ul><li><strong><a href=\"https:\/\/www.fumssar.com.br\/?page_id=285\">Farm\u00e1cia Municipal &#8211; Assist\u00eancia Farmac\u00eautica<\/a><\/strong><\/li><\/ul>\n\n\n\n<ul><li><strong><a href=\"https:\/\/www.fumssar.com.br\/?page_id=8089\">Centro de Especialidades<\/a><\/strong><\/li><\/ul>\n\n\n\n<ul><li><strong><a href=\"https:\/\/www.fumssar.com.br\/?page_id=279\">Vigil\u00e2ncia em Sa\u00fade<\/a><\/strong><\/li><\/ul>\n\n\n\n<ul><li><strong><a href=\"https:\/\/www.fumssar.com.br\/?page_id=8289\">CER<\/a><\/strong><\/li><\/ul>\n\n\n\n<ul><li><a href=\"https:\/\/www.fumssar.com.br\/?page_id=8134\"><strong>CEREST<\/strong><\/a><\/li><\/ul>\n","protected":false},"excerpt":{"rendered":"<p>Posto de Sa\u00fade Agr\u00edcola Posto de Sa\u00fade Auxiliadora Posto de Sa\u00fade Balne\u00e1ria Posto de Sa\u00fade&#8230;<\/p>\n","protected":false},"author":1,"featured_media":0,"parent":0,"menu_order":0,"comment_status":"closed","ping_status":"open","template":"","meta":{"footnotes":""},"_links":{"self":[{"href":"https:\/\/www.fumssar.com.br\/index.php?rest_route=\/wp\/v2\/pages\/29"}],"collection":[{"href":"https:\/\/www.fumssar.com.br\/index.php?rest_route=\/wp\/v2\/pages"}],"about":[{"href":"https:\/\/www.fumssar.com.br\/index.php?rest_route=\/wp\/v2\/types\/page"}],"author":[{"embeddable":true,"href":"https:\/\/www.fumssar.com.br\/index.php?rest_route=\/wp\/v2\/users\/1"}],"replies":[{"embeddable":true,"href":"https:\/\/www.fumssar.com.br\/index.php?rest_route=%2Fwp%2Fv2%2Fcomments&post=29"}],"version-history":[{"count":68,"href":"https:\/\/www.fumssar.com.br\/index.php?rest_route=\/wp\/v2\/pages\/29\/revisions"}],"predecessor-version":[{"id":26201,"href":"https:\/\/www.fumssar.com.br\/index.php?rest_route=\/wp\/v2\/pages\/29\/revisions\/26201"}],"wp:attachment":[{"href":"https:\/\/www.fumssar.com.br\/index.php?rest_route=%2Fwp%2Fv2%2Fmedia&parent=29"}],"curies":[{"name":"wp","href":"https:\/\/api.w.org\/{rel}","templated":true}]}}