{"id":287,"date":"2013-12-06T10:50:16","date_gmt":"2013-12-06T10:50:16","guid":{"rendered":"http:\/\/www.fumssar.com.br\/?page_id=287"},"modified":"2017-05-22T15:30:23","modified_gmt":"2017-05-22T18:30:23","slug":"apoio-a-atencao-primaria-a-saude","status":"publish","type":"page","link":"https:\/\/www.fumssar.com.br\/?page_id=287","title":{"rendered":"Apoio a Aten\u00e7\u00e3o Prim\u00e1ria \u00e0 Sa\u00fade"},"content":{"rendered":"<p><font color=\"black\"><\/p>\n<h4><strong>SAAPS &#8211; Servi\u00e7os de Apoio \u00e0 Aten\u00e7\u00e3o Prim\u00e1ria em Sa\u00fade<\/strong><\/h4>\n<p align=\"justify\">O Pacto pela Sa\u00fade, na sua dimens\u00e3o do Pacto de Gest\u00e3o estabelece a necessidade de desenhar redes regionalizadas de aten\u00e7\u00e3o \u00e0 sa\u00fade, organizadas nos territ\u00f3rios das regi\u00f5es de sa\u00fade, devendo assegurar os princ\u00edpios de universalidade do acesso, equidade e integralidade. O servi\u00e7o de apoio visa fortalecer a aten\u00e7\u00e3o b\u00e1sica, criando fluxos dos usu\u00e1rios a fim de garantir as refer\u00eancias aos servi\u00e7os e a\u00e7\u00f5es de sa\u00fade fora da aten\u00e7\u00e3o prim\u00e1ria com a organiza\u00e7\u00e3o de redes municipais e regionais de sa\u00fade por onde este usu\u00e1rio ir\u00e1 transitar.<\/p>\n<p align=\"justify\">O mun\u00edcipio de Santa Rosa disp\u00f5e atualmente de um Centro de Especialidades. O encaminhamento de pacientes do n\u00edvel prim\u00e1rio para o n\u00edvel secund\u00e1rio pr\u00f3prio ou contratado \u00e9 feito atrav\u00e9s de sistema de refer\u00eancia e contrarrefer\u00eancia, garantindo o v\u00ednculo das pessoas com a equipe da \u00e1rea onde reside e a garantia de retorno para a equipe ap\u00f3s o atendimento.<\/p>\n<p align=\"justify\">No Servi\u00e7o de Apoio \u00e0 Aten\u00e7\u00e3o Prim\u00e1ria s\u00e3o referenciados usu\u00e1rios para atendimento e tamb\u00e9m realizando matriciamento \u00e0s Estrat\u00e9gias de Sa\u00fade da Fam\u00edlia. Neste local s\u00e3o oferecidas as seguintes especialidades m\u00e9dicas e multiprofissionais: Ginecologia, Homeopatia, Obstetr\u00edcia, Oftalmologia, Pneumologia, Psiquiatria, Psicologia, Fonoaudiologia e Terapia Ocupacional. Tamb\u00e9m est\u00e1 instalado neste local o Servi\u00e7o de Atendimento Especializado que atende pacientes portadores de hansen\u00edase, tuberculose, hepatites e HIV\/AIDS, juntamente com a Unidade de Dispensa\u00e7\u00e3o de Medicamentos (UDM) que fornece antirretrovirais para todos os munic\u00edpios da 14\u00aa CRS. Neste ano DE 2013, como projeto piloto no Estado do RS, iniciou-se a realiza\u00e7\u00e3o de espirometrias pelo SUS atrav\u00e9s do Sistema Respiranet. Os m\u00e9dicos das unidades de sa\u00fade solicitam o exame por e-mail, estes s\u00e3o realizados por t\u00e9cnica treinada no SAAPS, o exame \u00e9 laudado por pneumologista no Hospital de Cl\u00ednicas em Porto Alegre e enviado o resultado para o e-mail do m\u00e9dico solicitante. Devido o sucesso deste projeto, j\u00e1 est\u00e1 sendo expandido para munic\u00edpios da regi\u00e3o da 14\u00aa CRS.<\/p>\n<p>&#8212;<\/p>\n<h4><strong>NASF &#8211; N\u00facleo de Apoio em Sa\u00fade da Fam\u00edlia<\/strong><\/h4>\n<p align=\"justify\">No munic\u00edpio de Santa Rosa, juntamente com a constitui\u00e7\u00e3o do sistema local em que foram criadas equipes vinculadas aos distritos, houve tamb\u00e9m a conforma\u00e7\u00e3o equipes de apoio. Assistente social, psic\u00f3logos, m\u00e9dicos pediatras, ginecologistas e obstetras, nutricionistas j\u00e1 em 1996 faziam parte da rede de aten\u00e7\u00e3o \u00e0 sa\u00fade oferecendo apoio t\u00e9cnico e assistencial \u00e0s equipes.<\/p>\n<p align=\"justify\">O enfoque multiprofissional tem norteado o trabalho de sa\u00fade no munic\u00edpio, buscando atrav\u00e9s de atendimentos descentralizados junto \u00e0s unidades de sa\u00fade resgatar a qualidade de vida e o cuidado integral. O atendimento nestes espa\u00e7os tem a proposta de acolher e atender os usu\u00e1rios identificados pela equipe e prestando assist\u00eancia em locais pr\u00f3ximos a sua resid\u00eancia. Tamb\u00e9m s\u00e3o organizados atendimentos compartilhados, discuss\u00e3o de casos e atividades comunit\u00e1rias com os profissionais que permanecem no territ\u00f3rio em per\u00edodo integral.<\/p>\n<p align=\"justify\">Em 2009, o munic\u00edpio realizou a ades\u00e3o aos N\u00facleos de Apoio \u00e0 Sa\u00fade da Fam\u00edlia (NASF) possibilitando o munic\u00edpio receber recurso financeiro para esta modalidade de aten\u00e7\u00e3o j\u00e1 difundida no sistema. O NASF configura-se como equipes multiprofissionais que atuam de forma integrada com as equipes de Sa\u00fade da Fam\u00edlia (ESF) e com o Programa Academia da Sa\u00fade. Os NASF no munic\u00edpio s\u00e3o denominados Sul e Norte. Atualmente s\u00e3o compostos por profissionais das \u00e1reas de: servi\u00e7o social, educa\u00e7\u00e3o f\u00edsica, nutri\u00e7\u00e3o, psicologia, farm\u00e1cia, ginceologia e obstetr\u00edcia, pediatria e terapia ocupacional, que realizam suas interven\u00e7\u00f5es nos territ\u00f3rios com as equipes. Estas equipes garantem a continuidade e integralidade da aten\u00e7\u00e3o, bem como sua resolubilidade, uma vez que promove a cria\u00e7\u00e3o de espa\u00e7os para a produ\u00e7\u00e3o de novos saberes e amplia\u00e7\u00e3o da cl\u00ednica.<\/p>\n<p align=\"justify\">A atua\u00e7\u00e3o integrada permite realizar discuss\u00f5es de casos cl\u00ednicos, o atendimento compartilhado entre profissionais tanto na Unidade de Sa\u00fade como nas visitas domiciliares, a constru\u00e7\u00e3o conjunta de projetos terap\u00eauticos de forma que amplia e qualifica as interven\u00e7\u00f5es no territ\u00f3rio e na sa\u00fade de grupos populacionais. Essas a\u00e7\u00f5es de sa\u00fade tamb\u00e9m podem ser intersetoriais, com foco priorit\u00e1rio nas a\u00e7\u00f5es de preven\u00e7\u00e3o e promo\u00e7\u00e3o da sa\u00fade. Desenvolve tamb\u00e9m apoio matricial aos trabalhadores para atuarem em parceria com os profissionais das ESF, compartilhando as pr\u00e1ticas nos territ\u00f3rios ao qual est\u00e1 vinculada. Tem como eixos a responsabiliza\u00e7\u00e3o, a gest\u00e3o compartilhada e apoio \u00e0 organiza\u00e7\u00e3o do cuidado.<\/p>\n<p align=\"justify\">Santa Rosa aderiu em 2009 com um n\u00facleo e em 2011 com a segunda equipe. \u00c9 composta por no m\u00ednimo cinco profiss\u00f5es de n\u00edvel superior vinculado a oito e nove Equipes de Sa\u00fade da Fam\u00edlia, todos estatut\u00e1rios. Seguem abaixo a descri\u00e7\u00e3o os profissionais dos dois NASF.<\/p>\n<p>Dentre as atividades desenvolvidas pelo Servi\u00e7o de Apoio \u00e0 Sa\u00fade da Fam\u00edlia destacam-se:<\/p>\n<ul>\n<li>\n<p align=\"justify\">A oferta de a\u00e7\u00f5es de atividade f\u00edsica \/pr\u00e1ticas corporais, promovendo o autocuidado, a preven\u00e7\u00e3o, a minimiza\u00e7\u00e3o dos riscos e a prote\u00e7\u00e3o da vulnerabilidade.<\/p>\n<\/li>\n<p><\/p>\n<li>\n<p align=\"justify\">Ampliar a aten\u00e7\u00e3o aos usu\u00e1rios e aos familiares em situa\u00e7\u00e3o de risco psicossocial ou doen\u00e7a mental aumentando o acesso ao sistema de sa\u00fade e a reinser\u00e7\u00e3o social reduzindo precocemente as complica\u00e7\u00f5es e o agravamento do sofrimento subjetivo associado \u00e0s doen\u00e7as;<\/p>\n<\/li>\n<p><\/p>\n<li>\n<p align=\"justify\">Ampliar as a\u00e7\u00f5es de promo\u00e7\u00e3o da cidadania e de produ\u00e7\u00e3o de estrat\u00e9gias que fortale\u00e7am as redes de suporte social e que promovam maior integra\u00e7\u00e3o entre servi\u00e7os de sa\u00fade, seu territ\u00f3rio e outros equipamentos sociais, promovendo a intersetorialidade;<\/p>\n<\/li>\n<p><\/p>\n<li>\n<p align=\"justify\">Ampliar a promo\u00e7\u00e3o do uso racional e o acesso aos medicamentos com a\u00e7\u00f5es que promovam o ciclo da Assist\u00eancia Farmac\u00eautica, contribuindo com a resolutividade das a\u00e7\u00f5es de preven\u00e7\u00e3o e de recupera\u00e7\u00e3o da sa\u00fade;<\/p>\n<\/li>\n<p><\/p>\n<li>\n<p align=\"justify\">Ampliar as a\u00e7\u00f5es individuais e coletivas que promovam o direito humano \u00e0 alimenta\u00e7\u00e3o adequada e desenvolvam h\u00e1bitos alimentares promotores de sa\u00fade ambiental, cultural, econ\u00f4mica e socialmente sustent\u00e1veis.<\/p>\n<\/li>\n<\/ul>\n<p><\/font><\/p>\n","protected":false},"excerpt":{"rendered":"<p>SAAPS &#8211; Servi\u00e7os de Apoio \u00e0 Aten\u00e7\u00e3o Prim\u00e1ria em Sa\u00fade O Pacto pela Sa\u00fade, na&#8230;<\/p>\n","protected":false},"author":1,"featured_media":0,"parent":229,"menu_order":0,"comment_status":"closed","ping_status":"open","template":"","meta":{"footnotes":""},"_links":{"self":[{"href":"https:\/\/www.fumssar.com.br\/index.php?rest_route=\/wp\/v2\/pages\/287"}],"collection":[{"href":"https:\/\/www.fumssar.com.br\/index.php?rest_route=\/wp\/v2\/pages"}],"about":[{"href":"https:\/\/www.fumssar.com.br\/index.php?rest_route=\/wp\/v2\/types\/page"}],"author":[{"embeddable":true,"href":"https:\/\/www.fumssar.com.br\/index.php?rest_route=\/wp\/v2\/users\/1"}],"replies":[{"embeddable":true,"href":"https:\/\/www.fumssar.com.br\/index.php?rest_route=%2Fwp%2Fv2%2Fcomments&post=287"}],"version-history":[{"count":11,"href":"https:\/\/www.fumssar.com.br\/index.php?rest_route=\/wp\/v2\/pages\/287\/revisions"}],"predecessor-version":[{"id":9969,"href":"https:\/\/www.fumssar.com.br\/index.php?rest_route=\/wp\/v2\/pages\/287\/revisions\/9969"}],"up":[{"embeddable":true,"href":"https:\/\/www.fumssar.com.br\/index.php?rest_route=\/wp\/v2\/pages\/229"}],"wp:attachment":[{"href":"https:\/\/www.fumssar.com.br\/index.php?rest_route=%2Fwp%2Fv2%2Fmedia&parent=287"}],"curies":[{"name":"wp","href":"https:\/\/api.w.org\/{rel}","templated":true}]}}