{"id":285,"date":"2013-12-06T10:49:16","date_gmt":"2013-12-06T10:49:16","guid":{"rendered":"http:\/\/www.fumssar.com.br\/?page_id=285"},"modified":"2021-06-23T15:15:17","modified_gmt":"2021-06-23T18:15:17","slug":"assistencia-farmaceutica","status":"publish","type":"page","link":"https:\/\/www.fumssar.com.br\/?page_id=285","title":{"rendered":"Farm\u00e1cia Municipal &#8211; Assist\u00eancia Farmac\u00eautica"},"content":{"rendered":"<h3><strong>Farm\u00e1cia Municipal &#8211; Assist\u00eancia Farmac\u00eautica<\/strong><\/h3>\n<h4><strong>Contatos<\/strong><\/h4>\n<p><strong>Telefone:<\/strong> (55) 3513-5161 | 99620-7674<br \/>\n<strong>Email:<\/strong> assistenciafarmaceutica@fumssar.com.br<\/p>\n<p>&#8212;<\/p>\n<h4><strong>Endere\u00e7o<\/strong><\/h4>\n<p>Rua Boa Vista, 335, Centro, Santa Rosa \u2013 RS, 98780-066 (2\u00ba Andar)<\/p>\n<p><iframe loading=\"lazy\" style=\"border: 0;\" src=\"https:\/\/www.google.com\/maps\/embed?pb=!1m18!1m12!1m3!1d1281.2119431583455!2d-54.48623194544609!3d-27.868223998471958!2m3!1f0!2f0!3f0!3m2!1i1024!2i768!4f13.1!3m3!1m2!1s0x0%3A0x0!2zMjfCsDUyJzA1LjYiUyA1NMKwMjknMDguMSJX!5e1!3m2!1spt-BR!2sbr!4v1541072801754\" width=\"400\" height=\"300\" frameborder=\"0\" allowfullscreen=\"allowfullscreen\"><\/iframe><\/p>\n<p>&#8212;<\/p>\n<p><a href=\"http:\/\/www.fumssar.com.br\/wp-content\/uploads\/2016\/10\/Assist\u00eancia-Farmac\u00eautica.pdf\" target=\"_blank\" rel=\"noopener noreferrer\"><img decoding=\"async\" class=\"\" src=\"http:\/\/www.fumssar.com.br\/wp-content\/uploads\/2016\/10\/botao-profissionais-da-UBS.jpg\" alt=\"\" width=\"\" height=\"\" \/><\/a><\/p>\n<p>&#8212;<\/p>\n<h4><strong>Sobre a \u00c1rea T\u00e9cnica Assist\u00eancia Farmac\u00eautica<\/strong><\/h4>\n<p align=\"justify\">A \u00c1rea T\u00e9cnica Assist\u00eancia Farmac\u00eautica na FUMSSAR tem como objetivos discutir a pol\u00edtica de sa\u00fade do munic\u00edpio com o enfoque da tem\u00e1tica da Assist\u00eancia Farmac\u00eautica de qualidade e integral. \u00c9 coordenada pela Comiss\u00e3o de Farm\u00e1cia e Terap\u00eautica \u00e9 norteada pelas etapas do ciclo da Assist\u00eancia Farmac\u00eautica. Tem como prioridade assegurar o acesso da popula\u00e7\u00e3o a farmacoterapia de qualidade e contribuir para o uso racional de medicamentos. A Assist\u00eancia Farmac\u00eautica \u00e9 definida como um conjunto de a\u00e7\u00f5es voltadas \u00e0 promo\u00e7\u00e3o, prote\u00e7\u00e3o e recupera\u00e7\u00e3o da sa\u00fade, tanto individual como coletiva, tendo o medicamento como insumo essencial e visando o acesso e ao seu uso racional. Para tanto \u00e9 entendida como um componente essencial nos servi\u00e7os e programas de sa\u00fade devendo ser realizada plenamente em toda rede assistencial, para contribuir de maneira efetiva e eficiente na sa\u00fade e qualidade de vida da popula\u00e7\u00e3o. Os medicamentos constituem importantes ferramentas terap\u00eauticas para a manuten\u00e7\u00e3o e recupera\u00e7\u00e3o da sa\u00fade da popula\u00e7\u00e3o. O uso indevido de medicamentos \u00e9 considerado um problema de sa\u00fade p\u00fablica. Por este motivo a 36 promo\u00e7\u00e3o do uso racional de medicamentos constitui um dos principais objetivos da Assist\u00eancia Farmac\u00eautica. Para qualificar a assist\u00eancia farmac\u00eautica em nosso munic\u00edpio, foi criada em 2013 a Central de Distribui\u00e7\u00e3o de Medicamentos, com o objetivo de aperfei\u00e7oar recurso financeiro, evitar desabastecimento, facilitar e garantir o acesso de medicamentos aos pacientes cadastrados nas Unidades B\u00e1sicas de Sa\u00fade.<\/p>\n","protected":false},"excerpt":{"rendered":"<p>Farm\u00e1cia Municipal &#8211; Assist\u00eancia Farmac\u00eautica Contatos Telefone: (55) 3513-5161 | 99620-7674 Email: assistenciafarmaceutica@fumssar.com.br &#8212; Endere\u00e7o&#8230;<\/p>\n","protected":false},"author":1,"featured_media":0,"parent":229,"menu_order":0,"comment_status":"closed","ping_status":"open","template":"","meta":{"footnotes":""},"_links":{"self":[{"href":"https:\/\/www.fumssar.com.br\/index.php?rest_route=\/wp\/v2\/pages\/285"}],"collection":[{"href":"https:\/\/www.fumssar.com.br\/index.php?rest_route=\/wp\/v2\/pages"}],"about":[{"href":"https:\/\/www.fumssar.com.br\/index.php?rest_route=\/wp\/v2\/types\/page"}],"author":[{"embeddable":true,"href":"https:\/\/www.fumssar.com.br\/index.php?rest_route=\/wp\/v2\/users\/1"}],"replies":[{"embeddable":true,"href":"https:\/\/www.fumssar.com.br\/index.php?rest_route=%2Fwp%2Fv2%2Fcomments&post=285"}],"version-history":[{"count":11,"href":"https:\/\/www.fumssar.com.br\/index.php?rest_route=\/wp\/v2\/pages\/285\/revisions"}],"predecessor-version":[{"id":17717,"href":"https:\/\/www.fumssar.com.br\/index.php?rest_route=\/wp\/v2\/pages\/285\/revisions\/17717"}],"up":[{"embeddable":true,"href":"https:\/\/www.fumssar.com.br\/index.php?rest_route=\/wp\/v2\/pages\/229"}],"wp:attachment":[{"href":"https:\/\/www.fumssar.com.br\/index.php?rest_route=%2Fwp%2Fv2%2Fmedia&parent=285"}],"curies":[{"name":"wp","href":"https:\/\/api.w.org\/{rel}","templated":true}]}}