{"id":283,"date":"2013-12-06T10:47:18","date_gmt":"2013-12-06T10:47:18","guid":{"rendered":"http:\/\/www.fumssar.com.br\/?page_id=283"},"modified":"2021-05-19T14:06:53","modified_gmt":"2021-05-19T17:06:53","slug":"laboratorio-municipal-de-analises-clinicas","status":"publish","type":"page","link":"https:\/\/www.fumssar.com.br\/?page_id=283","title":{"rendered":"Laborat\u00f3rio Municipal de An\u00e1lises Cl\u00ednicas"},"content":{"rendered":"<h3><strong>Laborat\u00f3rio Municipal de An\u00e1lises Cl\u00ednicas<\/strong><\/h3>\n<h4><strong>Contatos<\/strong><\/h4>\n<p><strong>Telefone:<\/strong> (55) 3513-5163<br \/>\n<strong>Email:<\/strong> laboratorio@fumssar.com.br<\/p>\n<p>&#8212;<\/p>\n<h4><strong>Endere\u00e7o<\/strong><\/h4>\n<p>Rua Boa Vista, 401, Centro, Santa Rosa &#8211; RS, 98780-066<\/p>\n<p><iframe loading=\"lazy\" style=\"border: 0;\" src=\"https:\/\/www.google.com\/maps\/embed?pb=!1m18!1m12!1m3!1d2111.087759172754!2d-54.48733181456784!3d-27.86823962221648!2m3!1f0!2f0!3f0!3m2!1i1024!2i768!4f13.1!3m3!1m2!1s0x94f93436fe9515a1%3A0xd95db95690adb641!2sHEMOCENTRO+SANTA+ROSA!5e1!3m2!1spt-BR!2sbr!4v1469532632249\" width=\"400\" height=\"300\" frameborder=\"0\" allowfullscreen=\"allowfullscreen\"><\/iframe><\/p>\n<p>&#8212;<\/p>\n<h4><strong>Hor\u00e1rio de Funcionamento<\/strong><\/h4>\n<p>7:00h \u00e0s 11:30h<br \/>\n13:30h \u00e0s 17:00h<\/p>\n<p>&#8212;<\/p>\n<h4><strong>Equipe<\/strong><\/h4>\n<p>2 Bioqu\u00edmicas<br \/>\n5 T\u00e9cnicos de enfermagem<br \/>\n1 T\u00e9cnico de laborat\u00f3rio<br \/>\n1 Auxiliar de servi\u00e7os gerais<\/p>\n<p>&#8212;<\/p>\n<h4><strong>Sobre o Laborat\u00f3rio Municipal de An\u00e1lises Cl\u00ednicas<\/strong><\/h4>\n<p align=\"justify\">O Laborat\u00f3rio FUMSSAR existe h\u00e1 13 anos, com o principal objetivo de atender as demandas de exames laboratoriais solicitados pelos prescritores das Unidades B\u00e1sicas de Santa Rosa.<\/p>\n<p align=\"justify\">Atualmente o Laborat\u00f3rio FUMSSAR atende as 19 Unidades de Sa\u00fade, os CAPS, o SAE e o Centro de Especialidades, onde os pacientes s\u00e3o devidamente agendados nestes locais via sistema informatizado.<\/p>\n<p align=\"justify\">Diariamente s\u00e3o agendados 80 pacientes, sendo em m\u00e9dia analisados 350 exames\/dia. S\u00e3o realizados exames de bioqu\u00edmica, hematologia, uroan\u00e1lise, imunologia, horm\u00f4nios, culturas em geral, sempre contemplando e seguindo os protocolos estabelecidos pelo Minist\u00e9rio da Sa\u00fade.<\/p>\n<p align=\"justify\">O Laborat\u00f3rio FUMSSAR participa do Controle de Qualidade da Sociedade Brasileira de An\u00e1lises Clinicas tendo alcan\u00e7ado padr\u00e3o EXCEL\u00caNCIA em suas an\u00e1lises.<\/p>\n","protected":false},"excerpt":{"rendered":"<p>Laborat\u00f3rio Municipal de An\u00e1lises Cl\u00ednicas Contatos Telefone: (55) 3513-5163 Email: laboratorio@fumssar.com.br &#8212; Endere\u00e7o Rua Boa&#8230;<\/p>\n","protected":false},"author":1,"featured_media":0,"parent":229,"menu_order":0,"comment_status":"closed","ping_status":"open","template":"","meta":{"footnotes":""},"_links":{"self":[{"href":"https:\/\/www.fumssar.com.br\/index.php?rest_route=\/wp\/v2\/pages\/283"}],"collection":[{"href":"https:\/\/www.fumssar.com.br\/index.php?rest_route=\/wp\/v2\/pages"}],"about":[{"href":"https:\/\/www.fumssar.com.br\/index.php?rest_route=\/wp\/v2\/types\/page"}],"author":[{"embeddable":true,"href":"https:\/\/www.fumssar.com.br\/index.php?rest_route=\/wp\/v2\/users\/1"}],"replies":[{"embeddable":true,"href":"https:\/\/www.fumssar.com.br\/index.php?rest_route=%2Fwp%2Fv2%2Fcomments&post=283"}],"version-history":[{"count":7,"href":"https:\/\/www.fumssar.com.br\/index.php?rest_route=\/wp\/v2\/pages\/283\/revisions"}],"predecessor-version":[{"id":17125,"href":"https:\/\/www.fumssar.com.br\/index.php?rest_route=\/wp\/v2\/pages\/283\/revisions\/17125"}],"up":[{"embeddable":true,"href":"https:\/\/www.fumssar.com.br\/index.php?rest_route=\/wp\/v2\/pages\/229"}],"wp:attachment":[{"href":"https:\/\/www.fumssar.com.br\/index.php?rest_route=%2Fwp%2Fv2%2Fmedia&parent=283"}],"curies":[{"name":"wp","href":"https:\/\/api.w.org\/{rel}","templated":true}]}}