{"id":279,"date":"2013-12-06T10:45:04","date_gmt":"2013-12-06T10:45:04","guid":{"rendered":"http:\/\/www.fumssar.com.br\/?page_id=279"},"modified":"2025-04-14T16:23:59","modified_gmt":"2025-04-14T19:23:59","slug":"vigilancia-em-saude","status":"publish","type":"page","link":"https:\/\/www.fumssar.com.br\/?page_id=279","title":{"rendered":"Vigil\u00e2ncia em Sa\u00fade"},"content":{"rendered":"<h3><strong>Vigil\u00e2ncia em Sa\u00fade<\/strong><\/h3>\n<h4><\/h4>\n<h4><strong><br \/>\nContatos<\/strong><\/h4>\n<p><span style=\"color: #008080;\"><strong>Telefones:<\/strong> <\/span><br \/>\nVigil\u00e2ncia Ambiental: (55) 3513-5148<br \/>\nVigil\u00e2ncia Sanit\u00e1ria: (55) 3513-5155<br \/>\nVigil\u00e2ncia Epidemiol\u00f3gica: (55) 3513-5156<\/p>\n<p><span style=\"color: #008080;\"><strong>Email:<\/strong><\/span> vigilanciaemsaude@fumssar.com.br<\/p>\n<p>&#8212;<\/p>\n<h4><strong>Endere\u00e7o<\/strong><\/h4>\n<p>Rua Francisco Timm, 480, Centro, Santa Rosa &#8211; RS, 98780-803<\/p>\n<p><iframe loading=\"lazy\" style=\"border: 0;\" src=\"https:\/\/www.google.com\/maps\/embed?pb=!1m18!1m12!1m3!1d1041.231337642245!2d-54.48518296234165!3d-27.868571722568547!2m3!1f0!2f0!3f0!3m2!1i1024!2i768!4f13.1!3m3!1m2!1s0x94f9343427dfe3b7%3A0xd098ba264976a973!2sR.+Dr.+Francisco+Timm%2C+480+-+Centro%2C+Santa+Rosa+-+RS%2C+98900-000!5e1!3m2!1spt-BR!2sbr!4v1467921740795\" width=\"400\" height=\"300\" frameborder=\"0\" allowfullscreen=\"allowfullscreen\"><\/iframe><\/p>\n<p>&#8212;<\/p>\n<h4><strong>Hor\u00e1rio de Funcionamento<\/strong><\/h4>\n<p>De segunda \u00e0 sexta-feira<br \/>\nDas 7:30h as 11:30h e das 13:30h as 17:30h<\/p>\n<p>&#8212;<\/p>\n<h4><strong>Divis\u00f5es<\/strong><\/h4>\n<p align=\"justify\">A <strong>vigil\u00e2ncia epidemiol\u00f3gica<\/strong> \u00e9 composta por uma equipe de duas enfermeiras. Seu prop\u00f3sito \u00e9 fornecer orienta\u00e7\u00e3o t\u00e9cnica permanente para os que t\u00eam a responsabilidade de decidir sobre a execu\u00e7\u00e3o de a\u00e7\u00f5es de controle de doen\u00e7as e agravos. Tem como fun\u00e7\u00f5es, dentre outras, a coleta e processamento de dados; an\u00e1lise e interpreta\u00e7\u00e3o dos dados processados; divulga\u00e7\u00e3o das informa\u00e7\u00f5es; investiga\u00e7\u00e3o epidemiol\u00f3gica de casos e surtos; an\u00e1lise dos resultados obtidos; e recomenda\u00e7\u00f5es e promo\u00e7\u00e3o das medidas de controle indicadas.<br \/>\n<i>Telefone 3513-5156<\/i><\/p>\n<p align=\"justify\">A <strong>vigil\u00e2ncia ambiental em sa\u00fade<\/strong> \u00e9 composta por 1 Coordenador, 23 Agentes de Combate \u00e0 Endemias e 3 Supervisores de Campo, e visa o conhecimento e \u00e0 detec\u00e7\u00e3o ou preven\u00e7\u00e3o de qualquer mudan\u00e7a nos fatores determinantes e condicionantes do ambiente que interferiram na sa\u00fade humana para se recomendar e adotar medidas de preven\u00e7\u00e3o e controle dos fatores de risco, relacionados \u00e0s doen\u00e7as e outros agravos \u00e0 sa\u00fade.<br \/>\n<i>Telefone 3513-5148<\/i><\/p>\n<p align=\"justify\">A <strong>vigil\u00e2ncia em sa\u00fade do trabalhador<\/strong> caracteriza-se por ser um conjunto de atividades destinadas \u00e0 promo\u00e7\u00e3o e prote\u00e7\u00e3o, recupera\u00e7\u00e3o e reabilita\u00e7\u00e3o da sa\u00fade dos trabalhadores submetidos aos riscos e agravos advindos das condi\u00e7\u00f5es de trabalho, e possui uma equipe multiprofissional.<br \/>\n<i>Telefone 3513-5165<\/i><\/p>\n<p align=\"justify\">A <strong>vigil\u00e2ncia sanit\u00e1ria<\/strong> \u00e9 entendida como um conjunto de a\u00e7\u00f5es capazes de eliminar, diminuir ou prevenir riscos \u00e0 sa\u00fade e de intervir nos problemas sanit\u00e1rios decorrentes do meio ambiente, na produ\u00e7\u00e3o e circula\u00e7\u00e3o de bens e na presta\u00e7\u00e3o de servi\u00e7os de interesse da sa\u00fade. Abrange o controle de bens de consumo que, direta ou indiretamente, se relacionem com a sa\u00fade, compreendidas todas as etapas e processos, da produ\u00e7\u00e3o ao consumo; e o controle da presta\u00e7\u00e3o de servi\u00e7os que, direta ou indiretamente, se relacionam com a sa\u00fade. A equipe da vigil\u00e2ncia sanit\u00e1ria \u00e9 composta por 4 Fiscais sanit\u00e1rios. As atividades de inspe\u00e7\u00e3o, exercidas pelas autoridades sanit\u00e1rias, s\u00e3o priorizadas considerando o risco \u00e0 sa\u00fade, geradas tamb\u00e9m a partir de den\u00fancias ou solicita\u00e7\u00f5es de outros \u00f3rg\u00e3os e organizadas conforme o Plano de A\u00e7\u00e3o de Vigil\u00e2ncia Sanit\u00e1ria do munic\u00edpio.<\/p>\n<p>&#8212;<\/p>\n<h4><strong>Campanhas e Programas<\/strong><\/h4>\n<p align=\"justify\"><strong>Disk Den\u00fancia &#8211; 3513-5101<\/strong><br \/>\nNeste canal, \u00e9 poss\u00edvel fazer den\u00fancia sobre condi\u00e7\u00f5es sanit\u00e1rias insatisfat\u00f3rias de Estabelecimentos sujeitos \u00e0 Vigil\u00e2ncia Sanit\u00e1ria (Alimentos, Medicamentos, Produtos, Servi\u00e7os de Interesse da Sa\u00fade), Servi\u00e7os Veterin\u00e1rios, den\u00fancias de vigil\u00e2ncia em sa\u00fade do trabalhador e de assuntos relativos \u00e0 vigil\u00e2ncia em sa\u00fade ambiental, como de poss\u00edveis focos de mosquito.<\/p>\n<p align=\"justify\"><strong>Sala de controle e combate ao mosquito Aedes Aegypti<\/strong><br \/>\nAtua no sentido de propor a\u00e7\u00f5es estrat\u00e9gicas para o combate ao vetor, dissemina\u00e7\u00e3o de informa\u00e7\u00f5es sobre os casos confirmados das doen\u00e7as transmitidas pelo mosquito &#8211; dengue, chikungunya e zika v\u00edrus, al\u00e9m de construir indicadores. Atua ainda no planejamento estrat\u00e9gico de combate \u00e0 dengue. Participam das reuni\u00f5es de planejamento e execu\u00e7\u00e3o das a\u00e7\u00f5es de combate ao mosquito os mais diversos setores da sociedade.<\/p>\n<p><a href=\"http:\/\/www.fumssar.com.br\/wp-content\/uploads\/2016\/07\/cartaz_dengue1.png\"><img decoding=\"async\" class=\"\" src=\"http:\/\/www.fumssar.com.br\/wp-content\/uploads\/2016\/07\/cartaz_dengue1.png\" width=\"450\" height=\"\" \/><\/a><\/p>\n","protected":false},"excerpt":{"rendered":"<p>Vigil\u00e2ncia em Sa\u00fade Contatos Telefones: Vigil\u00e2ncia Ambiental: (55) 3513-5148 Vigil\u00e2ncia Sanit\u00e1ria: (55) 3513-5155 Vigil\u00e2ncia Epidemiol\u00f3gica:&#8230;<\/p>\n","protected":false},"author":1,"featured_media":0,"parent":229,"menu_order":0,"comment_status":"closed","ping_status":"open","template":"","meta":{"footnotes":""},"_links":{"self":[{"href":"https:\/\/www.fumssar.com.br\/index.php?rest_route=\/wp\/v2\/pages\/279"}],"collection":[{"href":"https:\/\/www.fumssar.com.br\/index.php?rest_route=\/wp\/v2\/pages"}],"about":[{"href":"https:\/\/www.fumssar.com.br\/index.php?rest_route=\/wp\/v2\/types\/page"}],"author":[{"embeddable":true,"href":"https:\/\/www.fumssar.com.br\/index.php?rest_route=\/wp\/v2\/users\/1"}],"replies":[{"embeddable":true,"href":"https:\/\/www.fumssar.com.br\/index.php?rest_route=%2Fwp%2Fv2%2Fcomments&post=279"}],"version-history":[{"count":27,"href":"https:\/\/www.fumssar.com.br\/index.php?rest_route=\/wp\/v2\/pages\/279\/revisions"}],"predecessor-version":[{"id":29098,"href":"https:\/\/www.fumssar.com.br\/index.php?rest_route=\/wp\/v2\/pages\/279\/revisions\/29098"}],"up":[{"embeddable":true,"href":"https:\/\/www.fumssar.com.br\/index.php?rest_route=\/wp\/v2\/pages\/229"}],"wp:attachment":[{"href":"https:\/\/www.fumssar.com.br\/index.php?rest_route=%2Fwp%2Fv2%2Fmedia&parent=279"}],"curies":[{"name":"wp","href":"https:\/\/api.w.org\/{rel}","templated":true}]}}