{"id":26074,"date":"2024-01-18T14:35:29","date_gmt":"2024-01-18T17:35:29","guid":{"rendered":"http:\/\/www.fumssar.com.br\/?page_id=26074"},"modified":"2024-01-18T14:38:58","modified_gmt":"2024-01-18T17:38:58","slug":"publicacoes-legais-concursos-e-selecoes-publicas-2024","status":"publish","type":"page","link":"https:\/\/www.fumssar.com.br\/?page_id=26074","title":{"rendered":"Publica\u00e7\u00f5es Legais > Concursos e Sele\u00e7\u00f5es P\u00fablicas > 2024"},"content":{"rendered":"\n<h4><a href=\"http:\/\/www.fumssar.com.br\/?cat=250\"><li>CIEE<\/li><\/a><\/h4>\n<h4><a href=\"http:\/\/www.fumssar.com.br\/?cat=251\"><li>Concurso P\u00fablico 2024<\/li><\/a><\/h4>\n<h4><a href=\"http:\/\/www.fumssar.com.br\/?cat=253\"><li>Sele\u00e7\u00e3o P\u00fablica 2024<\/li><\/a><\/h4>\n<h4><a href=\"http:\/\/www.fumssar.com.br\/?cat=252\"><li>Editais de Convoca\u00e7\u00e3o<\/li><\/a><\/h4>\n","protected":false},"excerpt":{"rendered":"<p>CIEE Concurso P\u00fablico 2024 Sele\u00e7\u00e3o P\u00fablica 2024 Editais de Convoca\u00e7\u00e3o<\/p>\n","protected":false},"author":16,"featured_media":0,"parent":242,"menu_order":0,"comment_status":"closed","ping_status":"closed","template":"","meta":{"footnotes":""},"_links":{"self":[{"href":"https:\/\/www.fumssar.com.br\/index.php?rest_route=\/wp\/v2\/pages\/26074"}],"collection":[{"href":"https:\/\/www.fumssar.com.br\/index.php?rest_route=\/wp\/v2\/pages"}],"about":[{"href":"https:\/\/www.fumssar.com.br\/index.php?rest_route=\/wp\/v2\/types\/page"}],"author":[{"embeddable":true,"href":"https:\/\/www.fumssar.com.br\/index.php?rest_route=\/wp\/v2\/users\/16"}],"replies":[{"embeddable":true,"href":"https:\/\/www.fumssar.com.br\/index.php?rest_route=%2Fwp%2Fv2%2Fcomments&post=26074"}],"version-history":[{"count":3,"href":"https:\/\/www.fumssar.com.br\/index.php?rest_route=\/wp\/v2\/pages\/26074\/revisions"}],"predecessor-version":[{"id":30882,"href":"https:\/\/www.fumssar.com.br\/index.php?rest_route=\/wp\/v2\/pages\/26074\/revisions\/30882"}],"up":[{"embeddable":true,"href":"https:\/\/www.fumssar.com.br\/index.php?rest_route=\/wp\/v2\/pages\/242"}],"wp:attachment":[{"href":"https:\/\/www.fumssar.com.br\/index.php?rest_route=%2Fwp%2Fv2%2Fmedia&parent=26074"}],"curies":[{"name":"wp","href":"https:\/\/api.w.org\/{rel}","templated":true}]}}