{"id":26050,"date":"2024-01-18T11:27:23","date_gmt":"2024-01-18T14:27:23","guid":{"rendered":"http:\/\/www.fumssar.com.br\/?page_id=26050"},"modified":"2024-01-18T11:33:24","modified_gmt":"2024-01-18T14:33:24","slug":"publicacoes-legais-licitacoes-2024","status":"publish","type":"page","link":"https:\/\/www.fumssar.com.br\/?page_id=26050","title":{"rendered":"Publica\u00e7\u00f5es Legais > Licita\u00e7\u00f5es > 2024"},"content":{"rendered":"\n<h4><a href=\"http:\/\/www.fumssar.com.br\/?cat=239\"><li>Ata de Preg\u00e3o<\/li><\/a><\/h4>\n<h4><a href=\"http:\/\/www.fumssar.com.br\/?cat=240\"><li>Ata de Registro de Pre\u00e7o<\/li><\/a><\/h4>\n<h4><a href=\"http:\/\/www.fumssar.com.br\/?cat=241\"><li>Chamamento P\u00fablico<\/li><\/a><\/h4>\n<h4><a href=\"http:\/\/www.fumssar.com.br\/?cat=242\"><li>Concorr\u00eancia<\/li><\/a><\/h4>\n<h4><a href=\"http:\/\/www.fumssar.com.br\/?cat=243\"><li>Dispensa de Licita\u00e7\u00e3o<\/li><\/a><\/h4>\n<h4><a href=\"http:\/\/www.fumssar.com.br\/?cat=244\"><li>Inexigibilidade de Licita\u00e7\u00e3o<\/li><\/a><\/h4>\n<h4><a href=\"http:\/\/www.fumssar.com.br\/?cat=245\"><li>Preg\u00e3o Eletr\u00f4nico<\/li><\/a><\/h4>\n<h4><a href=\"http:\/\/www.fumssar.com.br\/?cat=246\"><li>Preg\u00e3o Presencial<\/li><\/a><\/h4>\n<h4><a href=\"http:\/\/www.fumssar.com.br\/?cat=247\"><li>Tomada de Pre\u00e7o<\/li><\/a><\/h4>\n","protected":false},"excerpt":{"rendered":"<p>Ata de Preg\u00e3o Ata de Registro de Pre\u00e7o Chamamento P\u00fablico Concorr\u00eancia Dispensa de Licita\u00e7\u00e3o Inexigibilidade&#8230;<\/p>\n","protected":false},"author":16,"featured_media":0,"parent":238,"menu_order":0,"comment_status":"closed","ping_status":"closed","template":"","meta":{"footnotes":""},"_links":{"self":[{"href":"https:\/\/www.fumssar.com.br\/index.php?rest_route=\/wp\/v2\/pages\/26050"}],"collection":[{"href":"https:\/\/www.fumssar.com.br\/index.php?rest_route=\/wp\/v2\/pages"}],"about":[{"href":"https:\/\/www.fumssar.com.br\/index.php?rest_route=\/wp\/v2\/types\/page"}],"author":[{"embeddable":true,"href":"https:\/\/www.fumssar.com.br\/index.php?rest_route=\/wp\/v2\/users\/16"}],"replies":[{"embeddable":true,"href":"https:\/\/www.fumssar.com.br\/index.php?rest_route=%2Fwp%2Fv2%2Fcomments&post=26050"}],"version-history":[{"count":2,"href":"https:\/\/www.fumssar.com.br\/index.php?rest_route=\/wp\/v2\/pages\/26050\/revisions"}],"predecessor-version":[{"id":26053,"href":"https:\/\/www.fumssar.com.br\/index.php?rest_route=\/wp\/v2\/pages\/26050\/revisions\/26053"}],"up":[{"embeddable":true,"href":"https:\/\/www.fumssar.com.br\/index.php?rest_route=\/wp\/v2\/pages\/238"}],"wp:attachment":[{"href":"https:\/\/www.fumssar.com.br\/index.php?rest_route=%2Fwp%2Fv2%2Fmedia&parent=26050"}],"curies":[{"name":"wp","href":"https:\/\/api.w.org\/{rel}","templated":true}]}}