{"id":25895,"date":"2023-12-29T09:58:15","date_gmt":"2023-12-29T12:58:15","guid":{"rendered":"http:\/\/www.fumssar.com.br\/?page_id=25895"},"modified":"2025-01-02T10:03:55","modified_gmt":"2025-01-02T13:03:55","slug":"plano-anual-de-contratacoes","status":"publish","type":"page","link":"https:\/\/www.fumssar.com.br\/?page_id=25895","title":{"rendered":"Plano Anual de Contrata\u00e7\u00f5es"},"content":{"rendered":"\n<p>O  Plano de Contrata\u00e7\u00e3o Anual (PCA) \u00e9 uma inova\u00e7\u00e3o trazida pela Lei  14.133\/21 e foi regulamentado pelo Decreto 10.947\/22 e a sua elabora\u00e7\u00e3o  tem o objetivo de promover o planejamento, efici\u00eancia e a boa gest\u00e3o  or\u00e7ament\u00e1ria. <\/p>\n\n\n\n<p>Nesse intuito, o Presidente da FUMSSAR, D\u00e9lcio Stefan em conjunto com as Diretorias: Gest\u00e3o Administrativa, Gest\u00e3o Estrat\u00e9gica e Participativa, Gest\u00e3o da Aten\u00e7\u00e3o Prim\u00e1ria e Gest\u00e3o da Rede Complementar em Sa\u00fade, PUBLICA nesta data o planejamento de compras e contrata\u00e7\u00e3o para 2025, conforme os anexos que seguem.<\/p>\n\n\n\n<p><a href=\"http:\/\/www.fumssar.com.br\/wp-content\/uploads\/2025\/01\/PAC-2025-DGRCS.pdf\" target=\"_blank\" rel=\"noopener noreferrer\"><img decoding=\"async\" class=\"\" src=\"http:\/\/www.fumssar.com.br\/wp-content\/uploads\/2016\/07\/icone-pdf1.gif\" alt=\"\" width=\"\" height=\"\">PAC &#8211; DGRCS<\/a><\/p>\n\n\n\n<p><a href=\"http:\/\/www.fumssar.com.br\/wp-content\/uploads\/2025\/01\/PAC-2025-DEP-PESSOAL.pdf\" target=\"_blank\" rel=\"noopener noreferrer\"><img decoding=\"async\" class=\"\" src=\"http:\/\/www.fumssar.com.br\/wp-content\/uploads\/2016\/07\/icone-pdf1.gif\" alt=\"\" width=\"\" height=\"\">PAC &#8211; DEP PESSOAL<\/a><\/p>\n\n\n\n<p><a href=\"http:\/\/www.fumssar.com.br\/wp-content\/uploads\/2025\/01\/PAC-2025-DGEP.pdf\" target=\"_blank\" rel=\"noopener noreferrer\"><img decoding=\"async\" class=\"\" src=\"http:\/\/www.fumssar.com.br\/wp-content\/uploads\/2016\/07\/icone-pdf1.gif\" alt=\"\" width=\"\" height=\"\">PAC &#8211; DGEP<\/a><\/p>\n\n\n\n<p><a href=\"http:\/\/www.fumssar.com.br\/wp-content\/uploads\/2025\/01\/PAC-2025-DGAPS.pdf\" target=\"_blank\" rel=\"noopener noreferrer\"><img decoding=\"async\" class=\"\" src=\"http:\/\/www.fumssar.com.br\/wp-content\/uploads\/2016\/07\/icone-pdf1.gif\" alt=\"\" width=\"\" height=\"\">PAC &#8211; DGAPS<\/a><\/p>\n","protected":false},"excerpt":{"rendered":"<p>O Plano de Contrata\u00e7\u00e3o Anual (PCA) \u00e9 uma inova\u00e7\u00e3o trazida pela Lei 14.133\/21 e foi&#8230;<\/p>\n","protected":false},"author":1,"featured_media":0,"parent":0,"menu_order":0,"comment_status":"closed","ping_status":"closed","template":"","meta":{"footnotes":""},"_links":{"self":[{"href":"https:\/\/www.fumssar.com.br\/index.php?rest_route=\/wp\/v2\/pages\/25895"}],"collection":[{"href":"https:\/\/www.fumssar.com.br\/index.php?rest_route=\/wp\/v2\/pages"}],"about":[{"href":"https:\/\/www.fumssar.com.br\/index.php?rest_route=\/wp\/v2\/types\/page"}],"author":[{"embeddable":true,"href":"https:\/\/www.fumssar.com.br\/index.php?rest_route=\/wp\/v2\/users\/1"}],"replies":[{"embeddable":true,"href":"https:\/\/www.fumssar.com.br\/index.php?rest_route=%2Fwp%2Fv2%2Fcomments&post=25895"}],"version-history":[{"count":7,"href":"https:\/\/www.fumssar.com.br\/index.php?rest_route=\/wp\/v2\/pages\/25895\/revisions"}],"predecessor-version":[{"id":28358,"href":"https:\/\/www.fumssar.com.br\/index.php?rest_route=\/wp\/v2\/pages\/25895\/revisions\/28358"}],"wp:attachment":[{"href":"https:\/\/www.fumssar.com.br\/index.php?rest_route=%2Fwp%2Fv2%2Fmedia&parent=25895"}],"curies":[{"name":"wp","href":"https:\/\/api.w.org\/{rel}","templated":true}]}}