{"id":23000,"date":"2023-01-02T10:59:16","date_gmt":"2023-01-02T13:59:16","guid":{"rendered":"http:\/\/www.fumssar.com.br\/?page_id=23000"},"modified":"2023-01-02T11:15:49","modified_gmt":"2023-01-02T14:15:49","slug":"publicacoes-legais-licitacoes-2023","status":"publish","type":"page","link":"https:\/\/www.fumssar.com.br\/?page_id=23000","title":{"rendered":"Publica\u00e7\u00f5es Legais > Licita\u00e7\u00f5es > 2023"},"content":{"rendered":"\n<h4><a href=\"http:\/\/www.fumssar.com.br\/?cat=215\"><li>Ata de Preg\u00e3o<\/li><\/a><\/h4>\n<h4><a href=\"http:\/\/www.fumssar.com.br\/?cat=216\"><li>Ata de Registro de Pre\u00e7o<\/li><\/a><\/h4>\n<h4><a href=\"http:\/\/www.fumssar.com.br\/?cat=217\"><li>Chamamento P\u00fablico<\/li><\/a><\/h4>\n<h4><a href=\"http:\/\/www.fumssar.com.br\/?cat=218\"><li>Concorr\u00eancia<\/li><\/a><\/h4>\n<h4><a href=\"http:\/\/www.fumssar.com.br\/?cat=219\"><li>Dispensa de Licita\u00e7\u00e3o<\/li><\/a><\/h4>\n<h4><a href=\"http:\/\/www.fumssar.com.br\/?cat=220\"><li>Inexigibilidade de Licita\u00e7\u00e3o<\/li><\/a><\/h4>\n<h4><a href=\"http:\/\/www.fumssar.com.br\/?cat=221\"><li>Preg\u00e3o Eletr\u00f4nico<\/li><\/a><\/h4>\n<h4><a href=\"http:\/\/www.fumssar.com.br\/?cat=222\"><li>Preg\u00e3o Presencial<\/li><\/a><\/h4>\n<h4><a href=\"http:\/\/www.fumssar.com.br\/?cat=223\"><li>Tomada de Pre\u00e7o<\/li><\/a><\/h4>\n","protected":false},"excerpt":{"rendered":"<p>Ata de Preg\u00e3o Ata de Registro de Pre\u00e7o Chamamento P\u00fablico Concorr\u00eancia Dispensa de Licita\u00e7\u00e3o Inexigibilidade&#8230;<\/p>\n","protected":false},"author":16,"featured_media":0,"parent":238,"menu_order":0,"comment_status":"closed","ping_status":"closed","template":"","meta":{"footnotes":""},"_links":{"self":[{"href":"https:\/\/www.fumssar.com.br\/index.php?rest_route=\/wp\/v2\/pages\/23000"}],"collection":[{"href":"https:\/\/www.fumssar.com.br\/index.php?rest_route=\/wp\/v2\/pages"}],"about":[{"href":"https:\/\/www.fumssar.com.br\/index.php?rest_route=\/wp\/v2\/types\/page"}],"author":[{"embeddable":true,"href":"https:\/\/www.fumssar.com.br\/index.php?rest_route=\/wp\/v2\/users\/16"}],"replies":[{"embeddable":true,"href":"https:\/\/www.fumssar.com.br\/index.php?rest_route=%2Fwp%2Fv2%2Fcomments&post=23000"}],"version-history":[{"count":2,"href":"https:\/\/www.fumssar.com.br\/index.php?rest_route=\/wp\/v2\/pages\/23000\/revisions"}],"predecessor-version":[{"id":23002,"href":"https:\/\/www.fumssar.com.br\/index.php?rest_route=\/wp\/v2\/pages\/23000\/revisions\/23002"}],"up":[{"embeddable":true,"href":"https:\/\/www.fumssar.com.br\/index.php?rest_route=\/wp\/v2\/pages\/238"}],"wp:attachment":[{"href":"https:\/\/www.fumssar.com.br\/index.php?rest_route=%2Fwp%2Fv2%2Fmedia&parent=23000"}],"curies":[{"name":"wp","href":"https:\/\/api.w.org\/{rel}","templated":true}]}}