{"id":229,"date":"2013-12-02T15:24:12","date_gmt":"2013-12-02T15:24:12","guid":{"rendered":"http:\/\/www.fumssar.com.br\/?page_id=229"},"modified":"2023-09-22T08:40:14","modified_gmt":"2023-09-22T11:40:14","slug":"departamento-de-gestao-da-atencao-basica-a-saude","status":"publish","type":"page","link":"https:\/\/www.fumssar.com.br\/?page_id=229","title":{"rendered":"Departamento de Gest\u00e3o da Aten\u00e7\u00e3o B\u00e1sica \u00e0 Sa\u00fade"},"content":{"rendered":"<h3><strong>Departamento de Gest\u00e3o da Aten\u00e7\u00e3o B\u00e1sica \u00e0 Sa\u00fade<\/strong><\/h3>\n<h4><strong>Contatos<\/strong><\/h4>\n<p><strong>Telefone:<\/strong> (55) 3513-5118\u00a0 e\u00a0 (55) 3513-5119<br \/>\n<strong>Email:<\/strong> abasica@fumssar.com.br<\/p>\n<p>&#8212;<\/p>\n<h4><strong>Divis\u00f5es<\/strong><\/h4>\n<ul>\n<li><a href=\"http:\/\/www.fumssar.com.br\/?page_id=287\">Apoio a Aten\u00e7\u00e3o Prim\u00e1ria \u00e0 Sa\u00fade<\/a><\/li>\n<\/ul>\n<ul>\n<li><a href=\"http:\/\/www.fumssar.com.br\/?page_id=285\">Farm\u00e1cia Municipal &#8211; Assist\u00eancia Farmac\u00eautica<\/a><\/li>\n<\/ul>\n<ul>\n<li><a href=\"http:\/\/www.fumssar.com.br\/?page_id=291\">Centro de Aten\u00e7\u00e3o Psicossocial<\/a><\/li>\n<\/ul>\n<ul>\n<li><a href=\"http:\/\/www.fumssar.com.br\/?page_id=283\">Laborat\u00f3rio Municipal de An\u00e1lises Cl\u00ednicas<\/a><\/li>\n<\/ul>\n<ul>\n<li><a href=\"http:\/\/www.fumssar.com.br\/?page_id=279\">Vigil\u00e2ncia em Sa\u00fade<\/a><\/li>\n<\/ul>\n<p>&#8212;<\/p>\n<h4><strong>Endere\u00e7o<\/strong><\/h4>\n<p>Rua Francisco Timm, 480, Centro, Santa Rosa &#8211; RS, 98780-803<\/p>\n<p><iframe loading=\"lazy\" style=\"border: 0;\" src=\"https:\/\/www.google.com\/maps\/embed?pb=!1m18!1m12!1m3!1d1041.231337642245!2d-54.48518296234165!3d-27.868571722568547!2m3!1f0!2f0!3f0!3m2!1i1024!2i768!4f13.1!3m3!1m2!1s0x94f9343427dfe3b7%3A0xd098ba264976a973!2sR.+Dr.+Francisco+Timm%2C+480+-+Centro%2C+Santa+Rosa+-+RS%2C+98900-000!5e1!3m2!1spt-BR!2sbr!4v1467921740795\" width=\"400\" height=\"300\" frameborder=\"0\" allowfullscreen=\"allowfullscreen\"><\/iframe><\/p>\n<p>&#8212;<\/p>\n<h4><strong>Atividades<\/strong><\/h4>\n<p align=\"justify\">O Departamento da Gest\u00e3o da Aten\u00e7\u00e3o Prim\u00e1ria \u00e0 Sa\u00fade (APS), \u00e9 um dos departamentos da Funda\u00e7\u00e3o Municipal de Sa\u00fade de Santa Rosa (FUMSSAR) que \u00e9 respons\u00e1vel por coordenar o cuidado de sa\u00fade a n\u00edvel b\u00e1sico e articular a rede de cuidados dos demais n\u00edveis de aten\u00e7\u00e3o.<\/p>\n<p align=\"justify\">O referido departamento realiza o gerenciamento dos servi\u00e7os de sa\u00fade seguindo os princ\u00edpios norteadores do SUS, com \u00eanfase na promo\u00e7\u00e3o, preven\u00e7\u00e3o, reabilita\u00e7\u00e3o da sa\u00fade e no acesso universal e igualit\u00e1rio atrav\u00e9s dos territ\u00f3rios adscritos. Atualmente s\u00e3o dezessete territ\u00f3rios de sa\u00fade coordenados pelas unidades de sa\u00fade do munic\u00edpio que s\u00e3o integrantes da Estrat\u00e9gia Sa\u00fade da Fam\u00edlia (ESF).<\/p>\n<p align=\"justify\">A ESF visa \u00e0 mudan\u00e7a do modelo assistencial com enfoque na integralidade da aten\u00e7\u00e3o e no gerenciamento do cuidado individual e coletivo realizado por meio de equipes multiprofissionais. Cada ESF possui equipe m\u00ednima em sua composi\u00e7\u00e3o conforme preconizado pelo Minist\u00e9rio da Sa\u00fade por auxiliares\/t\u00e9cnicos de enfermagem, m\u00e9dico, enfermeiro e agentes comunit\u00e1rios de sa\u00fade, odont\u00f3logos, auxiliares de sa\u00fade bucal e profissionais de apoio que comp\u00f5e o N\u00facleo de Apoio \u00e0 Sa\u00fade da Fam\u00edlia (NASF).<\/p>\n<p align=\"justify\">As ESF realizam acolhimento das necessidades de sa\u00fade da popula\u00e7\u00e3o atrav\u00e9s da escuta qualificada das suas necessidades pela equipe multiprofissional. Os atendimentos visam a resolutividade das demandas por meio de agendamentos de consultas, encaminhamento e retorno de exames, prescri\u00e7\u00e3o medicamentosa e h\u00e1bitos saud\u00e1veis de vida, participa\u00e7\u00e3o em grupos, oficinas terap\u00eauticas, atendimentos individuais e compartilhados, acompanhamento domiciliar, dentre outros conforme o Projeto Terap\u00eautico Singular.<\/p>\n<p align=\"justify\">Tamb\u00e9m s\u00e3o realizados procedimentos t\u00e9cnicos de enfermagem como aferi\u00e7\u00e3o da press\u00e3o arterial, glicemia de jejum, curativos, verifica\u00e7\u00e3o de peso e altura, retirada de pontos, teste do pezinho, etc.<\/p>\n<p align=\"justify\">Nas unidades al\u00e9m de atendimentos individuais s\u00e3o realizados grupos de sa\u00fade, como grupos de atividade f\u00edsica, pessoas com doen\u00e7as cr\u00f4nicas n\u00e3o transmiss\u00edveis, de gestantes, de tabagismo, de puericultura, adolescentes, de pessoas com ostomias, al\u00e9m do Programa Sa\u00fade na Escola (PSE), Rodas de Conversa nos Territ\u00f3rios de oficinas terap\u00eauticas de trabalhos manuais, canto, teatro, fotografia, etc.<\/p>\n<p align=\"justify\">S\u00e3o realizadas a\u00e7\u00f5es educativas nos espa\u00e7os coletivos como escolas, grupos comunit\u00e1rios e orienta\u00e7\u00f5es individuais em temas como: autocuidado, alimenta\u00e7\u00e3o saud\u00e1vel, sexualidade, reprodu\u00e7\u00e3o e planejamento familiar, preven\u00e7\u00e3o de c\u00e2ncer de mama e colo de \u00fatero, aconselhamento sobre DST\/AIDS, cuidados com a gravidez, amamenta\u00e7\u00e3o, os riscos do tabagismo, terapia comunit\u00e1ria.<\/p>\n<p align=\"justify\">Uma atribui\u00e7\u00e3o comum a todos da equipe \u00e9 a realiza\u00e7\u00e3o de visita domiciliar por diferentes motivos. \u00c9 atrav\u00e9s das visitas domiciliares que s\u00e3o realizadas a\u00e7\u00f5es de busca ativa, acompanhamento dos casos considerados como risco no territ\u00f3rio, quer sejam de pacientes acamados, idosos, portadores de agravos cr\u00f4nicos dentre outros, podendo ser realizadas desde uma consulta m\u00e9dica, odontol\u00f3gica, de enfermagem e das \u00e1reas de apoio como nutri\u00e7\u00e3o, educa\u00e7\u00e3o f\u00edsica, psicologia, servi\u00e7o social, fisioterapia, fonoaudiologia e terapia ocupacional. Tamb\u00e9m s\u00e3o realizados procedimentos como curativo, controle de press\u00e3o arterial, glicemia capilar, dentre outros.<\/p>\n","protected":false},"excerpt":{"rendered":"<p>Departamento de Gest\u00e3o da Aten\u00e7\u00e3o B\u00e1sica \u00e0 Sa\u00fade Contatos Telefone: (55) 3513-5118\u00a0 e\u00a0 (55) 3513-5119&#8230;<\/p>\n","protected":false},"author":1,"featured_media":0,"parent":31,"menu_order":0,"comment_status":"closed","ping_status":"open","template":"","meta":{"footnotes":""},"_links":{"self":[{"href":"https:\/\/www.fumssar.com.br\/index.php?rest_route=\/wp\/v2\/pages\/229"}],"collection":[{"href":"https:\/\/www.fumssar.com.br\/index.php?rest_route=\/wp\/v2\/pages"}],"about":[{"href":"https:\/\/www.fumssar.com.br\/index.php?rest_route=\/wp\/v2\/types\/page"}],"author":[{"embeddable":true,"href":"https:\/\/www.fumssar.com.br\/index.php?rest_route=\/wp\/v2\/users\/1"}],"replies":[{"embeddable":true,"href":"https:\/\/www.fumssar.com.br\/index.php?rest_route=%2Fwp%2Fv2%2Fcomments&post=229"}],"version-history":[{"count":12,"href":"https:\/\/www.fumssar.com.br\/index.php?rest_route=\/wp\/v2\/pages\/229\/revisions"}],"predecessor-version":[{"id":25222,"href":"https:\/\/www.fumssar.com.br\/index.php?rest_route=\/wp\/v2\/pages\/229\/revisions\/25222"}],"up":[{"embeddable":true,"href":"https:\/\/www.fumssar.com.br\/index.php?rest_route=\/wp\/v2\/pages\/31"}],"wp:attachment":[{"href":"https:\/\/www.fumssar.com.br\/index.php?rest_route=%2Fwp%2Fv2%2Fmedia&parent=229"}],"curies":[{"name":"wp","href":"https:\/\/api.w.org\/{rel}","templated":true}]}}