{"id":224,"date":"2013-12-02T13:14:23","date_gmt":"2013-12-02T13:14:23","guid":{"rendered":"http:\/\/www.fumssar.com.br\/?page_id=224"},"modified":"2023-09-22T08:30:16","modified_gmt":"2023-09-22T11:30:16","slug":"departamento-de-gestao-da-rede-complementar-de-saude","status":"publish","type":"page","link":"https:\/\/www.fumssar.com.br\/?page_id=224","title":{"rendered":"Departamento de Gest\u00e3o da Rede Complementar de Sa\u00fade"},"content":{"rendered":"<h3><strong>Departamento de Gest\u00e3o da Rede Complementar de Sa\u00fade<\/strong><\/h3>\n<h4><strong>Contatos<\/strong><\/h4>\n<p><strong>Telefone:<\/strong> (55) 3513-5124<br \/>\n<strong>Email:<\/strong> redecomplementar@fumssar.com.br<\/p>\n<p>&#8212;<\/p>\n<h4><strong>Divis\u00f5es<\/strong><\/h4>\n<ul>\n<li><a href=\"http:\/\/www.fumssar.com.br\/?page_id=270\">Hemocentro<\/a><\/li>\n<li><a href=\"http:\/\/www.fumssar.com.br\/?page_id=283\">Laborat\u00f3rio Municipal de An\u00e1lises Cl\u00ednicas<\/a><\/li>\n<li><a href=\"http:\/\/www.fumssar.com.br\/?page_id=274\">Refer\u00eancia e Contra-Refer\u00eancia<\/a><\/li>\n<li><a href=\"http:\/\/www.fumssar.com.br\/?page_id=272\">Regula\u00e7\u00e3o<\/a><\/li>\n<li><a href=\"http:\/\/www.fumssar.com.br\/?page_id=8289\">CER<\/a><\/li>\n<li><a href=\"http:\/\/www.fumssar.com.br\/?page_id=8134\">CEREST<\/a><\/li>\n<\/ul>\n<p>&#8212;<\/p>\n<h4><strong>Endere\u00e7o<\/strong><\/h4>\n<p>Rua Francisco Timm, 480, Centro, Santa Rosa &#8211; RS, 98780-803<\/p>\n<p><iframe loading=\"lazy\" style=\"border: 0;\" src=\"https:\/\/www.google.com\/maps\/embed?pb=!1m18!1m12!1m3!1d1041.231337642245!2d-54.48518296234165!3d-27.868571722568547!2m3!1f0!2f0!3f0!3m2!1i1024!2i768!4f13.1!3m3!1m2!1s0x94f9343427dfe3b7%3A0xd098ba264976a973!2sR.+Dr.+Francisco+Timm%2C+480+-+Centro%2C+Santa+Rosa+-+RS%2C+98900-000!5e1!3m2!1spt-BR!2sbr!4v1467921740795\" width=\"400\" height=\"300\" frameborder=\"0\" allowfullscreen=\"allowfullscreen\"><\/iframe><\/p>\n<p>&#8212;<\/p>\n<h4><strong>Acesso aos Servi\u00e7os Complementares em Sa\u00fade<\/strong><\/h4>\n<p align=\"justify\">Visando garantir o acesso da popula\u00e7\u00e3o aos servi\u00e7os de qualidade com equidade ao atendimento das necessidades de sa\u00fade mediante ao aprimoramento a pol\u00edtica de aten\u00e7\u00e3o especializada, o acesso aos servi\u00e7os de m\u00e9dia e alta complexidade s\u00e3o referenciadas pelas unidades de sa\u00fade e pelos servi\u00e7os de urg\u00eancia. A estrutura de servi\u00e7os ambulatoriais especializados existentes no munic\u00edpio \u00e9 refer\u00eancia regional e macrorregional para os servi\u00e7os de m\u00e9dia e alta complexidade com a oferta e atendimento integral nas diversas \u00e1reas, incluindo oncologia, traumato\/ortopedia, neurologia e hemodi\u00e1lise. A aten\u00e7\u00e3o aos cuidados hospitalares, atualmente as realizados por duas unidades s\u00e3o prestadoras de servi\u00e7os aos usu\u00e1rios do SUS. A presta\u00e7\u00e3o de servi\u00e7os \u00e9 o organizada administrativamente atrav\u00e9s da contratualiza\u00e7\u00e3o em que o Gestor Municipal de sa\u00fade (Presidente da FUMSSAR) estabelece um contrato com os prestadores de servi\u00e7os.<\/p>\n","protected":false},"excerpt":{"rendered":"<p>Departamento de Gest\u00e3o da Rede Complementar de Sa\u00fade Contatos Telefone: (55) 3513-5124 Email: redecomplementar@fumssar.com.br &#8212;&#8230;<\/p>\n","protected":false},"author":1,"featured_media":0,"parent":31,"menu_order":0,"comment_status":"closed","ping_status":"open","template":"","meta":{"footnotes":""},"_links":{"self":[{"href":"https:\/\/www.fumssar.com.br\/index.php?rest_route=\/wp\/v2\/pages\/224"}],"collection":[{"href":"https:\/\/www.fumssar.com.br\/index.php?rest_route=\/wp\/v2\/pages"}],"about":[{"href":"https:\/\/www.fumssar.com.br\/index.php?rest_route=\/wp\/v2\/types\/page"}],"author":[{"embeddable":true,"href":"https:\/\/www.fumssar.com.br\/index.php?rest_route=\/wp\/v2\/users\/1"}],"replies":[{"embeddable":true,"href":"https:\/\/www.fumssar.com.br\/index.php?rest_route=%2Fwp%2Fv2%2Fcomments&post=224"}],"version-history":[{"count":14,"href":"https:\/\/www.fumssar.com.br\/index.php?rest_route=\/wp\/v2\/pages\/224\/revisions"}],"predecessor-version":[{"id":25221,"href":"https:\/\/www.fumssar.com.br\/index.php?rest_route=\/wp\/v2\/pages\/224\/revisions\/25221"}],"up":[{"embeddable":true,"href":"https:\/\/www.fumssar.com.br\/index.php?rest_route=\/wp\/v2\/pages\/31"}],"wp:attachment":[{"href":"https:\/\/www.fumssar.com.br\/index.php?rest_route=%2Fwp%2Fv2%2Fmedia&parent=224"}],"curies":[{"name":"wp","href":"https:\/\/api.w.org\/{rel}","templated":true}]}}