{"id":218,"date":"2013-12-02T13:07:10","date_gmt":"2013-12-02T13:07:10","guid":{"rendered":"http:\/\/www.fumssar.com.br\/?page_id=218"},"modified":"2024-08-22T15:46:16","modified_gmt":"2024-08-22T18:46:16","slug":"nep","status":"publish","type":"page","link":"https:\/\/www.fumssar.com.br\/?page_id=218","title":{"rendered":"NEP"},"content":{"rendered":"<h3><strong>NEP &#8211; N\u00facleo de Ensino e Pesquisa<\/strong><\/h3>\n<h3><\/h3>\n<p><strong><br \/>\nContatos<\/strong><\/p>\n<p><strong>Email:<\/strong> nep@fumssar.com.br<\/p>\n<p>&#8212;<\/p>\n<p><strong>Endere\u00e7o<\/strong><\/p>\n<p>Av. Santa Cruz, 33, Centro, Santa Rosa &#8211; RS, 98780-150<\/p>\n<p><iframe loading=\"lazy\" style=\"border: 0;\" src=\"https:\/\/www.google.com\/maps\/embed?pb=!1m17!1m11!1m3!1d867.1723164090072!2d-54.479382033222635!3d-27.873713983990104!2m2!1f0!2f0!3m2!1i1024!2i768!4f13.1!3m3!1m2!1s0x0%3A0xef22c212c123efa3!2sFUMSSAR-Funda%C3%A7%C3%A3o+Municipal+de+Sa%C3%BAde+Santa+Rosa!5e1!3m2!1spt-BR!2sbr!4v1469124093264\" width=\"400\" height=\"300\" frameborder=\"0\" allowfullscreen=\"allowfullscreen\"><\/iframe><\/p>\n<p>&#8212;<\/p>\n<h3><strong>Sobre o NEP<br \/>\n<\/strong><\/h3>\n<p align=\"justify\">Em 2010 a Funda\u00e7\u00e3o criou o N\u00facleo de Ensino e Pesquisa \u2013 NEP que tem como objetivo concentrar as atividades cient\u00edficas, organizando, estimulando e acompanhando estas atividades no servi\u00e7o. Atualmente est\u00e3o sendo realizadas pesquisas pelos pr\u00f3prios funcion\u00e1rios, possibilitando aos profissionais a realiza\u00e7\u00e3o de estudos sobre a sua pr\u00e1tica cotidiana e a prepara\u00e7\u00e3o para a realiza\u00e7\u00e3o de projetos maiores no futuro. Est\u00e3o inseridas na estrutura do referido n\u00facleo, as Resid\u00eancias M\u00e9dica desde o ano de 2005 e da Multiprofissional desde 2010 no enfoque da Aten\u00e7\u00e3o em Sa\u00fade da Fam\u00edlia que possuem suas atividades pr\u00e1ticas nas unidades de sa\u00fade do munic\u00edpio. Em cada ano h\u00e1 o ingresso de 11 profissionais de sa\u00fade residentes, distribu\u00eddos nas \u00e1reas de educa\u00e7\u00e3o f\u00edsica, nutri\u00e7\u00e3o, servi\u00e7o social, enfermagem, odontologia, psicologia e farm\u00e1cia e quatro profissionais residentes em medicina de fam\u00edlia e comunidade. Destaca-se que, atualmente tem envolvido 25 profissionais efetivos da FUMSSAR como preceptores em sete unidades de sa\u00fade.<\/p>\n<p align=\"justify\">As atividades de ensino e pesquisa nos servi\u00e7os do SUS, principalmente com as resid\u00eancias, al\u00e9m da produ\u00e7\u00e3o do conhecimento trazem benef\u00edcios aos usu\u00e1rios do sistema. Os profissionais envolvidos com ensino e pesquisa t\u00eam uma motiva\u00e7\u00e3o extra para manter-se atualizados e a supervis\u00e3o de alunos no pr\u00f3prio servi\u00e7o leva a uma reflex\u00e3o da pr\u00f3pria pr\u00e1tica revisando-a e qualificando-a constantemente, resultando em melhorias no servi\u00e7o oferecido aos cidad\u00e3os. Cabe destacar tamb\u00e9m que os egressos dos cursos de resid\u00eancia ter\u00e3o uma forma\u00e7\u00e3o te\u00f3rica consistente e uma pr\u00e1tica cotidiana nos servi\u00e7os que lhes permitir\u00e1 assumir com tranquilidade e compet\u00eancia as Unidades de trabalho existentes no SUS e que carecem de profissionais capacitados.<\/p>\n<p align=\"justify\">Destaca-se, os Programas de Resid\u00eancia em Medicina de Fam\u00edlia e Comunidade e Multiprofissional em Sa\u00fade da Fam\u00edlia no munic\u00edpio de Santa Rosa, ambas com as bolsas financiadas pelo Minist\u00e9rio da Sa\u00fade, frutos de um sistema de sa\u00fade bem organizado, fundamentado na Aten\u00e7\u00e3o Prim\u00e1ria em Sa\u00fade e no v\u00ednculo dos profissionais com o sistema. \u00c9 importante destacar a parceria com a UNIJU\u00cd, universidade com tradi\u00e7\u00e3o no ensino da sa\u00fade p\u00fablica tanto na gradua\u00e7\u00e3o como na p\u00f3s-gradua\u00e7\u00e3o.<\/p>\n<p align=\"justify\">O N\u00facleo de Ensino e Pesquisa foi criado para planejar, organizar, apoiar e congregar as discuss\u00f5es e as a\u00e7\u00f5es de Ensino e Pesquisa. As atividades s\u00e3o desenvolvidas por trabalhadores em sa\u00fade, no \u00e2mbito do Sistema \u00danico de Sa\u00fade, no munic\u00edpio de Santa Rosa e atua em parceria com entidades educacionais e formadoras do SUS. Desenvolve atividades na \u00e1rea da pesquisa e ensino sendo refer\u00eancia para organiza\u00e7\u00e3o da Resid\u00eancia M\u00e9dica, Resid\u00eancia Multiprofissional e para as Pesquisas em Sa\u00fade j\u00e1 financiadas pela Sa\u00fade de Santa Rosa.<\/p>\n<p><strong>&gt; Resid\u00eancia M\u00e9dica de Fam\u00edlia e Comunidade<\/strong><\/p>\n<p align=\"justify\">O Programa de Resid\u00eancia em Medicina de Fam\u00edlia e Comunidade foi constru\u00eddo atrav\u00e9s de uma parceria entre a Universidade Regional de Noroeste de Estado do Rio Grande do Sul (UNIJUI) e a Funda\u00e7\u00e3o Municipal de Sa\u00fade de Santa Rosa (FUMSSAR) e iniciou suas atividades em abril de 2006. Tem como objetivo formar m\u00e9dicos especialistas para atuar prioritariamente na Aten\u00e7\u00e3o Prim\u00e1ria \u00e0 Sa\u00fade. Sua a\u00e7\u00e3o deve ser qualificada e resolutiva na \u00e1rea cl\u00ednica e ele deve estar apto para atuar na sa\u00fade coletiva. Salientamos a import\u00e2ncia desse projeto para a qualifica\u00e7\u00e3o da rede e da manuten\u00e7\u00e3o do mesmo.<\/p>\n<p><strong>&gt; Resid\u00eancia Multiprofissional em Sa\u00fade da Fam\u00edlia<\/strong><\/p>\n<p align=\"justify\">O Programa de Resid\u00eancia Multiprofissional em Sa\u00fade da Fam\u00edlia \u2013 FUMSSAR\/UNIJUI \u00e9 uma parceria entre a Funda\u00e7\u00e3o Municipal de Sa\u00fade de Santa Rosa (FUMSSAR) e a Universidade Regional do Noroeste do Estado do Rio Grande do Sul (UNIJUI) e financiada com recursos do Minist\u00e9rio da Sa\u00fade. As resid\u00eancias multiprofissionais constituem-se numa modalidade de ensino em servi\u00e7o, destinadas \u00e0s categorias profissionais que integram a \u00e1rea da sa\u00fade e que, cumprido integralmente, conferir\u00e1 ao profissional residente o t\u00edtulo de especialista em Sa\u00fade da Fam\u00edlia.<\/p>\n<p align=\"justify\">Um dos diferenciais que permitiram o Sistema de Sa\u00fade de Santa Rosa ser contemplado com este programa, provavelmente tenha sido a sua hist\u00f3ria h\u00e1 anos consolidada em rela\u00e7\u00e3o a sua organiza\u00e7\u00e3o do sistema, sendo que o processo de municipaliza\u00e7\u00e3o teve seu in\u00edcio em 1993 e no final de 1997, o munic\u00edpio aderiu na \u00e9poca ao Programa Sa\u00fade da Fam\u00edlia. Torna-se importante ressaltar que a vontade pol\u00edtica, a participa\u00e7\u00e3o popular e o empenho dos profissionais de sa\u00fade da FUMSSAR foram fundamentais para a execu\u00e7\u00e3o deste processo.<\/p>\n<p align=\"justify\">O Programa de Resid\u00eancia Multiprofissional conta anualmente com 11 bolsas financiadas pelo Minist\u00e9rio da Sa\u00fade assim distribu\u00eddas: Enfermagem: 4 bolsas; Odontologia: 2 bolsas; Servi\u00e7o Social: 1 bolsa; Nutri\u00e7\u00e3o: 1 bolsa; Educa\u00e7\u00e3o F\u00edsica: 1 bolsa; Psicologia: 1 bolsa; Farm\u00e1cia: 1 bolsa. O primeiro ingresso ocorreu em 01\/07\/2010. Posteriormente ocorreram mais dois ingressos, em 01 de fevereiro de 2011 e 2012.<\/p>\n<p align=\"justify\">O programa est\u00e1 organizado a partir de uma estrutura pedag\u00f3gica de ensino em servi\u00e7o que envolve uma carga hor\u00e1ria total de 5.760 horas, distribu\u00eddas em 60 horas semanais ao longo de dois anos (anos R1 e R2). A estrutura curricular contempla a \u00e1rea tem\u00e1tica Aten\u00e7\u00e3o B\u00e1sica\/Sa\u00fade da Fam\u00edlia e suas atividades est\u00e3o organizadas em dois conjuntos principais, de acordo com o car\u00e1ter predominante das mesmas: Atividades de Forma\u00e7\u00e3o (AF), com 1.152 horas (20% da carga total do programa) e Atividades de Ensino em Servi\u00e7o (AES) com 4.608 horas (80% da carga total do programa).<\/p>\n<p align=\"justify\">As atividades da resid\u00eancia est\u00e3o inseridas neste processo com a participa\u00e7\u00e3o dos residentes em quatro equipes de Estrat\u00e9gia de Sa\u00fade da Fam\u00edlia, desenvolvendo a\u00e7\u00f5es que visam \u00e0 promo\u00e7\u00e3o da sa\u00fade, preven\u00e7\u00e3o das doen\u00e7as e recupera\u00e7\u00e3o dos agravos. Nestes campos de atua\u00e7\u00e3o s\u00e3o realizados: acolhimento, atendimento individual, atividades em grupo, visitas domiciliares, programa\u00e7\u00f5es eventuais, entre outros.<\/p>\n<p align=\"justify\">No segundo ano da resid\u00eancia, al\u00e9m da atua\u00e7\u00e3o junto das ESFs, os profissionais residentes vivenciam por um per\u00edodo, em diversos setores do sistema, contribuindo com interven\u00e7\u00f5es no local, atrav\u00e9s das trocas de saberes. Esta experi\u00eancia tem se tornado de grande valia, pois tem contribu\u00eddo para a forma\u00e7\u00e3o de profissionais com experi\u00eancia em diversos setores do complexo sistema de sa\u00fade. A inser\u00e7\u00e3o dos profissionais de sa\u00fade residente complementa o trabalho das equipes dos v\u00e1rios setores do sistema, com a participa\u00e7\u00e3o no processo de trabalho. Neste sentido, as viv\u00eancias t\u00eam possibilitado acompanhar as transforma\u00e7\u00f5es do modelo assistencial de forma a fortalecer a aten\u00e7\u00e3o b\u00e1sica atrav\u00e9s de equipes multiprofissionais.<\/p>\n<p align=\"justify\">Al\u00e9m disso, a FUMSSAR conta com os residentes para organiza\u00e7\u00e3o e execu\u00e7\u00e3o das programa\u00e7\u00f5es institucionais, como por exemplo: mobiliza\u00e7\u00e3o de combate ao c\u00e2ncer de mama, campanha de preven\u00e7\u00e3o da AIDS, carnaval saud\u00e1vel, campanhas de vacina\u00e7\u00e3o e de combate \u00e0 viol\u00eancia no tr\u00e2nsito. Ressalta-se tamb\u00e9m a participa\u00e7\u00e3o efetiva dos residentes nas inst\u00e2ncias de controle social. No Conselho Municipal de Sa\u00fade os residentes t\u00eam uma vaga como conselheiro. Na organiza\u00e7\u00e3o e debates da 10\u00aa Confer\u00eancia Municipal de Sa\u00fade houve importante participa\u00e7\u00e3o dos residentes, inclusive com a escolha de um residente como conselheiro para a 6\u00aa Confer\u00eancia Estadual de Sa\u00fade realizada em 2011. Em abril do ano de 2013, houve tamb\u00e9m a participa\u00e7\u00e3o dos residentes na 1\u00aa Plen\u00e1ria Municipal de Sa\u00fade.<\/p>\n<p align=\"justify\">A Resid\u00eancia tem participado ainda com a publica\u00e7\u00e3o de trabalhos cient\u00edficos em congressos e eventos, al\u00e9m da inser\u00e7\u00e3o no coletivo ga\u00facho de residentes. Para o sistema de sa\u00fade, a resid\u00eancia tr\u00e1s grandes benef\u00edcios, fomentando a avalia\u00e7\u00e3o e qualifica\u00e7\u00e3o dos servi\u00e7os prestados pelas equipes, bem como um incremento nas ofertas de servi\u00e7os \u00e0 popula\u00e7\u00e3o. E principalmente, colabora com um fator muito importante na constante tarefa de qualificar o sistema de sa\u00fade: a forma\u00e7\u00e3o de profissionais competentes tecnicamente e eticamente comprometidos com o SUS.<\/p>\n<hr \/>\n<ul>\n<li>Comiss\u00e3o Cient\u00edfica<\/li>\n<li>Resid\u00eancia M\u00e9dica em Medicina da Fam\u00edlia e Comunidade<\/li>\n<li>Resid\u00eancia Multiprofissional em Sa\u00fade da Fam\u00edlia<\/li>\n<li>Comiss\u00e3o de Farm\u00e1cia e Terap\u00eautica<\/li>\n<li>Comiss\u00e3o de Est\u00e1gios<\/li>\n<li>Comit\u00ea de Preven\u00e7\u00e3o ao Suic\u00eddio<\/li>\n<li>Gest\u00e3o do Cuidado<\/li>\n<\/ul>\n<hr \/>\n<h4><strong>Documentos para Solicita\u00e7\u00e3o de Projeto de Pesquisa e Est\u00e1gios<\/strong><\/h4>\n<p><em>Instru\u00e7\u00f5es: Encaminhe para o e-mail nep@fumssar.com.br ou protocole junto ao N\u00facleo de Ensino e Pesquisa a solicita\u00e7\u00e3o acompanhada do trabalho.<\/em><\/p>\n","protected":false},"excerpt":{"rendered":"<p>NEP &#8211; N\u00facleo de Ensino e Pesquisa Contatos Email: nep@fumssar.com.br &#8212; Endere\u00e7o Av. Santa Cruz,&#8230;<\/p>\n","protected":false},"author":1,"featured_media":0,"parent":0,"menu_order":0,"comment_status":"closed","ping_status":"closed","template":"","meta":{"footnotes":""},"_links":{"self":[{"href":"https:\/\/www.fumssar.com.br\/index.php?rest_route=\/wp\/v2\/pages\/218"}],"collection":[{"href":"https:\/\/www.fumssar.com.br\/index.php?rest_route=\/wp\/v2\/pages"}],"about":[{"href":"https:\/\/www.fumssar.com.br\/index.php?rest_route=\/wp\/v2\/types\/page"}],"author":[{"embeddable":true,"href":"https:\/\/www.fumssar.com.br\/index.php?rest_route=\/wp\/v2\/users\/1"}],"replies":[{"embeddable":true,"href":"https:\/\/www.fumssar.com.br\/index.php?rest_route=%2Fwp%2Fv2%2Fcomments&post=218"}],"version-history":[{"count":56,"href":"https:\/\/www.fumssar.com.br\/index.php?rest_route=\/wp\/v2\/pages\/218\/revisions"}],"predecessor-version":[{"id":27630,"href":"https:\/\/www.fumssar.com.br\/index.php?rest_route=\/wp\/v2\/pages\/218\/revisions\/27630"}],"wp:attachment":[{"href":"https:\/\/www.fumssar.com.br\/index.php?rest_route=%2Fwp%2Fv2%2Fmedia&parent=218"}],"curies":[{"name":"wp","href":"https:\/\/api.w.org\/{rel}","templated":true}]}}