{"id":214,"date":"2013-12-02T12:40:22","date_gmt":"2013-12-02T12:40:22","guid":{"rendered":"http:\/\/www.fumssar.com.br\/?page_id=214"},"modified":"2020-08-27T08:07:34","modified_gmt":"2020-08-27T11:07:34","slug":"publicacoes-legais","status":"publish","type":"page","link":"https:\/\/www.fumssar.com.br\/?page_id=214","title":{"rendered":"Publica\u00e7\u00f5es Legais"},"content":{"rendered":"\n<h4><a href=\"http:\/\/www.fumssar.com.br\/?page_id=242\"><li>Concursos e Sele\u00e7\u00f5es P\u00fablicas<\/li><\/a><\/h4>\n<h4><a href=\"http:\/\/www.fumssar.com.br\/?page_id=905\"><li>Contratos<\/li><\/a><\/h4>\n<h4><a href=\"http:\/\/www.fumssar.com.br\/?cat=152\"><li>COVID-19<\/li><\/a><\/h4>\n<h4><a href=\"http:\/\/www.fumssar.com.br\/?page_id=7727\"><li>Decis\u00e3o Em Processo Administrativo Sanit\u00e1rio<\/li><\/a><\/h4>\n<h4><a href=\"http:\/\/www.fumssar.com.br\/?page_id=8574\"><li>Leil\u00f5es<\/li><\/a><\/h4>\n<h4><a href=\"http:\/\/www.fumssar.com.br\/?page_id=238\"><li>Licita\u00e7\u00f5es<\/li><\/a><\/h4>\n<h4><a href=\"http:\/\/www.fumssar.com.br\/?page_id=7958\"><li>NEP<\/li><\/a><\/h4>\n<h4><a href=\"http:\/\/www.fumssar.com.br\/?page_id=8568\"><li>Notas T\u00e9cnicas<\/li><\/a><\/h4>\n<h4><a href=\"http:\/\/www.fumssar.com.br\/?cat=110\"><li>Relat\u00f3rios Anuais de Gest\u00e3o<\/li><\/a><\/h4>\n","protected":false},"excerpt":{"rendered":"<p>Concursos e Sele\u00e7\u00f5es P\u00fablicas Contratos COVID-19 Decis\u00e3o Em Processo Administrativo Sanit\u00e1rio Leil\u00f5es Licita\u00e7\u00f5es NEP Notas&#8230;<\/p>\n","protected":false},"author":1,"featured_media":0,"parent":0,"menu_order":0,"comment_status":"closed","ping_status":"open","template":"","meta":{"footnotes":""},"_links":{"self":[{"href":"https:\/\/www.fumssar.com.br\/index.php?rest_route=\/wp\/v2\/pages\/214"}],"collection":[{"href":"https:\/\/www.fumssar.com.br\/index.php?rest_route=\/wp\/v2\/pages"}],"about":[{"href":"https:\/\/www.fumssar.com.br\/index.php?rest_route=\/wp\/v2\/types\/page"}],"author":[{"embeddable":true,"href":"https:\/\/www.fumssar.com.br\/index.php?rest_route=\/wp\/v2\/users\/1"}],"replies":[{"embeddable":true,"href":"https:\/\/www.fumssar.com.br\/index.php?rest_route=%2Fwp%2Fv2%2Fcomments&post=214"}],"version-history":[{"count":11,"href":"https:\/\/www.fumssar.com.br\/index.php?rest_route=\/wp\/v2\/pages\/214\/revisions"}],"predecessor-version":[{"id":15255,"href":"https:\/\/www.fumssar.com.br\/index.php?rest_route=\/wp\/v2\/pages\/214\/revisions\/15255"}],"wp:attachment":[{"href":"https:\/\/www.fumssar.com.br\/index.php?rest_route=%2Fwp%2Fv2%2Fmedia&parent=214"}],"curies":[{"name":"wp","href":"https:\/\/api.w.org\/{rel}","templated":true}]}}