{"id":20044,"date":"2022-01-13T15:50:45","date_gmt":"2022-01-13T18:50:45","guid":{"rendered":"http:\/\/www.fumssar.com.br\/?page_id=20044"},"modified":"2024-01-18T14:40:23","modified_gmt":"2024-01-18T17:40:23","slug":"publicacoes-legais-concursos-e-selecoes-publicas-2022","status":"publish","type":"page","link":"https:\/\/www.fumssar.com.br\/?page_id=20044","title":{"rendered":"Publica\u00e7\u00f5es Legais > Concursos e Sele\u00e7\u00f5es P\u00fablicas > 2022"},"content":{"rendered":"\n<h4><a href=\"http:\/\/www.fumssar.com.br\/?cat=198\"><li>CIEE<\/li><\/a><\/h4>\n<h4><a href=\"http:\/\/www.fumssar.com.br\/?cat=199\"><li>Concurso P\u00fablico 2022<\/li><\/a><\/h4>\n<h4><a href=\"http:\/\/www.fumssar.com.br\/?cat=200\"><li>Sele\u00e7\u00e3o P\u00fablica 2022<\/li><\/a><\/h4>\n<h4><a href=\"http:\/\/www.fumssar.com.br\/?cat=201\"><li>Editais de Convoca\u00e7\u00e3o<\/li><\/a><\/h4>\n","protected":false},"excerpt":{"rendered":"<p>CIEE Concurso P\u00fablico 2022 Sele\u00e7\u00e3o P\u00fablica 2022 Editais de Convoca\u00e7\u00e3o<\/p>\n","protected":false},"author":16,"featured_media":0,"parent":242,"menu_order":0,"comment_status":"closed","ping_status":"closed","template":"","meta":{"footnotes":""},"_links":{"self":[{"href":"https:\/\/www.fumssar.com.br\/index.php?rest_route=\/wp\/v2\/pages\/20044"}],"collection":[{"href":"https:\/\/www.fumssar.com.br\/index.php?rest_route=\/wp\/v2\/pages"}],"about":[{"href":"https:\/\/www.fumssar.com.br\/index.php?rest_route=\/wp\/v2\/types\/page"}],"author":[{"embeddable":true,"href":"https:\/\/www.fumssar.com.br\/index.php?rest_route=\/wp\/v2\/users\/16"}],"replies":[{"embeddable":true,"href":"https:\/\/www.fumssar.com.br\/index.php?rest_route=%2Fwp%2Fv2%2Fcomments&post=20044"}],"version-history":[{"count":2,"href":"https:\/\/www.fumssar.com.br\/index.php?rest_route=\/wp\/v2\/pages\/20044\/revisions"}],"predecessor-version":[{"id":20048,"href":"https:\/\/www.fumssar.com.br\/index.php?rest_route=\/wp\/v2\/pages\/20044\/revisions\/20048"}],"up":[{"embeddable":true,"href":"https:\/\/www.fumssar.com.br\/index.php?rest_route=\/wp\/v2\/pages\/242"}],"wp:attachment":[{"href":"https:\/\/www.fumssar.com.br\/index.php?rest_route=%2Fwp%2Fv2%2Fmedia&parent=20044"}],"curies":[{"name":"wp","href":"https:\/\/api.w.org\/{rel}","templated":true}]}}