{"id":19985,"date":"2022-01-06T08:12:02","date_gmt":"2022-01-06T11:12:02","guid":{"rendered":"http:\/\/www.fumssar.com.br\/?page_id=19985"},"modified":"2022-01-06T09:14:47","modified_gmt":"2022-01-06T12:14:47","slug":"publicacoes-legais-licitacoes-2022","status":"publish","type":"page","link":"https:\/\/www.fumssar.com.br\/?page_id=19985","title":{"rendered":"Publica\u00e7\u00f5es Legais > Licita\u00e7\u00f5es > 2022"},"content":{"rendered":"\n<h4><a href=\"http:\/\/www.fumssar.com.br\/?cat=191\"><li>Ata de Preg\u00e3o<\/li><\/a><\/h4>\n<h4><a href=\"http:\/\/www.fumssar.com.br\/?cat=189\"><li>Ata de Registro de Pre\u00e7o<\/li><\/a><\/h4>\n<h4><a href=\"http:\/\/www.fumssar.com.br\/?cat=192\"><li>Chamamento P\u00fablico<\/li><\/a><\/h4>\n<h4><a href=\"http:\/\/www.fumssar.com.br\/?cat=193\"><li>Concorr\u00eancia<\/li><\/a><\/h4>\n<h4><a href=\"http:\/\/www.fumssar.com.br\/?cat=194\"><li>Dispensa de Licita\u00e7\u00e3o<\/li><\/a><\/h4>\n<h4><a href=\"http:\/\/www.fumssar.com.br\/?cat=195\"><li>Inexigibilidade de Licita\u00e7\u00e3o<\/li><\/a><\/h4>\n<h4><a href=\"http:\/\/www.fumssar.com.br\/?cat=190\"><li>Preg\u00e3o Eletr\u00f4nico<\/li><\/a><\/h4>\n<h4><a href=\"http:\/\/www.fumssar.com.br\/?cat=196\"><li>Preg\u00e3o Presencial<\/li><\/a><\/h4>\n<h4><a href=\"http:\/\/www.fumssar.com.br\/?cat=197\"><li>Tomada de Pre\u00e7o<\/li><\/a><\/h4>\n","protected":false},"excerpt":{"rendered":"<p>Ata de Preg\u00e3o Ata de Registro de Pre\u00e7o Chamamento P\u00fablico Concorr\u00eancia Dispensa de Licita\u00e7\u00e3o Inexigibilidade&#8230;<\/p>\n","protected":false},"author":16,"featured_media":0,"parent":238,"menu_order":0,"comment_status":"closed","ping_status":"closed","template":"","meta":{"footnotes":""},"_links":{"self":[{"href":"https:\/\/www.fumssar.com.br\/index.php?rest_route=\/wp\/v2\/pages\/19985"}],"collection":[{"href":"https:\/\/www.fumssar.com.br\/index.php?rest_route=\/wp\/v2\/pages"}],"about":[{"href":"https:\/\/www.fumssar.com.br\/index.php?rest_route=\/wp\/v2\/types\/page"}],"author":[{"embeddable":true,"href":"https:\/\/www.fumssar.com.br\/index.php?rest_route=\/wp\/v2\/users\/16"}],"replies":[{"embeddable":true,"href":"https:\/\/www.fumssar.com.br\/index.php?rest_route=%2Fwp%2Fv2%2Fcomments&post=19985"}],"version-history":[{"count":2,"href":"https:\/\/www.fumssar.com.br\/index.php?rest_route=\/wp\/v2\/pages\/19985\/revisions"}],"predecessor-version":[{"id":19988,"href":"https:\/\/www.fumssar.com.br\/index.php?rest_route=\/wp\/v2\/pages\/19985\/revisions\/19988"}],"up":[{"embeddable":true,"href":"https:\/\/www.fumssar.com.br\/index.php?rest_route=\/wp\/v2\/pages\/238"}],"wp:attachment":[{"href":"https:\/\/www.fumssar.com.br\/index.php?rest_route=%2Fwp%2Fv2%2Fmedia&parent=19985"}],"curies":[{"name":"wp","href":"https:\/\/api.w.org\/{rel}","templated":true}]}}