{"id":17,"date":"2013-11-22T18:38:04","date_gmt":"2013-11-22T18:38:04","guid":{"rendered":"http:\/\/www.fumssar.com.br\/?page_id=17"},"modified":"2016-08-02T14:24:02","modified_gmt":"2016-08-02T17:24:02","slug":"institucional","status":"publish","type":"page","link":"https:\/\/www.fumssar.com.br\/?page_id=17","title":{"rendered":"Institucional"},"content":{"rendered":"<p><\/p>\n<h4><a href=\"http:\/\/www.fumssar.com.br\/?page_id=1792\"><\/p>\n<li>Sobre a FUMSSAR<\/li>\n<p><\/a><\/h4>\n<p><\/p>\n<h4><a href=\"http:\/\/www.fumssar.com.br\/?page_id=19\"><\/p>\n<li>Hist\u00f3rico<\/li>\n<p><\/a><\/h4>\n<p><\/p>\n<h4><a href=\"http:\/\/www.fumssar.com.br\/?page_id=21\"><\/p>\n<li>Organograma<\/li>\n<p><\/a><\/h4>\n<p><\/p>\n<h4><a href=\"http:\/\/www.fumssar.com.br\/?page_id=8216\"><\/p>\n<li>Legisla\u00e7\u00e3o<\/li>\n<p><\/a><\/h4>\n<p><\/p>\n<h4><a href=\"http:\/\/www.fumssar.com.br\/?page_id=8240\"><\/p>\n<li>Ouvidoria<\/li>\n<p><\/a><\/h4>\n<p><\/p>\n<h4><a href=\"http:\/\/www.fumssar.com.br\/?page_id=23\"><\/p>\n<li>Hor\u00e1rios de Funcionamento<\/li>\n<p><\/a><\/h4>\n","protected":false},"excerpt":{"rendered":"<p>Sobre a FUMSSAR Hist\u00f3rico Organograma Legisla\u00e7\u00e3o Ouvidoria Hor\u00e1rios de Funcionamento<\/p>\n","protected":false},"author":1,"featured_media":0,"parent":0,"menu_order":0,"comment_status":"closed","ping_status":"open","template":"","meta":{"footnotes":""},"_links":{"self":[{"href":"https:\/\/www.fumssar.com.br\/index.php?rest_route=\/wp\/v2\/pages\/17"}],"collection":[{"href":"https:\/\/www.fumssar.com.br\/index.php?rest_route=\/wp\/v2\/pages"}],"about":[{"href":"https:\/\/www.fumssar.com.br\/index.php?rest_route=\/wp\/v2\/types\/page"}],"author":[{"embeddable":true,"href":"https:\/\/www.fumssar.com.br\/index.php?rest_route=\/wp\/v2\/users\/1"}],"replies":[{"embeddable":true,"href":"https:\/\/www.fumssar.com.br\/index.php?rest_route=%2Fwp%2Fv2%2Fcomments&post=17"}],"version-history":[{"count":8,"href":"https:\/\/www.fumssar.com.br\/index.php?rest_route=\/wp\/v2\/pages\/17\/revisions"}],"predecessor-version":[{"id":8417,"href":"https:\/\/www.fumssar.com.br\/index.php?rest_route=\/wp\/v2\/pages\/17\/revisions\/8417"}],"wp:attachment":[{"href":"https:\/\/www.fumssar.com.br\/index.php?rest_route=%2Fwp%2Fv2%2Fmedia&parent=17"}],"curies":[{"name":"wp","href":"https:\/\/api.w.org\/{rel}","templated":true}]}}