{"id":15823,"date":"2020-11-26T16:11:18","date_gmt":"2020-11-26T19:11:18","guid":{"rendered":"http:\/\/www.fumssar.com.br\/?page_id=15823"},"modified":"2021-01-14T09:20:50","modified_gmt":"2021-01-14T12:20:50","slug":"publicacoes-legais-concursos-e-selecoes-publicas-2020","status":"publish","type":"page","link":"https:\/\/www.fumssar.com.br\/?page_id=15823","title":{"rendered":"Publica\u00e7\u00f5es Legais > Concursos e Sele\u00e7\u00f5es P\u00fablicas > 2020"},"content":{"rendered":"\n<ul><li><a href=\"http:\/\/www.fumssar.com.br\/?cat=153\"><strong>CIEE<\/strong><\/a><\/li><\/ul>\n\n\n\n<ul><li><a href=\"http:\/\/www.fumssar.com.br\/?cat=154\"><strong>Concurso P\u00fablico 2020<\/strong><\/a><\/li><\/ul>\n\n\n\n<ul><li><a href=\"http:\/\/www.fumssar.com.br\/?cat=155\"><strong>Editais de Convoca\u00e7\u00e3o<\/strong><\/a><\/li><\/ul>\n","protected":false},"excerpt":{"rendered":"<p>CIEE Concurso P\u00fablico 2020 Editais de Convoca\u00e7\u00e3o<\/p>\n","protected":false},"author":16,"featured_media":0,"parent":242,"menu_order":0,"comment_status":"closed","ping_status":"closed","template":"","meta":{"footnotes":""},"_links":{"self":[{"href":"https:\/\/www.fumssar.com.br\/index.php?rest_route=\/wp\/v2\/pages\/15823"}],"collection":[{"href":"https:\/\/www.fumssar.com.br\/index.php?rest_route=\/wp\/v2\/pages"}],"about":[{"href":"https:\/\/www.fumssar.com.br\/index.php?rest_route=\/wp\/v2\/types\/page"}],"author":[{"embeddable":true,"href":"https:\/\/www.fumssar.com.br\/index.php?rest_route=\/wp\/v2\/users\/16"}],"replies":[{"embeddable":true,"href":"https:\/\/www.fumssar.com.br\/index.php?rest_route=%2Fwp%2Fv2%2Fcomments&post=15823"}],"version-history":[{"count":4,"href":"https:\/\/www.fumssar.com.br\/index.php?rest_route=\/wp\/v2\/pages\/15823\/revisions"}],"predecessor-version":[{"id":15834,"href":"https:\/\/www.fumssar.com.br\/index.php?rest_route=\/wp\/v2\/pages\/15823\/revisions\/15834"}],"up":[{"embeddable":true,"href":"https:\/\/www.fumssar.com.br\/index.php?rest_route=\/wp\/v2\/pages\/242"}],"wp:attachment":[{"href":"https:\/\/www.fumssar.com.br\/index.php?rest_route=%2Fwp%2Fv2%2Fmedia&parent=15823"}],"curies":[{"name":"wp","href":"https:\/\/api.w.org\/{rel}","templated":true}]}}