{"id":148,"date":"2013-11-29T18:14:59","date_gmt":"2013-11-29T18:14:59","guid":{"rendered":"http:\/\/www.fumssar.com.br\/?page_id=148"},"modified":"2014-01-28T17:38:08","modified_gmt":"2014-01-28T17:38:08","slug":"posto-de-saude-timbauva","status":"publish","type":"page","link":"https:\/\/www.fumssar.com.br\/?page_id=148","title":{"rendered":"Posto de Sa\u00fade Timba\u00fava"},"content":{"rendered":"<p><\/p>\n<h4><a href=\"http:\/\/www.fumssar.com.br\/?page_id=150\"><\/p>\n<li>Sobre o Posto de Sa\u00fade Timba\u00fava<\/li>\n<p><\/a><\/h4>\n<p><\/p>\n<h4><a href=\"http:\/\/www.fumssar.com.br\/?cat=20\"><\/p>\n<li>Informativo Posto de Sa\u00fade Timba\u00fava<\/li>\n<p><\/a><\/h4>\n","protected":false},"excerpt":{"rendered":"<p>Sobre o Posto de Sa\u00fade Timba\u00fava Informativo Posto de Sa\u00fade Timba\u00fava<\/p>\n","protected":false},"author":1,"featured_media":0,"parent":29,"menu_order":0,"comment_status":"closed","ping_status":"open","template":"","meta":{"footnotes":""},"_links":{"self":[{"href":"https:\/\/www.fumssar.com.br\/index.php?rest_route=\/wp\/v2\/pages\/148"}],"collection":[{"href":"https:\/\/www.fumssar.com.br\/index.php?rest_route=\/wp\/v2\/pages"}],"about":[{"href":"https:\/\/www.fumssar.com.br\/index.php?rest_route=\/wp\/v2\/types\/page"}],"author":[{"embeddable":true,"href":"https:\/\/www.fumssar.com.br\/index.php?rest_route=\/wp\/v2\/users\/1"}],"replies":[{"embeddable":true,"href":"https:\/\/www.fumssar.com.br\/index.php?rest_route=%2Fwp%2Fv2%2Fcomments&post=148"}],"version-history":[{"count":2,"href":"https:\/\/www.fumssar.com.br\/index.php?rest_route=\/wp\/v2\/pages\/148\/revisions"}],"predecessor-version":[{"id":667,"href":"https:\/\/www.fumssar.com.br\/index.php?rest_route=\/wp\/v2\/pages\/148\/revisions\/667"}],"up":[{"embeddable":true,"href":"https:\/\/www.fumssar.com.br\/index.php?rest_route=\/wp\/v2\/pages\/29"}],"wp:attachment":[{"href":"https:\/\/www.fumssar.com.br\/index.php?rest_route=%2Fwp%2Fv2%2Fmedia&parent=148"}],"curies":[{"name":"wp","href":"https:\/\/api.w.org\/{rel}","templated":true}]}}