{"id":13698,"date":"2019-11-29T16:52:31","date_gmt":"2019-11-29T19:52:31","guid":{"rendered":"http:\/\/www.fumssar.com.br\/?page_id=13698"},"modified":"2019-12-19T08:03:01","modified_gmt":"2019-12-19T11:03:01","slug":"publicacoes-legais-concursos-e-selecoes-publicas-2016-2","status":"publish","type":"page","link":"https:\/\/www.fumssar.com.br\/?page_id=13698","title":{"rendered":"Publica\u00e7\u00f5es Legais > Concursos e Sele\u00e7\u00f5es P\u00fablicas > 2019"},"content":{"rendered":"\n<ul><li><strong><a href=\"http:\/\/www.fumssar.com.br\/?cat=136\">CIEE<\/a><\/strong><\/li><\/ul>\n\n\n\n<ul><li><strong><a href=\"http:\/\/www.fumssar.com.br\/?cat=137\">Concurso P\u00fablico 2019<\/a><\/strong><\/li><\/ul>\n\n\n\n<ul><li><strong><a href=\"http:\/\/www.fumssar.com.br\/?cat=135\">Editais de Convoca\u00e7\u00e3o<\/a><\/strong><\/li><\/ul>\n\n\n\n<p><\/p>\n","protected":false},"excerpt":{"rendered":"<p>CIEE Concurso P\u00fablico 2019 Editais de Convoca\u00e7\u00e3o<\/p>\n","protected":false},"author":16,"featured_media":0,"parent":242,"menu_order":0,"comment_status":"closed","ping_status":"closed","template":"","meta":{"footnotes":""},"_links":{"self":[{"href":"https:\/\/www.fumssar.com.br\/index.php?rest_route=\/wp\/v2\/pages\/13698"}],"collection":[{"href":"https:\/\/www.fumssar.com.br\/index.php?rest_route=\/wp\/v2\/pages"}],"about":[{"href":"https:\/\/www.fumssar.com.br\/index.php?rest_route=\/wp\/v2\/types\/page"}],"author":[{"embeddable":true,"href":"https:\/\/www.fumssar.com.br\/index.php?rest_route=\/wp\/v2\/users\/16"}],"replies":[{"embeddable":true,"href":"https:\/\/www.fumssar.com.br\/index.php?rest_route=%2Fwp%2Fv2%2Fcomments&post=13698"}],"version-history":[{"count":5,"href":"https:\/\/www.fumssar.com.br\/index.php?rest_route=\/wp\/v2\/pages\/13698\/revisions"}],"predecessor-version":[{"id":13766,"href":"https:\/\/www.fumssar.com.br\/index.php?rest_route=\/wp\/v2\/pages\/13698\/revisions\/13766"}],"up":[{"embeddable":true,"href":"https:\/\/www.fumssar.com.br\/index.php?rest_route=\/wp\/v2\/pages\/242"}],"wp:attachment":[{"href":"https:\/\/www.fumssar.com.br\/index.php?rest_route=%2Fwp%2Fv2%2Fmedia&parent=13698"}],"curies":[{"name":"wp","href":"https:\/\/api.w.org\/{rel}","templated":true}]}}