{"id":12228,"date":"2019-01-16T14:23:15","date_gmt":"2019-01-16T16:23:15","guid":{"rendered":"http:\/\/www.fumssar.com.br\/?page_id=12228"},"modified":"2019-01-16T14:53:14","modified_gmt":"2019-01-16T16:53:14","slug":"publicacoes-legais-licitacoes-2019","status":"publish","type":"page","link":"https:\/\/www.fumssar.com.br\/?page_id=12228","title":{"rendered":"Publica\u00e7\u00f5es Legais > Licita\u00e7\u00f5es > 2019"},"content":{"rendered":"<p><\/p>\n<h4><a href=\"http:\/\/www.fumssar.com.br\/?cat=112\"><\/p>\n<li>Ata de Preg\u00e3o<\/li>\n<p><\/a><\/h4>\n<p><\/p>\n<h4><a href=\"http:\/\/www.fumssar.com.br\/?cat=113\"><\/p>\n<li>Ata de Registro de Pre\u00e7o<\/li>\n<p><\/a><\/h4>\n<p><\/p>\n<h4><a href=\"http:\/\/www.fumssar.com.br\/?cat=114\"><\/p>\n<li>Chamamento P\u00fablico<\/li>\n<p><\/a><\/h4>\n<p><\/p>\n<h4><a href=\"http:\/\/www.fumssar.com.br\/?cat=115\"><\/p>\n<li>Concorr\u00eancia<\/li>\n<p><\/a><\/h4>\n<p><\/p>\n<h4><a href=\"http:\/\/www.fumssar.com.br\/?cat=116\"><\/p>\n<li>Dispensa de Licita\u00e7\u00e3o<\/li>\n<p><\/a><\/h4>\n<p><\/p>\n<h4><a href=\"http:\/\/www.fumssar.com.br\/?cat=117\"><\/p>\n<li>Inexigibilidade de Licita\u00e7\u00e3o<\/li>\n<p><\/a><\/h4>\n<p><\/p>\n<h4><a href=\"http:\/\/www.fumssar.com.br\/?cat=118\"><\/p>\n<li>Preg\u00e3o Eletr\u00f4nico<\/li>\n<p><\/a><\/h4>\n<p><\/p>\n<h4><a href=\"http:\/\/www.fumssar.com.br\/?cat=119\"><\/p>\n<li>Preg\u00e3o Presencial<\/li>\n<p><\/a><\/h4>\n<p><\/p>\n<h4><a href=\"http:\/\/www.fumssar.com.br\/?cat=120\"><\/p>\n<li>Tomada de Pre\u00e7o<\/li>\n<p><\/a><\/h4>\n","protected":false},"excerpt":{"rendered":"<p>Ata de Preg\u00e3o Ata de Registro de Pre\u00e7o Chamamento P\u00fablico Concorr\u00eancia Dispensa de Licita\u00e7\u00e3o Inexigibilidade&#8230;<\/p>\n","protected":false},"author":1,"featured_media":0,"parent":238,"menu_order":0,"comment_status":"closed","ping_status":"open","template":"","meta":{"footnotes":""},"_links":{"self":[{"href":"https:\/\/www.fumssar.com.br\/index.php?rest_route=\/wp\/v2\/pages\/12228"}],"collection":[{"href":"https:\/\/www.fumssar.com.br\/index.php?rest_route=\/wp\/v2\/pages"}],"about":[{"href":"https:\/\/www.fumssar.com.br\/index.php?rest_route=\/wp\/v2\/types\/page"}],"author":[{"embeddable":true,"href":"https:\/\/www.fumssar.com.br\/index.php?rest_route=\/wp\/v2\/users\/1"}],"replies":[{"embeddable":true,"href":"https:\/\/www.fumssar.com.br\/index.php?rest_route=%2Fwp%2Fv2%2Fcomments&post=12228"}],"version-history":[{"count":2,"href":"https:\/\/www.fumssar.com.br\/index.php?rest_route=\/wp\/v2\/pages\/12228\/revisions"}],"predecessor-version":[{"id":12248,"href":"https:\/\/www.fumssar.com.br\/index.php?rest_route=\/wp\/v2\/pages\/12228\/revisions\/12248"}],"up":[{"embeddable":true,"href":"https:\/\/www.fumssar.com.br\/index.php?rest_route=\/wp\/v2\/pages\/238"}],"wp:attachment":[{"href":"https:\/\/www.fumssar.com.br\/index.php?rest_route=%2Fwp%2Fv2%2Fmedia&parent=12228"}],"curies":[{"name":"wp","href":"https:\/\/api.w.org\/{rel}","templated":true}]}}