{"id":10925,"date":"2018-02-23T09:17:43","date_gmt":"2018-02-23T12:17:43","guid":{"rendered":"http:\/\/www.fumssar.com.br\/?page_id=10925"},"modified":"2018-02-23T09:39:43","modified_gmt":"2018-02-23T12:39:43","slug":"publicacoes-legais-concursos-e-selecoes-publicas-2018","status":"publish","type":"page","link":"https:\/\/www.fumssar.com.br\/?page_id=10925","title":{"rendered":"Publica\u00e7\u00f5es Legais > Concursos e Sele\u00e7\u00f5es P\u00fablicas > 2018"},"content":{"rendered":"<p><\/p>\n<h4><a href=\"http:\/\/www.fumssar.com.br\/?cat=109\"><\/p>\n<li>CIEE<\/li>\n<p><\/a><\/h4>\n<p><\/p>\n<h4><a href=\"http:\/\/www.fumssar.com.br\/?cat=108\"><\/p>\n<li>Editais de Convoca\u00e7\u00e3o<\/li>\n<p><\/a><\/h4>\n","protected":false},"excerpt":{"rendered":"<p>CIEE Editais de Convoca\u00e7\u00e3o<\/p>\n","protected":false},"author":1,"featured_media":0,"parent":242,"menu_order":0,"comment_status":"closed","ping_status":"open","template":"","meta":{"footnotes":""},"_links":{"self":[{"href":"https:\/\/www.fumssar.com.br\/index.php?rest_route=\/wp\/v2\/pages\/10925"}],"collection":[{"href":"https:\/\/www.fumssar.com.br\/index.php?rest_route=\/wp\/v2\/pages"}],"about":[{"href":"https:\/\/www.fumssar.com.br\/index.php?rest_route=\/wp\/v2\/types\/page"}],"author":[{"embeddable":true,"href":"https:\/\/www.fumssar.com.br\/index.php?rest_route=\/wp\/v2\/users\/1"}],"replies":[{"embeddable":true,"href":"https:\/\/www.fumssar.com.br\/index.php?rest_route=%2Fwp%2Fv2%2Fcomments&post=10925"}],"version-history":[{"count":2,"href":"https:\/\/www.fumssar.com.br\/index.php?rest_route=\/wp\/v2\/pages\/10925\/revisions"}],"predecessor-version":[{"id":10936,"href":"https:\/\/www.fumssar.com.br\/index.php?rest_route=\/wp\/v2\/pages\/10925\/revisions\/10936"}],"up":[{"embeddable":true,"href":"https:\/\/www.fumssar.com.br\/index.php?rest_route=\/wp\/v2\/pages\/242"}],"wp:attachment":[{"href":"https:\/\/www.fumssar.com.br\/index.php?rest_route=%2Fwp%2Fv2%2Fmedia&parent=10925"}],"curies":[{"name":"wp","href":"https:\/\/api.w.org\/{rel}","templated":true}]}}