{"id":10812,"date":"2018-01-04T13:18:33","date_gmt":"2018-01-04T16:18:33","guid":{"rendered":"http:\/\/www.fumssar.com.br\/?page_id=10812"},"modified":"2018-09-10T15:23:53","modified_gmt":"2018-09-10T18:23:53","slug":"publicacoes-legais-licitacoes-2018","status":"publish","type":"page","link":"https:\/\/www.fumssar.com.br\/?page_id=10812","title":{"rendered":"Publica\u00e7\u00f5es Legais > Licita\u00e7\u00f5es > 2018"},"content":{"rendered":"<p><\/p>\n<h4><a href=\"http:\/\/www.fumssar.com.br\/?cat=100\"><\/p>\n<li>Ata de Preg\u00e3o<\/li>\n<p><\/a><\/h4>\n<p><\/p>\n<h4><a href=\"http:\/\/www.fumssar.com.br\/?cat=101\"><\/p>\n<li>Ata de Registro de Pre\u00e7o<\/li>\n<p><\/a><\/h4>\n<p><\/p>\n<h4><a href=\"http:\/\/www.fumssar.com.br\/?cat=102\"><\/p>\n<li>Chamamento P\u00fablico<\/li>\n<p><\/a><\/h4>\n<p><\/p>\n<h4><a href=\"http:\/\/www.fumssar.com.br\/?cat=103\"><\/p>\n<li>Concorr\u00eancia<\/li>\n<p><\/a><\/h4>\n<p><\/p>\n<h4><a href=\"http:\/\/www.fumssar.com.br\/?cat=104\"><\/p>\n<li>Dispensa de Licita\u00e7\u00e3o<\/li>\n<p><\/a><\/h4>\n<p><\/p>\n<h4><a href=\"http:\/\/www.fumssar.com.br\/?cat=105\"><\/p>\n<li>Inexigibilidade de Licita\u00e7\u00e3o<\/li>\n<p><\/a><\/h4>\n<p><\/p>\n<h4><a href=\"http:\/\/www.fumssar.com.br\/?cat=111\"><\/p>\n<li>Preg\u00e3o Eletr\u00f4nico<\/li>\n<p><\/a><\/h4>\n<p><\/p>\n<h4><a href=\"http:\/\/www.fumssar.com.br\/?cat=106\"><\/p>\n<li>Preg\u00e3o Presencial<\/li>\n<p><\/a><\/h4>\n<p><\/p>\n<h4><a href=\"http:\/\/www.fumssar.com.br\/?cat=107\"><\/p>\n<li>Tomada de Pre\u00e7o<\/li>\n<p><\/a><\/h4>\n","protected":false},"excerpt":{"rendered":"<p>Ata de Preg\u00e3o Ata de Registro de Pre\u00e7o Chamamento P\u00fablico Concorr\u00eancia Dispensa de Licita\u00e7\u00e3o Inexigibilidade&#8230;<\/p>\n","protected":false},"author":16,"featured_media":0,"parent":238,"menu_order":0,"comment_status":"closed","ping_status":"closed","template":"","meta":{"footnotes":""},"_links":{"self":[{"href":"https:\/\/www.fumssar.com.br\/index.php?rest_route=\/wp\/v2\/pages\/10812"}],"collection":[{"href":"https:\/\/www.fumssar.com.br\/index.php?rest_route=\/wp\/v2\/pages"}],"about":[{"href":"https:\/\/www.fumssar.com.br\/index.php?rest_route=\/wp\/v2\/types\/page"}],"author":[{"embeddable":true,"href":"https:\/\/www.fumssar.com.br\/index.php?rest_route=\/wp\/v2\/users\/16"}],"replies":[{"embeddable":true,"href":"https:\/\/www.fumssar.com.br\/index.php?rest_route=%2Fwp%2Fv2%2Fcomments&post=10812"}],"version-history":[{"count":4,"href":"https:\/\/www.fumssar.com.br\/index.php?rest_route=\/wp\/v2\/pages\/10812\/revisions"}],"predecessor-version":[{"id":11765,"href":"https:\/\/www.fumssar.com.br\/index.php?rest_route=\/wp\/v2\/pages\/10812\/revisions\/11765"}],"up":[{"embeddable":true,"href":"https:\/\/www.fumssar.com.br\/index.php?rest_route=\/wp\/v2\/pages\/238"}],"wp:attachment":[{"href":"https:\/\/www.fumssar.com.br\/index.php?rest_route=%2Fwp%2Fv2%2Fmedia&parent=10812"}],"curies":[{"name":"wp","href":"https:\/\/api.w.org\/{rel}","templated":true}]}}