{"id":108,"date":"2013-11-29T18:04:34","date_gmt":"2013-11-29T18:04:34","guid":{"rendered":"http:\/\/www.fumssar.com.br\/?page_id=108"},"modified":"2014-01-27T18:06:38","modified_gmt":"2014-01-27T18:06:38","slug":"posto-de-saude-bela-uniao","status":"publish","type":"page","link":"https:\/\/www.fumssar.com.br\/?page_id=108","title":{"rendered":"Posto de Sa\u00fade Bela Uni\u00e3o"},"content":{"rendered":"<p><\/p>\n<h4><a href=\"http:\/\/www.fumssar.com.br\/?page_id=110\"><\/p>\n<li>Sobre o Posto de Sa\u00fade Bela Uni\u00e3o<\/li>\n<p><\/a><\/h4>\n<p><\/p>\n<h4><a href=\"http:\/\/www.fumssar.com.br\/?cat=10\"><\/p>\n<li>Informativo Posto de Sa\u00fade Bela Uni\u00e3o<\/li>\n<p><\/a><\/h4>\n","protected":false},"excerpt":{"rendered":"<p>Sobre o Posto de Sa\u00fade Bela Uni\u00e3o Informativo Posto de Sa\u00fade Bela Uni\u00e3o<\/p>\n","protected":false},"author":1,"featured_media":0,"parent":29,"menu_order":0,"comment_status":"closed","ping_status":"open","template":"","meta":{"footnotes":""},"_links":{"self":[{"href":"https:\/\/www.fumssar.com.br\/index.php?rest_route=\/wp\/v2\/pages\/108"}],"collection":[{"href":"https:\/\/www.fumssar.com.br\/index.php?rest_route=\/wp\/v2\/pages"}],"about":[{"href":"https:\/\/www.fumssar.com.br\/index.php?rest_route=\/wp\/v2\/types\/page"}],"author":[{"embeddable":true,"href":"https:\/\/www.fumssar.com.br\/index.php?rest_route=\/wp\/v2\/users\/1"}],"replies":[{"embeddable":true,"href":"https:\/\/www.fumssar.com.br\/index.php?rest_route=%2Fwp%2Fv2%2Fcomments&post=108"}],"version-history":[{"count":2,"href":"https:\/\/www.fumssar.com.br\/index.php?rest_route=\/wp\/v2\/pages\/108\/revisions"}],"predecessor-version":[{"id":642,"href":"https:\/\/www.fumssar.com.br\/index.php?rest_route=\/wp\/v2\/pages\/108\/revisions\/642"}],"up":[{"embeddable":true,"href":"https:\/\/www.fumssar.com.br\/index.php?rest_route=\/wp\/v2\/pages\/29"}],"wp:attachment":[{"href":"https:\/\/www.fumssar.com.br\/index.php?rest_route=%2Fwp%2Fv2%2Fmedia&parent=108"}],"curies":[{"name":"wp","href":"https:\/\/api.w.org\/{rel}","templated":true}]}}