{"id":100,"date":"2013-11-29T18:02:09","date_gmt":"2013-11-29T18:02:09","guid":{"rendered":"http:\/\/www.fumssar.com.br\/?page_id=100"},"modified":"2014-01-27T18:01:43","modified_gmt":"2014-01-27T18:01:43","slug":"posto-de-saude-balnearia","status":"publish","type":"page","link":"https:\/\/www.fumssar.com.br\/?page_id=100","title":{"rendered":"Posto de Sa\u00fade Balne\u00e1ria"},"content":{"rendered":"<p><\/p>\n<h4><a href=\"http:\/\/www.fumssar.com.br\/?page_id=102\"><\/p>\n<li>Sobre o Posto de Sa\u00fade Balne\u00e1ria<\/li>\n<p><\/a><\/h4>\n<p><\/p>\n<h4><a href=\"http:\/\/www.fumssar.com.br\/?cat=8\"><\/p>\n<li>Informativo Posto de Sa\u00fade Balne\u00e1ria<\/li>\n<p><\/a><\/h4>\n","protected":false},"excerpt":{"rendered":"<p>Sobre o Posto de Sa\u00fade Balne\u00e1ria Informativo Posto de Sa\u00fade Balne\u00e1ria<\/p>\n","protected":false},"author":1,"featured_media":0,"parent":29,"menu_order":0,"comment_status":"closed","ping_status":"open","template":"","meta":{"footnotes":""},"_links":{"self":[{"href":"https:\/\/www.fumssar.com.br\/index.php?rest_route=\/wp\/v2\/pages\/100"}],"collection":[{"href":"https:\/\/www.fumssar.com.br\/index.php?rest_route=\/wp\/v2\/pages"}],"about":[{"href":"https:\/\/www.fumssar.com.br\/index.php?rest_route=\/wp\/v2\/types\/page"}],"author":[{"embeddable":true,"href":"https:\/\/www.fumssar.com.br\/index.php?rest_route=\/wp\/v2\/users\/1"}],"replies":[{"embeddable":true,"href":"https:\/\/www.fumssar.com.br\/index.php?rest_route=%2Fwp%2Fv2%2Fcomments&post=100"}],"version-history":[{"count":2,"href":"https:\/\/www.fumssar.com.br\/index.php?rest_route=\/wp\/v2\/pages\/100\/revisions"}],"predecessor-version":[{"id":636,"href":"https:\/\/www.fumssar.com.br\/index.php?rest_route=\/wp\/v2\/pages\/100\/revisions\/636"}],"up":[{"embeddable":true,"href":"https:\/\/www.fumssar.com.br\/index.php?rest_route=\/wp\/v2\/pages\/29"}],"wp:attachment":[{"href":"https:\/\/www.fumssar.com.br\/index.php?rest_route=%2Fwp%2Fv2%2Fmedia&parent=100"}],"curies":[{"name":"wp","href":"https:\/\/api.w.org\/{rel}","templated":true}]}}