{"id":9510,"date":"2017-03-22T08:00:14","date_gmt":"2017-03-22T11:00:14","guid":{"rendered":"http:\/\/www.fumssar.com.br\/?page_id=9510"},"modified":"2024-04-17T16:20:16","modified_gmt":"2024-04-17T19:20:16","slug":"horarios-dos-medicos-e-odontologos","status":"publish","type":"page","link":"http:\/\/www.fumssar.com.br\/?page_id=9510","title":{"rendered":"Hor\u00e1rios dos M\u00e9dicos e Odont\u00f3logos"},"content":{"rendered":"<p><span style=\"color: black;\"><br \/>\n<a href=\"http:\/\/www.fumssar.com.br\/wp-content\/uploads\/2024\/04\/Hor\u00e1rios_Cirurgi\u00f5es_Dentistas.pdf\" target=\"_blank\" rel=\"noopener noreferrer\" data-wplink-edit=\"true\"> <img decoding=\"async\" class=\"\" src=\"http:\/\/www.fumssar.com.br\/wp-content\/uploads\/2016\/07\/icone-pdf1.gif\" alt=\"\" width=\"\" height=\"\" \/>DENTISTAS <\/a><\/span><\/p>\n<p><a href=\"http:\/\/www.fumssar.com.br\/wp-content\/uploads\/2024\/04\/Hor\u00e1rios_M\u00e9dicos.pdf\" target=\"_blank\" rel=\"noopener noreferrer\"> <img decoding=\"async\" class=\"\" src=\"http:\/\/www.fumssar.com.br\/wp-content\/uploads\/2016\/07\/icone-pdf1.gif\" alt=\"\" width=\"\" height=\"\" \/>M\u00c9DICOS <\/a><\/p>\n<p><a href=\"http:\/\/www.fumssar.com.br\/wp-content\/uploads\/2023\/07\/Enfermeiros-APS.pdf\" target=\"_blank\" rel=\"noopener noreferrer\"><img decoding=\"async\" class=\"\" src=\"http:\/\/www.fumssar.com.br\/wp-content\/uploads\/2016\/07\/icone-pdf1.gif\" alt=\"\" width=\"\" height=\"\" \/>ENFERMEIROS <\/a><\/p>\n<p><a href=\"http:\/\/www.fumssar.com.br\/wp-content\/uploads\/2023\/07\/Equipes-Multiprofissionais-Aten\u00e7\u00e3o-Prim\u00e1ria-\u00e0-Sa\u00fade.pdf\" target=\"_blank\" rel=\"noopener noreferrer\"><img decoding=\"async\" class=\"\" src=\"http:\/\/www.fumssar.com.br\/wp-content\/uploads\/2016\/07\/icone-pdf1.gif\" alt=\"\" width=\"\" height=\"\" \/>EQUIPES MULTIPROFISSIONAIS <\/a><\/p>\n<p>&#8212;<\/p>\n","protected":false},"excerpt":{"rendered":"<p>DENTISTAS M\u00c9DICOS ENFERMEIROS EQUIPES MULTIPROFISSIONAIS &#8212;<\/p>\n","protected":false},"author":16,"featured_media":0,"parent":0,"menu_order":0,"comment_status":"closed","ping_status":"open","template":"","meta":{"footnotes":""},"_links":{"self":[{"href":"http:\/\/www.fumssar.com.br\/index.php?rest_route=\/wp\/v2\/pages\/9510"}],"collection":[{"href":"http:\/\/www.fumssar.com.br\/index.php?rest_route=\/wp\/v2\/pages"}],"about":[{"href":"http:\/\/www.fumssar.com.br\/index.php?rest_route=\/wp\/v2\/types\/page"}],"author":[{"embeddable":true,"href":"http:\/\/www.fumssar.com.br\/index.php?rest_route=\/wp\/v2\/users\/16"}],"replies":[{"embeddable":true,"href":"http:\/\/www.fumssar.com.br\/index.php?rest_route=%2Fwp%2Fv2%2Fcomments&post=9510"}],"version-history":[{"count":5,"href":"http:\/\/www.fumssar.com.br\/index.php?rest_route=\/wp\/v2\/pages\/9510\/revisions"}],"predecessor-version":[{"id":26779,"href":"http:\/\/www.fumssar.com.br\/index.php?rest_route=\/wp\/v2\/pages\/9510\/revisions\/26779"}],"wp:attachment":[{"href":"http:\/\/www.fumssar.com.br\/index.php?rest_route=%2Fwp%2Fv2%2Fmedia&parent=9510"}],"curies":[{"name":"wp","href":"https:\/\/api.w.org\/{rel}","templated":true}]}}