{"id":8289,"date":"2016-07-22T14:34:06","date_gmt":"2016-07-22T17:34:06","guid":{"rendered":"http:\/\/www.fumssar.com.br\/?page_id=8289"},"modified":"2021-05-19T13:49:44","modified_gmt":"2021-05-19T16:49:44","slug":"dgrcs-cer-centro-especializado-em-reabilitacao-auditiva-e-intelectual","status":"publish","type":"page","link":"http:\/\/www.fumssar.com.br\/?page_id=8289","title":{"rendered":"CER &#8211; Centro Especializado em Reabilita\u00e7\u00e3o Auditiva e Intelectual"},"content":{"rendered":"<h3><strong>CER \u2013 Centro Especializado em Reabilita\u00e7\u00e3o Auditiva e Intelectual<\/strong><\/h3>\n<h4><strong>Contatos<\/strong><\/h4>\n<p><strong>Telefone:<\/strong> (55) 3513-5187<br \/>\n<strong>Email:<\/strong> cer@fumssar.com.br<\/p>\n<p>&#8212;<\/p>\n<h4><strong>Endere\u00e7o<\/strong><\/h4>\n<p>Rua Sergipe, 127, Centro \u2013 Santa Rosa \u2013 RS, 98780-549<\/p>\n<p><iframe loading=\"lazy\" style=\"border: 0;\" src=\"https:\/\/www.google.com\/maps\/embed?pb=!1m18!1m12!1m3!1d1032.3395039622553!2d-54.47539540367478!3d-27.86268160869828!2m3!1f0!2f0!3f0!3m2!1i1024!2i768!4f13.1!3m3!1m2!1s0x0%3A0x0!2zMjfCsDUxJzQ1LjciUyA1NMKwMjgnMjkuMSJX!5e1!3m2!1spt-BR!2sbr!4v1469208980487\" width=\"400\" height=\"300\" frameborder=\"0\" allowfullscreen=\"allowfullscreen\"><\/iframe><\/p>\n<p>&#8212;<\/p>\n<p><strong>Hor\u00e1rio de atendimento:<\/strong><br \/>\nSegunda-feira a sexta-feira<br \/>\nManh\u00e3: 7:30h \u00e0s 11:30h<br \/>\nTarde: 13:30h \u00e0s 17:30h<\/p>\n<p>&#8212;<\/p>\n<h4><strong>Equipe<\/strong><\/h4>\n<p><a href=\"http:\/\/www.fumssar.com.br\/wp-content\/uploads\/2016\/10\/Cer.pdf\" target=\"_blank\" rel=\"noopener noreferrer\"><img decoding=\"async\" class=\"\" src=\"http:\/\/www.fumssar.com.br\/wp-content\/uploads\/2016\/10\/botao-profissionais-da-UBS.jpg\" alt=\"\" width=\"\" height=\"\" \/><\/a><\/p>\n<p>&#8212;<\/p>\n<h4><strong>Sobre o CER<\/strong><\/h4>\n<p align=\"justify\">O Centro Especializado em Reabilita\u00e7\u00e3o Auditiva e Intelectual \u2013 CER II \u2013 FUMSSAR de Santa Rosa\/RS, iniciou seus trabalhos em novembro de 2014 e oferta duas modalidades de reabilita\u00e7\u00e3o:<\/p>\n<p align=\"justify\"><strong>Reabilita\u00e7\u00e3o\/Habilita\u00e7\u00e3o Auditiva:<\/strong> oferece reabilita\u00e7\u00e3o \u00e0s pessoas com defici\u00eancia auditiva atrav\u00e9s de consultas e exames audiol\u00f3gicos, fornecimento de aparelhos auditivos, sistema FM (crian\u00e7as), acompanhamento peri\u00f3dico e terapia fonoaudiol\u00f3gica. A equipe interdisciplinar mant\u00e9m orienta\u00e7\u00f5es aos familiares e demais institui\u00e7\u00f5es vinculadas ao usu\u00e1rio de aparelhos auditivos com o objetivo da integralidade do cuidado.<\/p>\n<p align=\"justify\">Atualmente o CER atende 22 mun\u00edcipios credenciados (14\u00aaCRS) e as transfer\u00eancias vindas de Iju\u00ed (Pr\u00f3Audi).<\/p>\n<p align=\"justify\">S\u00e3o atendidos usu\u00e1rios de todas as faixas et\u00e1rias, inclusive beb\u00eas que falham no Teste da Orelhinha. Realiza-se tamb\u00e9m, o encaminhamento e acompanhamento de usu\u00e1rios com Implante Coclear.<\/p>\n<p align=\"justify\"><strong>Reabilita\u00e7\u00e3o\/Habilita\u00e7\u00e3o Intelectual e Transtornos do Espectro do Autismo:<\/strong> realiza atendimento interdisciplinar de pessoas com suspeita ou diagn\u00f3stico de defici\u00eancia intelectual ou autistas, assim como estimula\u00e7\u00e3o precoce, orienta\u00e7\u00f5es \u00e0 fam\u00edlia; orienta\u00e7\u00f5es \u00e0 escola, reabilita\u00e7\u00e3o\/habilita\u00e7\u00e3o, visando, entre outras, o desenvolvimento de habilidades comunicacionais, de intera\u00e7\u00e3o social, e de aprendizado.<\/p>\n<p align=\"justify\">A partir do acolhimento, o usu\u00e1rio realiza avalia\u00e7\u00f5es com equipe multiprofissional, composta por m\u00e9dico psiquiatra; neuropediatra; psic\u00f3logos; fonoaudi\u00f3logos e terapeuta ocupacional e atrav\u00e9s do Plano Terap\u00eautico Singular, s\u00e3o desenvolvidas a\u00e7\u00f5es que auxiliem usu\u00e1rios a criar recursos e estrat\u00e9gias para o seu cotidiano.<\/p>\n<p align=\"justify\">O CER atende os munic\u00edpios de Santa Rosa, Tucunduva, Tuparendi, Porto Mau\u00e1 e Porto Vera Cruz, os demais munic\u00edpios mant\u00e9m atendimento nas respectivas APAEs.<\/p>\n<p align=\"justify\">S\u00e3o atendidos usu\u00e1rios de todas as faixas et\u00e1rias, encaminhados atrav\u00e9s das Unidades B\u00e1sicas de Sa\u00fade.<\/p>\n","protected":false},"excerpt":{"rendered":"<p>CER \u2013 Centro Especializado em Reabilita\u00e7\u00e3o Auditiva e Intelectual Contatos Telefone: (55) 3513-5187 Email: cer@fumssar.com.br&#8230;<\/p>\n","protected":false},"author":16,"featured_media":0,"parent":224,"menu_order":0,"comment_status":"closed","ping_status":"open","template":"","meta":{"footnotes":""},"_links":{"self":[{"href":"http:\/\/www.fumssar.com.br\/index.php?rest_route=\/wp\/v2\/pages\/8289"}],"collection":[{"href":"http:\/\/www.fumssar.com.br\/index.php?rest_route=\/wp\/v2\/pages"}],"about":[{"href":"http:\/\/www.fumssar.com.br\/index.php?rest_route=\/wp\/v2\/types\/page"}],"author":[{"embeddable":true,"href":"http:\/\/www.fumssar.com.br\/index.php?rest_route=\/wp\/v2\/users\/16"}],"replies":[{"embeddable":true,"href":"http:\/\/www.fumssar.com.br\/index.php?rest_route=%2Fwp%2Fv2%2Fcomments&post=8289"}],"version-history":[{"count":12,"href":"http:\/\/www.fumssar.com.br\/index.php?rest_route=\/wp\/v2\/pages\/8289\/revisions"}],"predecessor-version":[{"id":17116,"href":"http:\/\/www.fumssar.com.br\/index.php?rest_route=\/wp\/v2\/pages\/8289\/revisions\/17116"}],"up":[{"embeddable":true,"href":"http:\/\/www.fumssar.com.br\/index.php?rest_route=\/wp\/v2\/pages\/224"}],"wp:attachment":[{"href":"http:\/\/www.fumssar.com.br\/index.php?rest_route=%2Fwp%2Fv2%2Fmedia&parent=8289"}],"curies":[{"name":"wp","href":"https:\/\/api.w.org\/{rel}","templated":true}]}}