{"id":7734,"date":"2016-06-03T15:53:30","date_gmt":"2016-06-03T18:53:30","guid":{"rendered":"http:\/\/www.fumssar.com.br\/?page_id=7734"},"modified":"2016-06-03T16:18:08","modified_gmt":"2016-06-03T19:18:08","slug":"publicacoes-legais-decisao-em-processo-administrativo-sanitario-2016","status":"publish","type":"page","link":"http:\/\/www.fumssar.com.br\/?page_id=7734","title":{"rendered":"Publica\u00e7\u00f5es Legais > Decis\u00e3o Em Processo Administrativo Sanit\u00e1rio > 2016"},"content":{"rendered":"<p><\/p>\n<h4><a href=\"http:\/\/www.fumssar.com.br\/?cat=72\"><\/p>\n<li>Vigil\u00e2ncia Ambiental<\/li>\n<p><\/a><\/h4>\n<p><\/p>\n<h4><a href=\"http:\/\/www.fumssar.com.br\/?cat=71\"><\/p>\n<li>Vigil\u00e2ncia Sanit\u00e1ria<\/li>\n<p><\/a><\/h4>\n","protected":false},"excerpt":{"rendered":"<p>Vigil\u00e2ncia Ambiental Vigil\u00e2ncia Sanit\u00e1ria<\/p>\n","protected":false},"author":16,"featured_media":0,"parent":7727,"menu_order":0,"comment_status":"closed","ping_status":"open","template":"","meta":{"footnotes":""},"_links":{"self":[{"href":"http:\/\/www.fumssar.com.br\/index.php?rest_route=\/wp\/v2\/pages\/7734"}],"collection":[{"href":"http:\/\/www.fumssar.com.br\/index.php?rest_route=\/wp\/v2\/pages"}],"about":[{"href":"http:\/\/www.fumssar.com.br\/index.php?rest_route=\/wp\/v2\/types\/page"}],"author":[{"embeddable":true,"href":"http:\/\/www.fumssar.com.br\/index.php?rest_route=\/wp\/v2\/users\/16"}],"replies":[{"embeddable":true,"href":"http:\/\/www.fumssar.com.br\/index.php?rest_route=%2Fwp%2Fv2%2Fcomments&post=7734"}],"version-history":[{"count":3,"href":"http:\/\/www.fumssar.com.br\/index.php?rest_route=\/wp\/v2\/pages\/7734\/revisions"}],"predecessor-version":[{"id":7741,"href":"http:\/\/www.fumssar.com.br\/index.php?rest_route=\/wp\/v2\/pages\/7734\/revisions\/7741"}],"up":[{"embeddable":true,"href":"http:\/\/www.fumssar.com.br\/index.php?rest_route=\/wp\/v2\/pages\/7727"}],"wp:attachment":[{"href":"http:\/\/www.fumssar.com.br\/index.php?rest_route=%2Fwp%2Fv2%2Fmedia&parent=7734"}],"curies":[{"name":"wp","href":"https:\/\/api.w.org\/{rel}","templated":true}]}}