{"id":505,"date":"2014-01-10T13:32:59","date_gmt":"2014-01-10T13:32:59","guid":{"rendered":"http:\/\/www.fumssar.com.br\/?page_id=505"},"modified":"2016-06-29T16:20:19","modified_gmt":"2016-06-29T19:20:19","slug":"concursos-e-selecoes-publicas-2014","status":"publish","type":"page","link":"http:\/\/www.fumssar.com.br\/?page_id=505","title":{"rendered":"Publica\u00e7\u00f5es Legais > Concursos e Sele\u00e7\u00f5es P\u00fablicas > 2014"},"content":{"rendered":"<p><\/p>\n<h4><a href=\"http:\/\/www.fumssar.com.br\/?cat=44\"><\/p>\n<li>CIEE<\/li>\n<p><\/a><\/h4>\n<p><\/p>\n<h4><a href=\"http:\/\/www.fumssar.com.br\/?cat=43\"><\/p>\n<li>Concurso P\u00fablico 01\/2014<\/li>\n<p><\/a><\/h4>\n<p><\/p>\n<h4><a href=\"http:\/\/www.fumssar.com.br\/?cat=45\"><\/p>\n<li>Concurso P\u00fablico 02\/2014<\/li>\n<p><\/a><\/h4>\n<p><\/p>\n<h4><a href=\"http:\/\/www.fumssar.com.br\/?cat=34\"><\/p>\n<li>Editais de Convoca\u00e7\u00e3o<\/li>\n<p><\/a><\/h4>\n<p><\/p>\n<h4><a href=\"http:\/\/www.fumssar.com.br\/?cat=40\"><\/p>\n<li>Sele\u00e7\u00f5es P\u00fablicas Tempor\u00e1rias<\/li>\n<p><\/a><\/h4>\n","protected":false},"excerpt":{"rendered":"<p>CIEE Concurso P\u00fablico 01\/2014 Concurso P\u00fablico 02\/2014 Editais de Convoca\u00e7\u00e3o Sele\u00e7\u00f5es P\u00fablicas Tempor\u00e1rias<\/p>\n","protected":false},"author":1,"featured_media":0,"parent":242,"menu_order":0,"comment_status":"closed","ping_status":"open","template":"","meta":{"footnotes":""},"_links":{"self":[{"href":"http:\/\/www.fumssar.com.br\/index.php?rest_route=\/wp\/v2\/pages\/505"}],"collection":[{"href":"http:\/\/www.fumssar.com.br\/index.php?rest_route=\/wp\/v2\/pages"}],"about":[{"href":"http:\/\/www.fumssar.com.br\/index.php?rest_route=\/wp\/v2\/types\/page"}],"author":[{"embeddable":true,"href":"http:\/\/www.fumssar.com.br\/index.php?rest_route=\/wp\/v2\/users\/1"}],"replies":[{"embeddable":true,"href":"http:\/\/www.fumssar.com.br\/index.php?rest_route=%2Fwp%2Fv2%2Fcomments&post=505"}],"version-history":[{"count":5,"href":"http:\/\/www.fumssar.com.br\/index.php?rest_route=\/wp\/v2\/pages\/505\/revisions"}],"predecessor-version":[{"id":7950,"href":"http:\/\/www.fumssar.com.br\/index.php?rest_route=\/wp\/v2\/pages\/505\/revisions\/7950"}],"up":[{"embeddable":true,"href":"http:\/\/www.fumssar.com.br\/index.php?rest_route=\/wp\/v2\/pages\/242"}],"wp:attachment":[{"href":"http:\/\/www.fumssar.com.br\/index.php?rest_route=%2Fwp%2Fv2%2Fmedia&parent=505"}],"curies":[{"name":"wp","href":"https:\/\/api.w.org\/{rel}","templated":true}]}}