{"id":306,"date":"2013-12-06T11:23:55","date_gmt":"2013-12-06T11:23:55","guid":{"rendered":"http:\/\/www.fumssar.com.br\/?page_id=306"},"modified":"2021-05-19T14:12:05","modified_gmt":"2021-05-19T17:12:05","slug":"secao-de-pessoal","status":"publish","type":"page","link":"http:\/\/www.fumssar.com.br\/?page_id=306","title":{"rendered":"Se\u00e7\u00e3o de Pessoal"},"content":{"rendered":"<h3><strong>Se\u00e7\u00e3o de Pessoal<\/strong><\/h3>\n<h4><strong>Contatos<\/strong><\/h4>\n<p><strong>Telefone:<\/strong> (55) 3513-5112<br \/>\n<strong>Email:<\/strong> rh@fumssar.com.br<\/p>\n<p>&#8212;<\/p>\n<h4><strong>Endere\u00e7o<\/strong><\/h4>\n<p>Rua Francisco Timm, 480, Centro, Santa Rosa &#8211; RS, 98780-803<\/p>\n<p><iframe loading=\"lazy\" style=\"border: 0;\" src=\"https:\/\/www.google.com\/maps\/embed?pb=!1m18!1m12!1m3!1d1041.231337642245!2d-54.48518296234165!3d-27.868571722568547!2m3!1f0!2f0!3f0!3m2!1i1024!2i768!4f13.1!3m3!1m2!1s0x94f9343427dfe3b7%3A0xd098ba264976a973!2sR.+Dr.+Francisco+Timm%2C+480+-+Centro%2C+Santa+Rosa+-+RS%2C+98900-000!5e1!3m2!1spt-BR!2sbr!4v1467921740795\" width=\"400\" height=\"300\" frameborder=\"0\" allowfullscreen=\"allowfullscreen\"><\/iframe><\/p>\n<p>&#8212;<\/p>\n<h4><strong>Atividades<\/strong><\/h4>\n<p align=\"justify\">A Se\u00e7\u00e3o de Pessoal \u00e9 respons\u00e1vel pelo controle e gerenciamento da folha de pagamento, administra\u00e7\u00e3o de benef\u00edcios, an\u00e1lise e acompanhamento de processos de est\u00e1gio probat\u00f3rio, licen\u00e7a pr\u00eamio, adicional de escolaridade, prorroga\u00e7\u00e3o de licen\u00e7a maternidade, aux\u00edlio natalidade, abono perman\u00eancia e aposentadoria. Realiza o gerenciamento de atos de admiss\u00e3o e demiss\u00e3o, acompanhamentos da realiza\u00e7\u00e3o dos processos seletivos, controle de efetividade, emiss\u00e3o de atos legais como portarias, ordens de servi\u00e7os e editais. Envio de informa\u00e7\u00f5es e de arquivos (SEFIP\/CAGED\/DIRF\/RAIS), organiza\u00e7\u00e3o e atualiza\u00e7\u00e3o dos movimentos das pastas funcionais.<\/p>\n","protected":false},"excerpt":{"rendered":"<p>Se\u00e7\u00e3o de Pessoal Contatos Telefone: (55) 3513-5112 Email: rh@fumssar.com.br &#8212; Endere\u00e7o Rua Francisco Timm, 480,&#8230;<\/p>\n","protected":false},"author":1,"featured_media":0,"parent":231,"menu_order":0,"comment_status":"closed","ping_status":"open","template":"","meta":{"footnotes":""},"_links":{"self":[{"href":"http:\/\/www.fumssar.com.br\/index.php?rest_route=\/wp\/v2\/pages\/306"}],"collection":[{"href":"http:\/\/www.fumssar.com.br\/index.php?rest_route=\/wp\/v2\/pages"}],"about":[{"href":"http:\/\/www.fumssar.com.br\/index.php?rest_route=\/wp\/v2\/types\/page"}],"author":[{"embeddable":true,"href":"http:\/\/www.fumssar.com.br\/index.php?rest_route=\/wp\/v2\/users\/1"}],"replies":[{"embeddable":true,"href":"http:\/\/www.fumssar.com.br\/index.php?rest_route=%2Fwp%2Fv2%2Fcomments&post=306"}],"version-history":[{"count":7,"href":"http:\/\/www.fumssar.com.br\/index.php?rest_route=\/wp\/v2\/pages\/306\/revisions"}],"predecessor-version":[{"id":17129,"href":"http:\/\/www.fumssar.com.br\/index.php?rest_route=\/wp\/v2\/pages\/306\/revisions\/17129"}],"up":[{"embeddable":true,"href":"http:\/\/www.fumssar.com.br\/index.php?rest_route=\/wp\/v2\/pages\/231"}],"wp:attachment":[{"href":"http:\/\/www.fumssar.com.br\/index.php?rest_route=%2Fwp%2Fv2%2Fmedia&parent=306"}],"curies":[{"name":"wp","href":"https:\/\/api.w.org\/{rel}","templated":true}]}}