{"id":272,"date":"2013-12-05T19:07:16","date_gmt":"2013-12-05T19:07:16","guid":{"rendered":"http:\/\/www.fumssar.com.br\/?page_id=272"},"modified":"2021-05-19T13:48:18","modified_gmt":"2021-05-19T16:48:18","slug":"regulacao","status":"publish","type":"page","link":"http:\/\/www.fumssar.com.br\/?page_id=272","title":{"rendered":"Regula\u00e7\u00e3o"},"content":{"rendered":"<h3><strong>Regula\u00e7\u00e3o<\/strong><\/h3>\n<h4><strong>Contatos<\/strong><\/h4>\n<p><strong>Telefone:<\/strong> (55) 3513-5123<br \/>\n<strong>Email:<\/strong> regulacao@fumssar.com.br<\/p>\n<p>&#8212;<\/p>\n<h4><strong>Endere\u00e7o<\/strong><\/h4>\n<p>Rua Francisco Timm, 480, Centro, Santa Rosa &#8211; RS, 98780-803<\/p>\n<p><iframe loading=\"lazy\" style=\"border: 0;\" src=\"https:\/\/www.google.com\/maps\/embed?pb=!1m18!1m12!1m3!1d1041.231337642245!2d-54.48518296234165!3d-27.868571722568547!2m3!1f0!2f0!3f0!3m2!1i1024!2i768!4f13.1!3m3!1m2!1s0x94f9343427dfe3b7%3A0xd098ba264976a973!2sR.+Dr.+Francisco+Timm%2C+480+-+Centro%2C+Santa+Rosa+-+RS%2C+98900-000!5e1!3m2!1spt-BR!2sbr!4v1467921740795\" width=\"400\" height=\"300\" frameborder=\"0\" allowfullscreen=\"allowfullscreen\"><\/iframe><\/p>\n","protected":false},"excerpt":{"rendered":"<p>Regula\u00e7\u00e3o Contatos Telefone: (55) 3513-5123 Email: regulacao@fumssar.com.br &#8212; Endere\u00e7o Rua Francisco Timm, 480, Centro, Santa&#8230;<\/p>\n","protected":false},"author":1,"featured_media":0,"parent":224,"menu_order":0,"comment_status":"closed","ping_status":"open","template":"","meta":{"footnotes":""},"_links":{"self":[{"href":"http:\/\/www.fumssar.com.br\/index.php?rest_route=\/wp\/v2\/pages\/272"}],"collection":[{"href":"http:\/\/www.fumssar.com.br\/index.php?rest_route=\/wp\/v2\/pages"}],"about":[{"href":"http:\/\/www.fumssar.com.br\/index.php?rest_route=\/wp\/v2\/types\/page"}],"author":[{"embeddable":true,"href":"http:\/\/www.fumssar.com.br\/index.php?rest_route=\/wp\/v2\/users\/1"}],"replies":[{"embeddable":true,"href":"http:\/\/www.fumssar.com.br\/index.php?rest_route=%2Fwp%2Fv2%2Fcomments&post=272"}],"version-history":[{"count":4,"href":"http:\/\/www.fumssar.com.br\/index.php?rest_route=\/wp\/v2\/pages\/272\/revisions"}],"predecessor-version":[{"id":17115,"href":"http:\/\/www.fumssar.com.br\/index.php?rest_route=\/wp\/v2\/pages\/272\/revisions\/17115"}],"up":[{"embeddable":true,"href":"http:\/\/www.fumssar.com.br\/index.php?rest_route=\/wp\/v2\/pages\/224"}],"wp:attachment":[{"href":"http:\/\/www.fumssar.com.br\/index.php?rest_route=%2Fwp%2Fv2%2Fmedia&parent=272"}],"curies":[{"name":"wp","href":"https:\/\/api.w.org\/{rel}","templated":true}]}}