{"id":270,"date":"2013-12-05T19:06:48","date_gmt":"2013-12-05T19:06:48","guid":{"rendered":"http:\/\/www.fumssar.com.br\/?page_id=270"},"modified":"2021-05-19T13:47:23","modified_gmt":"2021-05-19T16:47:23","slug":"hemocentro","status":"publish","type":"page","link":"http:\/\/www.fumssar.com.br\/?page_id=270","title":{"rendered":"Hemocentro"},"content":{"rendered":"<h3><strong>Hemocentro<\/strong><\/h3>\n<h4><strong>Contatos<\/strong><\/h4>\n<p><strong>Telefone:<\/strong> (55) 3513-5140<br \/>\n<strong>Email:<\/strong> hemocentro@fumssar.com.br<\/p>\n<p>&#8212;<\/p>\n<h4><strong>Endere\u00e7o<\/strong><\/h4>\n<p>Rua Boa Vista, 401, Centro, Santa Rosa &#8211; RS, 98780-066<\/p>\n<p><iframe loading=\"lazy\" style=\"border: 0;\" src=\"https:\/\/www.google.com\/maps\/embed?pb=!1m18!1m12!1m3!1d2111.087759172754!2d-54.48733181456784!3d-27.86823962221648!2m3!1f0!2f0!3f0!3m2!1i1024!2i768!4f13.1!3m3!1m2!1s0x94f93436fe9515a1%3A0xd95db95690adb641!2sHEMOCENTRO+SANTA+ROSA!5e1!3m2!1spt-BR!2sbr!4v1469532632249\" width=\"400\" height=\"300\" frameborder=\"0\" allowfullscreen=\"allowfullscreen\"><\/iframe><\/p>\n<p>&#8212;<\/p>\n<h4><strong>Sobre o Hemocentro Regional de Santa Rosa<\/strong><\/h4>\n<p align=\"justify\">O Hemocentro Regional de Santa Rosa atende uma \u00e1rea de abrang\u00eancia dos servi\u00e7os hemoter\u00e1picos para 52 munic\u00edpios, com uma popula\u00e7\u00e3o aproximada de 600.000 habitantes. Possui contrato firmado com 27 estabelecimentos hospitalares. Realiza as provas imuno-hematol\u00f3gicas pr\u00e9-transfusionais para 16 ag\u00eancias transfusionais. A coleta m\u00e9dia \u00e9 de 700 bolsas\/m\u00eas. S\u00e3o realizadas coletas externas que s\u00e3o respons\u00e1veis por 40% dos estoques. As coletas externas s\u00e3o realizadas a sexta-feira e aos s\u00e1bados nos munic\u00edpios da \u00e1rea de abrang\u00eancia. Para a realiza\u00e7\u00e3o das coletas o Hemocentro conta com o apoio da m\u00eddia local &#8211; r\u00e1dio, jornal, TV, para divulga\u00e7\u00e3o das campanhas; doa\u00e7\u00f5es das empresas locais &#8211; lanche, almo\u00e7o para funcion\u00e1rios. A equipe que realiza as coletas \u00e9 a mesma que ao retornar ao Hemocentro processa o sangue e \u00e9 composta de: 01 enfermeiro para triagem, 02 auxiliares de laborat\u00f3rio para etiquetar as amostras e bolsas, 05 auxiliares de enfermagem para coleta e hemat\u00f3crito e 03 recepcionistas para realiza\u00e7\u00e3o do cadastro. 52 As atividades do Hemocentro incluem palestras sobre doa\u00e7\u00e3o de sangue e medula \u00f3ssea em escolas e empresas da regi\u00e3o, al\u00e9m de entrevistas semanais a r\u00e1dios e envio de mat\u00e9rias informativas aos jornais, destacando a import\u00e2ncia da doa\u00e7\u00e3o e incentivando o voluntariado. Todos os procedimentos m\u00e9dicos que demandam transfus\u00e3o de sangue precisam dispor de um fornecimento regular e seguro deste elemento, da\u00ed a import\u00e2ncia de se manter sempre abastecidos os bancos de sangue por meio de doa\u00e7\u00f5es seguras, dispondo de hemocompontes com qualidade. Com o objetivo de suprir a demanda e manter os estoques de sangue dos hospitais conveniados com hemocomponentes de qualidade, o hemocentro buscou ampliar a seguran\u00e7a transfusional, como a implanta\u00e7\u00e3o da tecnologia NAT, fenotipagem de hemocomponentes e irradia\u00e7\u00e3o de hem\u00e1cias. A a\u00e7\u00e3o integrada nos diversos departamentos e setores produz a melhoria dos servi\u00e7os e a oferta qualificada de insumos, destaque para a\u00e7\u00f5es de coleta de sangue e medula nas atividades do Hemocentro mantendo estoque regular de sangue para a regi\u00e3o e cumprindo com \u00eaxito suas fun\u00e7\u00f5es. O hemocentro recebeu aten\u00e7\u00e3o especial na substitui\u00e7\u00e3o e amplia\u00e7\u00e3o de equipamentos e estrutura.<\/p>\n<p>&#8212;<\/p>\n<h4><strong>Campanhas<\/strong><\/h4>\n<p><span style=\"color: black;\"><a href=\"http:\/\/www.fumssar.com.br\/?page_id=8428\"><img decoding=\"async\" class=\"\" src=\"http:\/\/www.fumssar.com.br\/wp-content\/uploads\/2016\/08\/HD_20160725134534selo_empresa.jpg\" width=\"450\" height=\"\" \/><\/a><br \/>\n<\/span><\/p>\n","protected":false},"excerpt":{"rendered":"<p>Hemocentro Contatos Telefone: (55) 3513-5140 Email: hemocentro@fumssar.com.br &#8212; Endere\u00e7o Rua Boa Vista, 401, Centro, Santa&#8230;<\/p>\n","protected":false},"author":1,"featured_media":0,"parent":224,"menu_order":0,"comment_status":"closed","ping_status":"open","template":"","meta":{"footnotes":""},"_links":{"self":[{"href":"http:\/\/www.fumssar.com.br\/index.php?rest_route=\/wp\/v2\/pages\/270"}],"collection":[{"href":"http:\/\/www.fumssar.com.br\/index.php?rest_route=\/wp\/v2\/pages"}],"about":[{"href":"http:\/\/www.fumssar.com.br\/index.php?rest_route=\/wp\/v2\/types\/page"}],"author":[{"embeddable":true,"href":"http:\/\/www.fumssar.com.br\/index.php?rest_route=\/wp\/v2\/users\/1"}],"replies":[{"embeddable":true,"href":"http:\/\/www.fumssar.com.br\/index.php?rest_route=%2Fwp%2Fv2%2Fcomments&post=270"}],"version-history":[{"count":9,"href":"http:\/\/www.fumssar.com.br\/index.php?rest_route=\/wp\/v2\/pages\/270\/revisions"}],"predecessor-version":[{"id":17114,"href":"http:\/\/www.fumssar.com.br\/index.php?rest_route=\/wp\/v2\/pages\/270\/revisions\/17114"}],"up":[{"embeddable":true,"href":"http:\/\/www.fumssar.com.br\/index.php?rest_route=\/wp\/v2\/pages\/224"}],"wp:attachment":[{"href":"http:\/\/www.fumssar.com.br\/index.php?rest_route=%2Fwp%2Fv2%2Fmedia&parent=270"}],"curies":[{"name":"wp","href":"https:\/\/api.w.org\/{rel}","templated":true}]}}