{"id":240,"date":"2013-12-04T10:50:34","date_gmt":"2013-12-04T10:50:34","guid":{"rendered":"http:\/\/www.fumssar.com.br\/?page_id=240"},"modified":"2014-03-20T12:14:59","modified_gmt":"2014-03-20T12:14:59","slug":"licitacoes-2013","status":"publish","type":"page","link":"http:\/\/www.fumssar.com.br\/?page_id=240","title":{"rendered":"Licita\u00e7\u00f5es 2014"},"content":{"rendered":"<p><\/p>\n<h4><a href=\"http:\/\/www.fumssar.com.br\/?cat=35\"><\/p>\n<li>Ata de Preg\u00e3o<\/li>\n<p><\/a><\/h4>\n<p><\/p>\n<h4><a href=\"http:\/\/www.fumssar.com.br\/?cat=36\"><\/p>\n<li>Ata de Registro de Pre\u00e7o<\/li>\n<p><\/a><\/h4>\n<p><\/p>\n<h4><a href=\"http:\/\/www.fumssar.com.br\/?cat=26\"><\/p>\n<li>Concorr\u00eancia<\/li>\n<p><\/a><\/h4>\n<p><\/p>\n<h4><a href=\"http:\/\/www.fumssar.com.br\/?cat=27\"><\/p>\n<li>Dispensa de Licita\u00e7\u00e3o<\/li>\n<p><\/a><\/h4>\n<p><\/p>\n<h4><a href=\"http:\/\/www.fumssar.com.br\/?cat=28\"><\/p>\n<li>Inexigibilidade de Licita\u00e7\u00e3o<\/li>\n<p><\/a><\/h4>\n<p><\/p>\n<h4><a href=\"http:\/\/www.fumssar.com.br\/?cat=24\"><\/p>\n<li>Preg\u00e3o Presencial<\/li>\n<p><\/a><\/h4>\n<p><\/p>\n<h4><a href=\"http:\/\/www.fumssar.com.br\/?cat=25\"><\/p>\n<li>Tomada de Pre\u00e7o<\/li>\n<p><\/a><\/h4>\n","protected":false},"excerpt":{"rendered":"<p>Ata de Preg\u00e3o Ata de Registro de Pre\u00e7o Concorr\u00eancia Dispensa de Licita\u00e7\u00e3o Inexigibilidade de Licita\u00e7\u00e3o&#8230;<\/p>\n","protected":false},"author":1,"featured_media":0,"parent":238,"menu_order":0,"comment_status":"closed","ping_status":"open","template":"","meta":{"footnotes":""},"_links":{"self":[{"href":"http:\/\/www.fumssar.com.br\/index.php?rest_route=\/wp\/v2\/pages\/240"}],"collection":[{"href":"http:\/\/www.fumssar.com.br\/index.php?rest_route=\/wp\/v2\/pages"}],"about":[{"href":"http:\/\/www.fumssar.com.br\/index.php?rest_route=\/wp\/v2\/types\/page"}],"author":[{"embeddable":true,"href":"http:\/\/www.fumssar.com.br\/index.php?rest_route=\/wp\/v2\/users\/1"}],"replies":[{"embeddable":true,"href":"http:\/\/www.fumssar.com.br\/index.php?rest_route=%2Fwp%2Fv2%2Fcomments&post=240"}],"version-history":[{"count":6,"href":"http:\/\/www.fumssar.com.br\/index.php?rest_route=\/wp\/v2\/pages\/240\/revisions"}],"predecessor-version":[{"id":1148,"href":"http:\/\/www.fumssar.com.br\/index.php?rest_route=\/wp\/v2\/pages\/240\/revisions\/1148"}],"up":[{"embeddable":true,"href":"http:\/\/www.fumssar.com.br\/index.php?rest_route=\/wp\/v2\/pages\/238"}],"wp:attachment":[{"href":"http:\/\/www.fumssar.com.br\/index.php?rest_route=%2Fwp%2Fv2%2Fmedia&parent=240"}],"curies":[{"name":"wp","href":"https:\/\/api.w.org\/{rel}","templated":true}]}}