{"id":23583,"date":"2023-03-23T11:26:17","date_gmt":"2023-03-23T14:26:17","guid":{"rendered":"http:\/\/www.fumssar.com.br\/?page_id=23583"},"modified":"2023-03-23T11:26:18","modified_gmt":"2023-03-23T14:26:18","slug":"plano-de-cargos","status":"publish","type":"page","link":"http:\/\/www.fumssar.com.br\/?page_id=23583","title":{"rendered":"Plano de Cargos"},"content":{"rendered":"\n<div class=\"wp-block-file\"><a href=\"http:\/\/www.fumssar.com.br\/wp-content\/uploads\/2023\/03\/LC-61-PLANO-DE-CARGOS-E-CARREIRAS.pdf\">LC-61-PLANO-DE-CARGOS-E-CARREIRAS<\/a><a href=\"http:\/\/www.fumssar.com.br\/wp-content\/uploads\/2023\/03\/LC-61-PLANO-DE-CARGOS-E-CARREIRAS.pdf\" class=\"wp-block-file__button\" download>Baixar<\/a><\/div>\n\n\n\n<div class=\"wp-block-file\"><a href=\"http:\/\/www.fumssar.com.br\/wp-content\/uploads\/2023\/03\/LC-69-ALT.-LC-61-PLANO-DE-CARGOS-E-CARREIRAS-DA-FUMSSAR-1.pdf\">LC-69-ALT.-LC-61-PLANO-DE-CARGOS-E-CARREIRAS-DA-FUMSSAR-1<\/a><a href=\"http:\/\/www.fumssar.com.br\/wp-content\/uploads\/2023\/03\/LC-69-ALT.-LC-61-PLANO-DE-CARGOS-E-CARREIRAS-DA-FUMSSAR-1.pdf\" class=\"wp-block-file__button\" download>Baixar<\/a><\/div>\n\n\n\n<div class=\"wp-block-file\"><a href=\"http:\/\/www.fumssar.com.br\/wp-content\/uploads\/2023\/03\/LC-75-ALTERA-LC-61.pdf\">LC-75-ALTERA-LC-61<\/a><a href=\"http:\/\/www.fumssar.com.br\/wp-content\/uploads\/2023\/03\/LC-75-ALTERA-LC-61.pdf\" class=\"wp-block-file__button\" download>Baixar<\/a><\/div>\n\n\n\n<div class=\"wp-block-file\"><a href=\"http:\/\/www.fumssar.com.br\/wp-content\/uploads\/2023\/03\/LC-79-ALTERA-LC-61.pdf\">LC-79-ALTERA-LC-61<\/a><a href=\"http:\/\/www.fumssar.com.br\/wp-content\/uploads\/2023\/03\/LC-79-ALTERA-LC-61.pdf\" class=\"wp-block-file__button\" download>Baixar<\/a><\/div>\n\n\n\n<div class=\"wp-block-file\"><a href=\"http:\/\/www.fumssar.com.br\/wp-content\/uploads\/2023\/03\/LC-80-ALT.-LC-61-PLANO-DE-CARGOS-E-CARREIRAS-DA-FUMSSAR.pdf\">LC-80-ALT.-LC-61-PLANO-DE-CARGOS-E-CARREIRAS-DA-FUMSSAR<\/a><a href=\"http:\/\/www.fumssar.com.br\/wp-content\/uploads\/2023\/03\/LC-80-ALT.-LC-61-PLANO-DE-CARGOS-E-CARREIRAS-DA-FUMSSAR.pdf\" class=\"wp-block-file__button\" download>Baixar<\/a><\/div>\n\n\n\n<div class=\"wp-block-file\"><a href=\"http:\/\/www.fumssar.com.br\/wp-content\/uploads\/2023\/03\/LC-83-ALTERA-LC-61.pdf\">LC-83-ALTERA-LC-61<\/a><a href=\"http:\/\/www.fumssar.com.br\/wp-content\/uploads\/2023\/03\/LC-83-ALTERA-LC-61.pdf\" class=\"wp-block-file__button\" download>Baixar<\/a><\/div>\n\n\n\n<div class=\"wp-block-file\"><a href=\"http:\/\/www.fumssar.com.br\/wp-content\/uploads\/2023\/03\/LC-87-ALTERA-LC-61.pdf\">LC-87-ALTERA-LC-61<\/a><a href=\"http:\/\/www.fumssar.com.br\/wp-content\/uploads\/2023\/03\/LC-87-ALTERA-LC-61.pdf\" class=\"wp-block-file__button\" download>Baixar<\/a><\/div>\n\n\n\n<div class=\"wp-block-file\"><a href=\"http:\/\/www.fumssar.com.br\/wp-content\/uploads\/2023\/03\/LC-94-ALTERA-LC-61-PIM.pdf\">LC-94-ALTERA-LC-61-PIM<\/a><a href=\"http:\/\/www.fumssar.com.br\/wp-content\/uploads\/2023\/03\/LC-94-ALTERA-LC-61-PIM.pdf\" class=\"wp-block-file__button\" download>Baixar<\/a><\/div>\n\n\n\n<div class=\"wp-block-file\"><a href=\"http:\/\/www.fumssar.com.br\/wp-content\/uploads\/2023\/03\/LC-96-ALTERA-LC-61.pdf\">LC-96-ALTERA-LC-61<\/a><a href=\"http:\/\/www.fumssar.com.br\/wp-content\/uploads\/2023\/03\/LC-96-ALTERA-LC-61.pdf\" class=\"wp-block-file__button\" download>Baixar<\/a><\/div>\n\n\n\n<div class=\"wp-block-file\"><a href=\"http:\/\/www.fumssar.com.br\/wp-content\/uploads\/2023\/03\/LC-100-ALTERA-LC-61.pdf\">LC-100-ALTERA-LC-61<\/a><a href=\"http:\/\/www.fumssar.com.br\/wp-content\/uploads\/2023\/03\/LC-100-ALTERA-LC-61.pdf\" class=\"wp-block-file__button\" download>Baixar<\/a><\/div>\n\n\n\n<div class=\"wp-block-file\"><a href=\"http:\/\/www.fumssar.com.br\/wp-content\/uploads\/2023\/03\/LC-102-ALTERA-LC-61.pdf\">LC-102-ALTERA-LC-61<\/a><a href=\"http:\/\/www.fumssar.com.br\/wp-content\/uploads\/2023\/03\/LC-102-ALTERA-LC-61.pdf\" class=\"wp-block-file__button\" download>Baixar<\/a><\/div>\n\n\n\n<div class=\"wp-block-file\"><a href=\"http:\/\/www.fumssar.com.br\/wp-content\/uploads\/2023\/03\/LC-109-ALTERA-LC-61.pdf\">LC-109-ALTERA-LC-61<\/a><a href=\"http:\/\/www.fumssar.com.br\/wp-content\/uploads\/2023\/03\/LC-109-ALTERA-LC-61.pdf\" class=\"wp-block-file__button\" download>Baixar<\/a><\/div>\n\n\n\n<div class=\"wp-block-file\"><a href=\"http:\/\/www.fumssar.com.br\/wp-content\/uploads\/2023\/03\/LC-110-ALT.-LC-61-ANEXO-I-CARGOS-EM-COMISS\u00c3O-CC-PLANO-DE-CARGOS-E-CARREIRAS-DA-FUMSSAR-PA-FUMSSAR-570-16.pdf\">LC-110-ALT.-LC-61-ANEXO-I-CARGOS-EM-COMISS\u00c3O-CC-PLANO-DE-CARGOS-E-CARREIRAS-DA-FUMSSAR-PA-FUMSSAR-570-16<\/a><a href=\"http:\/\/www.fumssar.com.br\/wp-content\/uploads\/2023\/03\/LC-110-ALT.-LC-61-ANEXO-I-CARGOS-EM-COMISS\u00c3O-CC-PLANO-DE-CARGOS-E-CARREIRAS-DA-FUMSSAR-PA-FUMSSAR-570-16.pdf\" class=\"wp-block-file__button\" download>Baixar<\/a><\/div>\n\n\n\n<div class=\"wp-block-file\"><a href=\"http:\/\/www.fumssar.com.br\/wp-content\/uploads\/2023\/03\/LC-112-Altera-a-LC-61-.pdf\">LC-112-Altera-a-LC-61-<\/a><a href=\"http:\/\/www.fumssar.com.br\/wp-content\/uploads\/2023\/03\/LC-112-Altera-a-LC-61-.pdf\" class=\"wp-block-file__button\" download>Baixar<\/a><\/div>\n\n\n\n<div class=\"wp-block-file\"><a href=\"http:\/\/www.fumssar.com.br\/wp-content\/uploads\/2023\/03\/LC-120-Alt-LC-61-cria-cargos-FGs-FUMSSAR.pdf\">LC-120-Alt-LC-61-cria-cargos-FGs-FUMSSAR<\/a><a href=\"http:\/\/www.fumssar.com.br\/wp-content\/uploads\/2023\/03\/LC-120-Alt-LC-61-cria-cargos-FGs-FUMSSAR.pdf\" class=\"wp-block-file__button\" download>Baixar<\/a><\/div>\n\n\n\n<div class=\"wp-block-file\"><a href=\"http:\/\/www.fumssar.com.br\/wp-content\/uploads\/2023\/03\/LC-127-Altera-a-LC-37-Junta-M\u00e9dica-atestados-Adicionais-2.pdf\">LC-127-Altera-a-LC-37-Junta-M\u00e9dica-atestados-Adicionais-2<\/a><a href=\"http:\/\/www.fumssar.com.br\/wp-content\/uploads\/2023\/03\/LC-127-Altera-a-LC-37-Junta-M\u00e9dica-atestados-Adicionais-2.pdf\" class=\"wp-block-file__button\" download>Baixar<\/a><\/div>\n\n\n\n<div class=\"wp-block-file\"><a href=\"http:\/\/www.fumssar.com.br\/wp-content\/uploads\/2023\/03\/LC-134-Alt-LC-61-dedica\u00e7\u00e3o-m\u00e9dicos.pdf\">LC-134-Alt-LC-61-dedica\u00e7\u00e3o-m\u00e9dicos<\/a><a href=\"http:\/\/www.fumssar.com.br\/wp-content\/uploads\/2023\/03\/LC-134-Alt-LC-61-dedica\u00e7\u00e3o-m\u00e9dicos.pdf\" class=\"wp-block-file__button\" download>Baixar<\/a><\/div>\n\n\n\n<div class=\"wp-block-file\"><a href=\"http:\/\/www.fumssar.com.br\/wp-content\/uploads\/2023\/03\/LC-137-Alt-LC-61-Cria-cargos-T\u00e9cnicos-de-Enfermagem.pdf\">LC-137-Alt-LC-61-Cria-cargos-T\u00e9cnicos-de-Enfermagem<\/a><a href=\"http:\/\/www.fumssar.com.br\/wp-content\/uploads\/2023\/03\/LC-137-Alt-LC-61-Cria-cargos-T\u00e9cnicos-de-Enfermagem.pdf\" class=\"wp-block-file__button\" download>Baixar<\/a><\/div>\n\n\n\n<div class=\"wp-block-file\"><a href=\"http:\/\/www.fumssar.com.br\/wp-content\/uploads\/2023\/03\/LC-142-altera-a-Lei-Complementar-61.pdf\">LC-142-altera-a-Lei-Complementar-61<\/a><a href=\"http:\/\/www.fumssar.com.br\/wp-content\/uploads\/2023\/03\/LC-142-altera-a-Lei-Complementar-61.pdf\" class=\"wp-block-file__button\" download>Baixar<\/a><\/div>\n\n\n\n<div class=\"wp-block-file\"><a href=\"http:\/\/www.fumssar.com.br\/wp-content\/uploads\/2023\/03\/LC-143-altera-a-Lei-Complementar-61.pdf\">LC-143-altera-a-Lei-Complementar-61<\/a><a href=\"http:\/\/www.fumssar.com.br\/wp-content\/uploads\/2023\/03\/LC-143-altera-a-Lei-Complementar-61.pdf\" class=\"wp-block-file__button\" download>Baixar<\/a><\/div>\n\n\n\n<div class=\"wp-block-file\"><a href=\"http:\/\/www.fumssar.com.br\/wp-content\/uploads\/2023\/03\/LC-171-Alt-LC-61-cria-cargos-FUMSSAR-M\u00e9dicos-Cl\u00ednico-Geral-IV-1.pdf\">LC-171-Alt-LC-61-cria-cargos-FUMSSAR-M\u00e9dicos-Cl\u00ednico-Geral-IV-1<\/a><a href=\"http:\/\/www.fumssar.com.br\/wp-content\/uploads\/2023\/03\/LC-171-Alt-LC-61-cria-cargos-FUMSSAR-M\u00e9dicos-Cl\u00ednico-Geral-IV-1.pdf\" class=\"wp-block-file__button\" download>Baixar<\/a><\/div>\n\n\n\n<div class=\"wp-block-file\"><a href=\"http:\/\/www.fumssar.com.br\/wp-content\/uploads\/2023\/03\/LC-172-Alt-LC-61-cria-cargos-FUMSSAR-Ag.-Adm-e-T\u00e9cnicos-em-Enfermagem.pdf\">LC-172-Alt-LC-61-cria-cargos-FUMSSAR-Ag.-Adm-e-T\u00e9cnicos-em-Enfermagem<\/a><a href=\"http:\/\/www.fumssar.com.br\/wp-content\/uploads\/2023\/03\/LC-172-Alt-LC-61-cria-cargos-FUMSSAR-Ag.-Adm-e-T\u00e9cnicos-em-Enfermagem.pdf\" class=\"wp-block-file__button\" download>Baixar<\/a><\/div>\n\n\n\n<div class=\"wp-block-file\"><a href=\"http:\/\/www.fumssar.com.br\/wp-content\/uploads\/2023\/03\/LC-177-Alt-61-10-Extingue-FGS-cria-FG-Ger-Rede-Aten-Psicos.FUMSSAR-PAF-44077_22-PLC-188-22-.pdf\">LC-177-Alt-61-10-Extingue-FGS-cria-FG-Ger-Rede-Aten-Psicos.FUMSSAR-PAF-44077_22-PLC-188-22-<\/a><a href=\"http:\/\/www.fumssar.com.br\/wp-content\/uploads\/2023\/03\/LC-177-Alt-61-10-Extingue-FGS-cria-FG-Ger-Rede-Aten-Psicos.FUMSSAR-PAF-44077_22-PLC-188-22-.pdf\" class=\"wp-block-file__button\" download>Baixar<\/a><\/div>\n","protected":false},"excerpt":{"rendered":"","protected":false},"author":16,"featured_media":0,"parent":0,"menu_order":0,"comment_status":"closed","ping_status":"closed","template":"","meta":{"footnotes":""},"_links":{"self":[{"href":"http:\/\/www.fumssar.com.br\/index.php?rest_route=\/wp\/v2\/pages\/23583"}],"collection":[{"href":"http:\/\/www.fumssar.com.br\/index.php?rest_route=\/wp\/v2\/pages"}],"about":[{"href":"http:\/\/www.fumssar.com.br\/index.php?rest_route=\/wp\/v2\/types\/page"}],"author":[{"embeddable":true,"href":"http:\/\/www.fumssar.com.br\/index.php?rest_route=\/wp\/v2\/users\/16"}],"replies":[{"embeddable":true,"href":"http:\/\/www.fumssar.com.br\/index.php?rest_route=%2Fwp%2Fv2%2Fcomments&post=23583"}],"version-history":[{"count":1,"href":"http:\/\/www.fumssar.com.br\/index.php?rest_route=\/wp\/v2\/pages\/23583\/revisions"}],"predecessor-version":[{"id":23607,"href":"http:\/\/www.fumssar.com.br\/index.php?rest_route=\/wp\/v2\/pages\/23583\/revisions\/23607"}],"wp:attachment":[{"href":"http:\/\/www.fumssar.com.br\/index.php?rest_route=%2Fwp%2Fv2%2Fmedia&parent=23583"}],"curies":[{"name":"wp","href":"https:\/\/api.w.org\/{rel}","templated":true}]}}