{"id":23553,"date":"2023-03-23T11:17:28","date_gmt":"2023-03-23T14:17:28","guid":{"rendered":"http:\/\/www.fumssar.com.br\/?page_id=23553"},"modified":"2023-03-23T11:17:29","modified_gmt":"2023-03-23T14:17:29","slug":"estatuto-do-servidor","status":"publish","type":"page","link":"http:\/\/www.fumssar.com.br\/?page_id=23553","title":{"rendered":"Estatuto do Servidor"},"content":{"rendered":"\n<div class=\"wp-block-file\"><a href=\"http:\/\/www.fumssar.com.br\/wp-content\/uploads\/2023\/03\/LC-37-ESTATUTO-DO-SERVIDOR-2.pdf\">LC-37-ESTATUTO-DO-SERVIDOR-2<\/a><a href=\"http:\/\/www.fumssar.com.br\/wp-content\/uploads\/2023\/03\/LC-37-ESTATUTO-DO-SERVIDOR-2.pdf\" class=\"wp-block-file__button\" download>Baixar<\/a><\/div>\n\n\n\n<div class=\"wp-block-file\"><a href=\"http:\/\/www.fumssar.com.br\/wp-content\/uploads\/2023\/03\/LC-45-1.pdf\">LC-45-1<\/a><a href=\"http:\/\/www.fumssar.com.br\/wp-content\/uploads\/2023\/03\/LC-45-1.pdf\" class=\"wp-block-file__button\" download>Baixar<\/a><\/div>\n\n\n\n<div class=\"wp-block-file\"><a href=\"http:\/\/www.fumssar.com.br\/wp-content\/uploads\/2023\/03\/LC-46-ALTERA-ART.-119-DA-LC-37-2007-ESTATUTO-1.pdf\">LC-46-ALTERA-ART.-119-DA-LC-37-2007-ESTATUTO-1<\/a><a href=\"http:\/\/www.fumssar.com.br\/wp-content\/uploads\/2023\/03\/LC-46-ALTERA-ART.-119-DA-LC-37-2007-ESTATUTO-1.pdf\" class=\"wp-block-file__button\" download>Baixar<\/a><\/div>\n\n\n\n<div class=\"wp-block-file\"><a href=\"http:\/\/www.fumssar.com.br\/wp-content\/uploads\/2023\/03\/LC-53-1.pdf\">LC-53-1<\/a><a href=\"http:\/\/www.fumssar.com.br\/wp-content\/uploads\/2023\/03\/LC-53-1.pdf\" class=\"wp-block-file__button\" download>Baixar<\/a><\/div>\n\n\n\n<div class=\"wp-block-file\"><a href=\"http:\/\/www.fumssar.com.br\/wp-content\/uploads\/2023\/03\/LC-59-1.pdf\">LC-59-1<\/a><a href=\"http:\/\/www.fumssar.com.br\/wp-content\/uploads\/2023\/03\/LC-59-1.pdf\" class=\"wp-block-file__button\" download>Baixar<\/a><\/div>\n\n\n\n<div class=\"wp-block-file\"><a href=\"http:\/\/www.fumssar.com.br\/wp-content\/uploads\/2023\/03\/LC-62-altera-lei-37-estatuto-1.pdf\">LC-62-altera-lei-37-estatuto-1<\/a><a href=\"http:\/\/www.fumssar.com.br\/wp-content\/uploads\/2023\/03\/LC-62-altera-lei-37-estatuto-1.pdf\" class=\"wp-block-file__button\" download>Baixar<\/a><\/div>\n\n\n\n<div class=\"wp-block-file\"><a href=\"http:\/\/www.fumssar.com.br\/wp-content\/uploads\/2023\/03\/LC-82-1.pdf\">LC-82-1<\/a><a href=\"http:\/\/www.fumssar.com.br\/wp-content\/uploads\/2023\/03\/LC-82-1.pdf\" class=\"wp-block-file__button\" download>Baixar<\/a><\/div>\n\n\n\n<div class=\"wp-block-file\"><a href=\"http:\/\/www.fumssar.com.br\/wp-content\/uploads\/2023\/03\/LC-106-Altera-a-LC-37-2007-1.pdf\">LC-106-Altera-a-LC-37-2007-1<\/a><a href=\"http:\/\/www.fumssar.com.br\/wp-content\/uploads\/2023\/03\/LC-106-Altera-a-LC-37-2007-1.pdf\" class=\"wp-block-file__button\" download>Baixar<\/a><\/div>\n\n\n\n<div class=\"wp-block-file\"><a href=\"http:\/\/www.fumssar.com.br\/wp-content\/uploads\/2023\/03\/LC-113-1.pdf\">LC-113-1<\/a><a href=\"http:\/\/www.fumssar.com.br\/wp-content\/uploads\/2023\/03\/LC-113-1.pdf\" class=\"wp-block-file__button\" download>Baixar<\/a><\/div>\n\n\n\n<div class=\"wp-block-file\"><a href=\"http:\/\/www.fumssar.com.br\/wp-content\/uploads\/2023\/03\/LC-127-Altera-a-LC-37-Junta-M\u00e9dica-atestados-Adicionais-1.pdf\">LC-127-Altera-a-LC-37-Junta-M\u00e9dica-atestados-Adicionais-1<\/a><a href=\"http:\/\/www.fumssar.com.br\/wp-content\/uploads\/2023\/03\/LC-127-Altera-a-LC-37-Junta-M\u00e9dica-atestados-Adicionais-1.pdf\" class=\"wp-block-file__button\" download>Baixar<\/a><\/div>\n\n\n\n<div class=\"wp-block-file\"><a href=\"http:\/\/www.fumssar.com.br\/wp-content\/uploads\/2023\/03\/LC-136-1.pdf\">LC-136-1<\/a><a href=\"http:\/\/www.fumssar.com.br\/wp-content\/uploads\/2023\/03\/LC-136-1.pdf\" class=\"wp-block-file__button\" download>Baixar<\/a><\/div>\n\n\n\n<div class=\"wp-block-file\"><a href=\"http:\/\/www.fumssar.com.br\/wp-content\/uploads\/2023\/03\/LC-141-altera-a-reda\u00e7\u00e3o-da-LC-37-1.pdf\">LC-141-altera-a-reda\u00e7\u00e3o-da-LC-37-1<\/a><a href=\"http:\/\/www.fumssar.com.br\/wp-content\/uploads\/2023\/03\/LC-141-altera-a-reda\u00e7\u00e3o-da-LC-37-1.pdf\" class=\"wp-block-file__button\" download>Baixar<\/a><\/div>\n\n\n\n<div class=\"wp-block-file\"><a href=\"http:\/\/www.fumssar.com.br\/wp-content\/uploads\/2023\/03\/LC-155-Altera-LC-37-Contrata\u00e7\u00e3o-Tempor\u00e1ria-1.pdf\">LC-155-Altera-LC-37-Contrata\u00e7\u00e3o-Tempor\u00e1ria-1<\/a><a href=\"http:\/\/www.fumssar.com.br\/wp-content\/uploads\/2023\/03\/LC-155-Altera-LC-37-Contrata\u00e7\u00e3o-Tempor\u00e1ria-1.pdf\" class=\"wp-block-file__button\" download>Baixar<\/a><\/div>\n","protected":false},"excerpt":{"rendered":"","protected":false},"author":16,"featured_media":0,"parent":0,"menu_order":0,"comment_status":"closed","ping_status":"closed","template":"","meta":{"footnotes":""},"_links":{"self":[{"href":"http:\/\/www.fumssar.com.br\/index.php?rest_route=\/wp\/v2\/pages\/23553"}],"collection":[{"href":"http:\/\/www.fumssar.com.br\/index.php?rest_route=\/wp\/v2\/pages"}],"about":[{"href":"http:\/\/www.fumssar.com.br\/index.php?rest_route=\/wp\/v2\/types\/page"}],"author":[{"embeddable":true,"href":"http:\/\/www.fumssar.com.br\/index.php?rest_route=\/wp\/v2\/users\/16"}],"replies":[{"embeddable":true,"href":"http:\/\/www.fumssar.com.br\/index.php?rest_route=%2Fwp%2Fv2%2Fcomments&post=23553"}],"version-history":[{"count":1,"href":"http:\/\/www.fumssar.com.br\/index.php?rest_route=\/wp\/v2\/pages\/23553\/revisions"}],"predecessor-version":[{"id":23581,"href":"http:\/\/www.fumssar.com.br\/index.php?rest_route=\/wp\/v2\/pages\/23553\/revisions\/23581"}],"wp:attachment":[{"href":"http:\/\/www.fumssar.com.br\/index.php?rest_route=%2Fwp%2Fv2%2Fmedia&parent=23553"}],"curies":[{"name":"wp","href":"https:\/\/api.w.org\/{rel}","templated":true}]}}