{"id":233,"date":"2013-12-02T15:25:53","date_gmt":"2013-12-02T15:25:53","guid":{"rendered":"http:\/\/www.fumssar.com.br\/?page_id=233"},"modified":"2021-05-19T14:27:16","modified_gmt":"2021-05-19T17:27:16","slug":"departamento-de-gestao-estrategica-e-participativa","status":"publish","type":"page","link":"http:\/\/www.fumssar.com.br\/?page_id=233","title":{"rendered":"Departamento de Gest\u00e3o Estrat\u00e9gica e Participativa"},"content":{"rendered":"<h3><strong>Departamento de Gest\u00e3o Estrat\u00e9gica e Participativa<\/strong><\/h3>\n<h4><strong>Contatos<\/strong><\/h4>\n<p><strong>Telefone:<\/strong> (55) 3513-5115 | 3513-5116<br \/>\n<strong>Email:<\/strong> gestaoestrategica@fumssar.com.br<\/p>\n<p>&#8212;<\/p>\n<h4><strong>Endere\u00e7o<\/strong><\/h4>\n<p>Rua Francisco Timm, 480, Centro, Santa Rosa &#8211; RS, 98780-803<\/p>\n<p><iframe loading=\"lazy\" style=\"border: 0;\" src=\"https:\/\/www.google.com\/maps\/embed?pb=!1m18!1m12!1m3!1d1041.231337642245!2d-54.48518296234165!3d-27.868571722568547!2m3!1f0!2f0!3f0!3m2!1i1024!2i768!4f13.1!3m3!1m2!1s0x94f9343427dfe3b7%3A0xd098ba264976a973!2sR.+Dr.+Francisco+Timm%2C+480+-+Centro%2C+Santa+Rosa+-+RS%2C+98900-000!5e1!3m2!1spt-BR!2sbr!4v1467921740795\" width=\"400\" height=\"300\" frameborder=\"0\" allowfullscreen=\"allowfullscreen\"><\/iframe><\/p>\n<p>&#8212;<\/p>\n<h4><strong>Atividades<\/strong><\/h4>\n<p align=\"justify\">O Departamento de Gest\u00e3o Estrat\u00e9gica e Participativa disponibiliza e busca de informa\u00e7\u00f5es de sa\u00fade, especialmente das redes de aten\u00e7\u00e3o \u00e0 sa\u00fade, o acompanhamento de projetos, o acompanhamento do Sistema de Gest\u00e3o, o acompanhamento das metas, repasses, coberturas e indicadores de sa\u00fade, monitorando obras e programas do FNS (Fundo Nacional de Sa\u00fade) para a tomada de decis\u00f5es atrav\u00e9s de elabora\u00e7\u00e3o de Relat\u00f3rios das atividades realizadas nos diversos setores da Fumssar, buscando o aprimoramento das Pol\u00edticas P\u00fablicas de Sa\u00fade atrav\u00e9s da participa\u00e7\u00e3o em reuni\u00f5es nos Conselhos Municipais, na Coordenadoria Estadual de Sa\u00fade, na Secretaria Estadual de Sa\u00fade procurando manter os interesses da popula\u00e7\u00e3o, garantindo acesso a todos os usu\u00e1rios do SUS em nosso munic\u00edpio.<\/p>\n<p align=\"justify\">Assim, a gest\u00e3o estrat\u00e9gica e participativa constitui-se em um conjunto de atividades voltadas ao aprimoramento da gest\u00e3o do SUS, visando a maior efic\u00e1cia, efici\u00eancia e efetividade, por meio de a\u00e7\u00f5es que incluem o apoio ao controle social, \u00e0 educa\u00e7\u00e3o popular, \u00e0 mobiliza\u00e7\u00e3o social, \u00e0 busca da equidade, ao monitoramento e avalia\u00e7\u00e3o, \u00e0 ouvidoria, \u00e0 auditoria e \u00e0 gest\u00e3o da \u00e9tica nos servi\u00e7os p\u00fablicos de sa\u00fade.<\/p>\n","protected":false},"excerpt":{"rendered":"<p>Departamento de Gest\u00e3o Estrat\u00e9gica e Participativa Contatos Telefone: (55) 3513-5115 | 3513-5116 Email: gestaoestrategica@fumssar.com.br &#8212;&#8230;<\/p>\n","protected":false},"author":1,"featured_media":0,"parent":31,"menu_order":0,"comment_status":"closed","ping_status":"open","template":"","meta":{"footnotes":""},"_links":{"self":[{"href":"http:\/\/www.fumssar.com.br\/index.php?rest_route=\/wp\/v2\/pages\/233"}],"collection":[{"href":"http:\/\/www.fumssar.com.br\/index.php?rest_route=\/wp\/v2\/pages"}],"about":[{"href":"http:\/\/www.fumssar.com.br\/index.php?rest_route=\/wp\/v2\/types\/page"}],"author":[{"embeddable":true,"href":"http:\/\/www.fumssar.com.br\/index.php?rest_route=\/wp\/v2\/users\/1"}],"replies":[{"embeddable":true,"href":"http:\/\/www.fumssar.com.br\/index.php?rest_route=%2Fwp%2Fv2%2Fcomments&post=233"}],"version-history":[{"count":33,"href":"http:\/\/www.fumssar.com.br\/index.php?rest_route=\/wp\/v2\/pages\/233\/revisions"}],"predecessor-version":[{"id":17133,"href":"http:\/\/www.fumssar.com.br\/index.php?rest_route=\/wp\/v2\/pages\/233\/revisions\/17133"}],"up":[{"embeddable":true,"href":"http:\/\/www.fumssar.com.br\/index.php?rest_route=\/wp\/v2\/pages\/31"}],"wp:attachment":[{"href":"http:\/\/www.fumssar.com.br\/index.php?rest_route=%2Fwp%2Fv2%2Fmedia&parent=233"}],"curies":[{"name":"wp","href":"https:\/\/api.w.org\/{rel}","templated":true}]}}