{"id":2315,"date":"2014-08-28T12:07:47","date_gmt":"2014-08-28T12:07:47","guid":{"rendered":"http:\/\/www.fumssar.com.br\/?page_id=2315"},"modified":"2023-09-22T09:41:01","modified_gmt":"2023-09-22T12:41:01","slug":"telefones","status":"publish","type":"page","link":"http:\/\/www.fumssar.com.br\/?page_id=2315","title":{"rendered":"Telefones"},"content":{"rendered":"<h4>Telefones FUMSSAR<\/h4>\n<p>3513-5100 &#8211; FUMSSAR (Telefonista)<br \/>\n3513-5103 &#8211; Administrativo<br \/>\n3513-5102 &#8211; Assessoria de Comunica\u00e7\u00e3o<br \/>\n3513-5161 &#8211; Farm\u00e1cia Municipal | Assist\u00eancia Farmac\u00eautica<br \/>\n3513-5118 &#8211; Aten\u00e7\u00e3o B\u00e1sica<br \/>\n3513-5127 &#8211; Atendimento GRCS<br \/>\n3513-5157 &#8211; CAPS<br \/>\n3513-5158 &#8211; CAPS AD \/ Redu\u00e7\u00e3o de Danos<br \/>\n3513-5162 &#8211; Central de Distribui\u00e7\u00e3o de Medicamentos<br \/>\n3513-5159 &#8211; Centro de Especialidades SAAPS<br \/>\n3513-5165 &#8211; CEREST<br \/>\n3513-5138 &#8211; Conselho Municipal de Sa\u00fade<br \/>\n3513-5106 &#8211; Financeiro<br \/>\n3513-5115 &#8211; Gest\u00e3o Estrat\u00e9gica<br \/>\n3513-5144 &#8211; Hemocentro Distribui\u00e7\u00e3o<br \/>\n3513-5140 &#8211; Hemocentro Recep\u00e7\u00e3o<br \/>\n3513-5190 &#8211; Inform\u00e1tica Infraestrutura<br \/>\n3513-5192 &#8211; Inform\u00e1tica Coordena\u00e7\u00e3o<br \/>\n3513-5195 &#8211; Inform\u00e1tica SISTEMAS IPM (Luis)<br \/>\n3513-5136 &#8211; Jur\u00eddico<br \/>\n3513-5163 &#8211; Laborat\u00f3rio de An\u00e1lises Cl\u00ednicas<br \/>\n3513-5150 &#8211; Material e Patrim\u00f4nio<br \/>\n3513-5151 &#8211; Material e Patrim\u00f4nio<br \/>\n3513-5164 &#8211; NEP<br \/>\n3513-5112 &#8211; Pessoal<br \/>\n3513-5131 &#8211; Refer\u00eancia e Contra Refer\u00eancia<br \/>\n3513-5124 &#8211; Regula\u00e7\u00e3o<br \/>\n3513-5160 &#8211; SAE<br \/>\n3513-5133 &#8211; Transporte<br \/>\n3513-5134 &#8211; Transporte<br \/>\n3513-5166 &#8211; UBS Agr\u00edcola<br \/>\n3513-5167 &#8211; UBS Auxiliadora<br \/>\n3513-5168 &#8211; UBS Balne\u00e1ria<br \/>\n3513-5169 &#8211; UBS Beatriz Oliveira<br \/>\n3513-5183 &#8211; UBS Bela Uni\u00e3o<br \/>\n3513-5170 &#8211; UBS Centro<br \/>\n3513-5171 &#8211; UBS Cruzeiro<br \/>\n3513-5172 &#8211; UBS Cruzeiro do Sul<br \/>\n3513-5173 &#8211; UBS Esperan\u00e7a<br \/>\n3513-5174 &#8211; UBS Gl\u00f3ria<br \/>\n3513-5175 &#8211; UBS Guia Lopes<br \/>\n3513-5176 &#8211; UBS Jardim Petr\u00f3polis<br \/>\n3513-5177 &#8211; UBS Julio de Oliveira<br \/>\n3513-5178 &#8211; UBS Pereira<br \/>\n3513-5179 &#8211; UBS Planalto<br \/>\n3513-5184 &#8211; UBS Prisional<br \/>\n3513-5180 &#8211; UBS Sete de Setembro<br \/>\n3513-5181 &#8211; UBS Sulina<br \/>\n3513-5182 &#8211; UBS Timba\u00fava<br \/>\n3513-5155 &#8211; Vigil\u00e2ncia em Sa\u00fade (Vigil\u00e2ncia Sanit\u00e1ria)<br \/>\n3513-5156 &#8211; Vigil\u00e2ncia em Sa\u00fade (Vigil\u00e2ncia Epidemiol\u00f3gica)<\/p>\n","protected":false},"excerpt":{"rendered":"<p>Telefones FUMSSAR 3513-5100 &#8211; FUMSSAR (Telefonista) 3513-5103 &#8211; Administrativo 3513-5102 &#8211; Assessoria de Comunica\u00e7\u00e3o 3513-5161&#8230;<\/p>\n","protected":false},"author":1,"featured_media":0,"parent":0,"menu_order":0,"comment_status":"closed","ping_status":"open","template":"","meta":{"footnotes":""},"_links":{"self":[{"href":"http:\/\/www.fumssar.com.br\/index.php?rest_route=\/wp\/v2\/pages\/2315"}],"collection":[{"href":"http:\/\/www.fumssar.com.br\/index.php?rest_route=\/wp\/v2\/pages"}],"about":[{"href":"http:\/\/www.fumssar.com.br\/index.php?rest_route=\/wp\/v2\/types\/page"}],"author":[{"embeddable":true,"href":"http:\/\/www.fumssar.com.br\/index.php?rest_route=\/wp\/v2\/users\/1"}],"replies":[{"embeddable":true,"href":"http:\/\/www.fumssar.com.br\/index.php?rest_route=%2Fwp%2Fv2%2Fcomments&post=2315"}],"version-history":[{"count":10,"href":"http:\/\/www.fumssar.com.br\/index.php?rest_route=\/wp\/v2\/pages\/2315\/revisions"}],"predecessor-version":[{"id":25236,"href":"http:\/\/www.fumssar.com.br\/index.php?rest_route=\/wp\/v2\/pages\/2315\/revisions\/25236"}],"wp:attachment":[{"href":"http:\/\/www.fumssar.com.br\/index.php?rest_route=%2Fwp%2Fv2%2Fmedia&parent=2315"}],"curies":[{"name":"wp","href":"https:\/\/api.w.org\/{rel}","templated":true}]}}