{"id":220,"date":"2013-12-02T13:07:40","date_gmt":"2013-12-02T13:07:40","guid":{"rendered":"http:\/\/www.fumssar.com.br\/?page_id=220"},"modified":"2022-06-28T09:16:55","modified_gmt":"2022-06-28T12:16:55","slug":"conselho-municipal-de-saude","status":"publish","type":"page","link":"http:\/\/www.fumssar.com.br\/?page_id=220","title":{"rendered":"Conselho Municipal de Sa\u00fade"},"content":{"rendered":"\n<ul><li><a href=\"http:\/\/www.fumssar.com.br\/?page_id=337\"><strong>Sobre o Conselho<\/strong><\/a><\/li><\/ul>\n\n\n\n<ul><li><a href=\"http:\/\/www.fumssar.com.br\/?cat=180\"><strong>Atas<\/strong><\/a><\/li><\/ul>\n\n\n\n<ul><li><a href=\"http:\/\/www.fumssar.com.br\/?cat=179\"><strong>Leis<\/strong><\/a><\/li><\/ul>\n\n\n\n<ul><li><a href=\"http:\/\/www.fumssar.com.br\/?cat=31\"><strong>Resolu\u00e7\u00f5es<\/strong><\/a><\/li><\/ul>\n\n\n\n<ul><li><strong><a href=\"http:\/\/www.fumssar.com.br\/?cat=188\">Comiss\u00f5es<\/a><\/strong><\/li><\/ul>\n\n\n\n<ul><li><a href=\"http:\/\/www.fumssar.com.br\/?cat=213\"><strong>Or\u00e7amento Financeiro<\/strong><\/a><\/li><\/ul>\n\n\n\n<p><\/p>\n\n\n\n<p><\/p>\n","protected":false},"excerpt":{"rendered":"<p>Sobre o Conselho Atas Leis Resolu\u00e7\u00f5es Comiss\u00f5es Or\u00e7amento Financeiro<\/p>\n","protected":false},"author":1,"featured_media":0,"parent":0,"menu_order":0,"comment_status":"closed","ping_status":"open","template":"","meta":{"footnotes":""},"_links":{"self":[{"href":"http:\/\/www.fumssar.com.br\/index.php?rest_route=\/wp\/v2\/pages\/220"}],"collection":[{"href":"http:\/\/www.fumssar.com.br\/index.php?rest_route=\/wp\/v2\/pages"}],"about":[{"href":"http:\/\/www.fumssar.com.br\/index.php?rest_route=\/wp\/v2\/types\/page"}],"author":[{"embeddable":true,"href":"http:\/\/www.fumssar.com.br\/index.php?rest_route=\/wp\/v2\/users\/1"}],"replies":[{"embeddable":true,"href":"http:\/\/www.fumssar.com.br\/index.php?rest_route=%2Fwp%2Fv2%2Fcomments&post=220"}],"version-history":[{"count":10,"href":"http:\/\/www.fumssar.com.br\/index.php?rest_route=\/wp\/v2\/pages\/220\/revisions"}],"predecessor-version":[{"id":21379,"href":"http:\/\/www.fumssar.com.br\/index.php?rest_route=\/wp\/v2\/pages\/220\/revisions\/21379"}],"wp:attachment":[{"href":"http:\/\/www.fumssar.com.br\/index.php?rest_route=%2Fwp%2Fv2%2Fmedia&parent=220"}],"curies":[{"name":"wp","href":"https:\/\/api.w.org\/{rel}","templated":true}]}}