{"id":209,"date":"2013-12-02T12:37:25","date_gmt":"2013-12-02T12:37:25","guid":{"rendered":"http:\/\/www.fumssar.com.br\/?page_id=209"},"modified":"2021-06-22T15:09:05","modified_gmt":"2021-06-22T18:09:05","slug":"sobre-o-posto","status":"publish","type":"page","link":"http:\/\/www.fumssar.com.br\/?page_id=209","title":{"rendered":"Unidades de Sa\u00fade > Posto de Sa\u00fade Jardim Petropolis > Sobre o Posto"},"content":{"rendered":"<h3><strong>Jardim Petr\u00f3polis<\/strong><\/h3>\n<h4><strong>Contatos<\/strong><\/h4>\n<p><strong>Telefone:<\/strong> (55) 3513-5176 | 99620-9976<br \/>\n<strong>Email:<\/strong> ubsjardimpetropolis@fumssar.com.br<\/p>\n<p>&#8212;<\/p>\n<h4><strong>Endere\u00e7o<\/strong><\/h4>\n<p>Rua Bangu, 12, Jardim Petr\u00f3polis, Santa Rosa &#8211; RS<\/p>\n<p><iframe loading=\"lazy\" style=\"border: 0;\" src=\"https:\/\/www.google.com\/maps\/embed?pb=!1m18!1m12!1m3!1d1047.0514477246243!2d-54.49216585259784!3d-27.866642603431362!2m3!1f0!2f0!3f0!3m2!1i1024!2i768!4f13.1!3m3!1m2!1s0x0%3A0x0!2zMjfCsDUxJzU5LjkiUyA1NMKwMjknMjkuNSJX!5e1!3m2!1spt-BR!2sbr!4v1467913936912\" width=\"400\" height=\"400\" frameborder=\"0\" allowfullscreen=\"allowfullscreen\"><\/iframe><\/p>\n<p>&#8212;<\/p>\n<p><strong>Hor\u00e1rio de atendimento:<\/strong><br \/>\nSegunda-feira a sexta-feira<br \/>\nManh\u00e3: 7:30h \u00e0s 11:30h<br \/>\nTarde: 13:30h \u00e0s 17:30h<\/p>\n<p>&#8212;<\/p>\n<h4><strong>Equipe<\/strong><\/h4>\n<p><a href=\"http:\/\/www.fumssar.com.br\/wp-content\/uploads\/2016\/10\/Jardim-Petr\u00f3polis.pdf\" target=\"_blank\" rel=\"noopener noreferrer\"><img decoding=\"async\" class=\"\" src=\"http:\/\/www.fumssar.com.br\/wp-content\/uploads\/2016\/10\/botao-profissionais-da-UBS.jpg\" alt=\"\" width=\"\" height=\"\" \/><\/a><\/p>\n<p><a href=\"http:\/\/www.fumssar.com.br\/wp-content\/uploads\/2016\/07\/equipe-petropolis.jpg\"><img decoding=\"async\" class=\"alignnone size-medium wp-image-346\" src=\"http:\/\/www.fumssar.com.br\/wp-content\/uploads\/2016\/07\/equipe-petropolis.jpg\" alt=\"equipe-ubs-Jardim-Petropolis\" width=\"300\" \/><\/a><\/p>\n<p>&#8212;<\/p>\n<h4><strong>Hist\u00f3rico<\/strong><\/h4>\n<p>A Unidade De Sa\u00fade Jardim Petr\u00f3polis teve inicio de suas atividades com data de inaugura\u00e7\u00e3o em 19 de novembro de 2012, anteriormente a esta data, os atendimentos eram prestados pela unidade de sa\u00fade da Sulina, que abrangia todo o distrito incluindo o Posto de Sa\u00fade Avan\u00e7ado De Guia Lopes.<\/p>\n<p>Atualmente a Unidade de Sa\u00fade Jardim Petr\u00f3polis juntamente com o Posto de Sa\u00fade Avan\u00e7ado de Guia Lopes atende em torno de 5000 habitantes.<\/p>\n<p>\u00c1rea de abrang\u00eancia:<\/p>\n<p>Comunidades da Nova Sulina, Jardim Petr\u00f3polis, Vila Branca, Vila Guarani, Alto do Prenda, e toda Guia Lopes, Vale da B\u00ean\u00e7\u00e3o.<br \/>\nInstitui\u00e7\u00e3o:<br \/>\nEscola Estadual Pedro Meinertz, Escola Municipal Nossa Senhora de F\u00e1tima, Escola Municipal Infantil Crescer Feliz, Escola Municipal Educa\u00e7\u00e3o infantil Espa\u00e7o da Crian\u00e7a, Escola Estadual Ermindo Vier e frigor\u00edfico Aliben.<\/p>\n<p>A unidade voltada ao programa de sa\u00fade da fam\u00edlia, visando a preven\u00e7\u00e3o e promo\u00e7\u00e3o de sa\u00fade disponibilizando servi\u00e7os a comunidade local.<\/p>\n","protected":false},"excerpt":{"rendered":"<p>Jardim Petr\u00f3polis Contatos Telefone: (55) 3513-5176 | 99620-9976 Email: ubsjardimpetropolis@fumssar.com.br &#8212; Endere\u00e7o Rua Bangu, 12,&#8230;<\/p>\n","protected":false},"author":1,"featured_media":0,"parent":207,"menu_order":0,"comment_status":"closed","ping_status":"open","template":"","meta":{"footnotes":""},"_links":{"self":[{"href":"http:\/\/www.fumssar.com.br\/index.php?rest_route=\/wp\/v2\/pages\/209"}],"collection":[{"href":"http:\/\/www.fumssar.com.br\/index.php?rest_route=\/wp\/v2\/pages"}],"about":[{"href":"http:\/\/www.fumssar.com.br\/index.php?rest_route=\/wp\/v2\/types\/page"}],"author":[{"embeddable":true,"href":"http:\/\/www.fumssar.com.br\/index.php?rest_route=\/wp\/v2\/users\/1"}],"replies":[{"embeddable":true,"href":"http:\/\/www.fumssar.com.br\/index.php?rest_route=%2Fwp%2Fv2%2Fcomments&post=209"}],"version-history":[{"count":22,"href":"http:\/\/www.fumssar.com.br\/index.php?rest_route=\/wp\/v2\/pages\/209\/revisions"}],"predecessor-version":[{"id":17691,"href":"http:\/\/www.fumssar.com.br\/index.php?rest_route=\/wp\/v2\/pages\/209\/revisions\/17691"}],"up":[{"embeddable":true,"href":"http:\/\/www.fumssar.com.br\/index.php?rest_route=\/wp\/v2\/pages\/207"}],"wp:attachment":[{"href":"http:\/\/www.fumssar.com.br\/index.php?rest_route=%2Fwp%2Fv2%2Fmedia&parent=209"}],"curies":[{"name":"wp","href":"https:\/\/api.w.org\/{rel}","templated":true}]}}